{"id":25071,"date":"2020-12-24T10:17:40","date_gmt":"2020-12-24T09:17:40","guid":{"rendered":"https:\/\/www.interbusinesschamber.com\/produit\/passiflora-100-60-comprimes\/"},"modified":"2020-12-25T15:21:55","modified_gmt":"2020-12-25T14:21:55","slug":"passiflora-100-60-comprimes","status":"publish","type":"product","link":"https:\/\/www.sopha-sahara.com\/en\/product\/passiflora-100-60-comprimes\/","title":{"rendered":"Passiflora 100% 60 comprim\u00e9s"},"content":{"rendered":"<div class=\"prodsch_txt\">\n<div>\n<div><strong>PHARMALIFE RESEARCH PASSIFLORA 100%<\/strong><\/div>\n<div>Compl\u00e9ment alimentaire<\/p>\n<p>La fleur de la passion est un rem\u00e8de naturel contre l'anxi\u00e9t\u00e9 et l'insomnie. Des recherches r\u00e9centes confirment que l'extrait standardis\u00e9 de passiflore r\u00e9duit l'anxi\u00e9t\u00e9 et favorise une attitude positive.<\/p>\n<p>CONTENU NET 30 grammes<\/p>\n<p>STOCKAGE: Garder dans un endroit frais et sec.<\/p>\n<div>\n<h4 class=\"tabnut_tit\">INFORMATION NUTRITIONNELLE<\/h4>\n<div class=\"tabnut_table\">\n<table class=\"iaftable\" cellspacing=\"0\">\n<tbody>\n<tr>\n<td class=\"tabnut_medsep-top\">\n<div>\n<p><strong>Analyse moyenne<\/strong><\/p>\n<\/div>\n<\/td>\n<td class=\"tabnut_medsep-top\"><strong>Par 100g<\/strong><\/td>\n<td class=\"tabnut_medsep-top\"><strong>Par dose quotidienne (4 comprim\u00e9s)<\/strong><\/td>\n<\/tr>\n<tr>\n<td class=\"tabnut_medsep-btm\">Passiflore e.s.<br \/>dont de vitexine<\/td>\n<td class=\"tabnut_medsep-btm\">\n<div>30g<\/div>\n<div>1,05g<\/div>\n<\/td>\n<td class=\"tabnut_medsep-btm\">\n<div>0,6g<\/div>\n<div>0,02g<\/div>\n<\/td>\n<\/tr>\n<\/tbody>\n<\/table>\n<\/div>\n<\/div>\n<p>\u00a0<\/p><\/div>\n<div>\u00a0<\/div>\n<div class=\"iaf_ingred tabnut_table\"><strong>Ingr\u00e9dients:\u00a0<\/strong>normalis\u00e9 \u00e0 3,5% d'extrait sec de passiflore (Passiflora incarn\u00e9) en vitexine, la cellulose, le phosphate de calcium, le st\u00e9arate de magn\u00e9sium, dioxyde de silicium<\/div>\n<\/div>\n<\/div>\n<div class=\"prodsch_avvert\">\n<div>Lisez attentivement l\u2019\u00e9tiquette et les informations concernant le produit ainsi que le mode d\u2019emploi.<br \/>Ne pas d\u00e9passer la dose journali\u00e8re indiqu\u00e9e.<br \/>Tenir hors de port\u00e9e des jeunes enfants.<br \/>Les compl\u00e9ments alimentaires ne soient utilis\u00e9s comme substituts d'un r\u00e9gime alimentaire vari\u00e9.<\/div>\n<div>IAF network vous rappelled l\u2019importance d\u2019une alimentation vari\u00e9e et \u00e9quilibr\u00e9e et \u00e0 un mode de vie sain.<\/div>\n<\/div>","protected":false},"excerpt":{"rendered":"<p>Pharmalife Research Passiflora 100% 60 comprim\u00e9s. La fleur de la passion est un rem\u00e8de naturel contre l&rsquo;anxi\u00e9t\u00e9 et l&rsquo;insomnie. Des recherches r\u00e9centes confirment que l&rsquo;extrait standardis\u00e9 de passiflore r\u00e9duit l&rsquo;anxi\u00e9t\u00e9 et favorise une attitude positive.<\/p>","protected":false},"featured_media":25344,"template":"","meta":{"arc_restricted_post":false},"product_cat":[49,347],"product_tag":[],"_links":{"self":[{"href":"https:\/\/www.sopha-sahara.com\/en\/wp-json\/wp\/v2\/product\/25071"}],"collection":[{"href":"https:\/\/www.sopha-sahara.com\/en\/wp-json\/wp\/v2\/product"}],"about":[{"href":"https:\/\/www.sopha-sahara.com\/en\/wp-json\/wp\/v2\/types\/product"}],"wp:featuredmedia":[{"embeddable":true,"href":"https:\/\/www.sopha-sahara.com\/en\/wp-json\/wp\/v2\/media\/25344"}],"wp:attachment":[{"href":"https:\/\/www.sopha-sahara.com\/en\/wp-json\/wp\/v2\/media?parent=25071"}],"wp:term":[{"taxonomy":"product_cat","embeddable":true,"href":"https:\/\/www.sopha-sahara.com\/en\/wp-json\/wp\/v2\/product_cat?post=25071"},{"taxonomy":"product_tag","embeddable":true,"href":"https:\/\/www.sopha-sahara.com\/en\/wp-json\/wp\/v2\/product_tag?post=25071"}],"curies":[{"name":"wp","href":"https:\/\/api.w.org\/{rel}","templated":true}]}}