{"id":25070,"date":"2020-12-24T10:17:38","date_gmt":"2020-12-24T09:17:38","guid":{"rendered":"https:\/\/www.interbusinesschamber.com\/produit\/avena-30-75ml\/"},"modified":"2020-12-25T12:30:16","modified_gmt":"2020-12-25T11:30:16","slug":"avena-30-75ml","status":"publish","type":"product","link":"https:\/\/www.sopha-sahara.com\/en\/product\/avena-30-75ml\/","title":{"rendered":"Avena 30% 75ml"},"content":{"rendered":"<div><strong>PHARMALIFE RESEARCH AVENA 30%<\/strong><\/div>\n<div>\n<p>C<span id=\"result_box\" class=\"short_text\" lang=\"fr\"><span class=\"hps\">r\u00e8me<\/span>\u00a0<span class=\"hps\">pommade\u00a0<\/span><span class=\"hps\">avec<\/span>\u00a0<span class=\"hps\">extrait d'Avena<\/span><\/span><\/p>\n<p>CR\u00c8ME POMMADE AVOINE avec une concentration \u00e9lev\u00e9e de substances fonctionnelles v\u00e9g\u00e9tales, est un produit innovant caract\u00e9ris\u00e9 par la pr\u00e9sence de 30 % d\u2019Avoine, qui exerce une action apaisante et \u00e9molliente, tout en soulageant imm\u00e9diatement les irritations et les rougeurs en tout genre. L\u2019extrait d\u2019Avoine conf\u00e8re au produit une tol\u00e9rabilit\u00e9 \u00e9lev\u00e9e et il garantit \u00e9galement une hydratation profonde et durable.<\/p>\n<p>RECOMMENDATION: appliquer sur les parties concern\u00e9es et masser d\u00e9licatement jusqu\u2019\u00e0 absorption compl\u00e8te.<\/p>\n<p>INGR\u00c9DIENTS: Aqua [Water], Glycerin, Caprylic\/ Capric Triglyceride, Cetyl Alcohol, Glyceryl Stearate, Cyclopentasiloxane, Hydrolyzed Oat Protein, Parfum [Fragrance], Avena Sativa Kernel Extract [Avena Sativa (Oat) Kernel Extract], Dimethicone, Ceteth-20, Steareth- 20, Saccharide Isomerate, Sodium Dehydroacetate, Tocopherol, Edta, Imidazolidinyl Urea, Triethyl Citrate, Citric Acid, Sodium Citrate, Lactic Acid.<\/p>\n<p>CONTENU NET: 75ml<\/p>\n<p>STOCKAGE: Garder dans un endroit frais et sec.<\/p><\/div>\n","protected":false},"excerpt":{"rendered":"<p>Pharmalife Research Avena 30% 75ml. CR\u00c8ME POMMADE AVOINE avec une concentration \u00e9lev\u00e9e de substances fonctionnelles v\u00e9g\u00e9tales, est un produit innovant caract\u00e9ris\u00e9 par la pr\u00e9sence de 30 % d\u2019Avoine, qui exerce une action apaisante et \u00e9molliente, tout en soulageant imm\u00e9diatement les irritations et les rougeurs en tout genre.<\/p>","protected":false},"featured_media":25234,"template":"","meta":{"arc_restricted_post":false},"product_cat":[49,347],"product_tag":[],"_links":{"self":[{"href":"https:\/\/www.sopha-sahara.com\/en\/wp-json\/wp\/v2\/product\/25070"}],"collection":[{"href":"https:\/\/www.sopha-sahara.com\/en\/wp-json\/wp\/v2\/product"}],"about":[{"href":"https:\/\/www.sopha-sahara.com\/en\/wp-json\/wp\/v2\/types\/product"}],"wp:featuredmedia":[{"embeddable":true,"href":"https:\/\/www.sopha-sahara.com\/en\/wp-json\/wp\/v2\/media\/25234"}],"wp:attachment":[{"href":"https:\/\/www.sopha-sahara.com\/en\/wp-json\/wp\/v2\/media?parent=25070"}],"wp:term":[{"taxonomy":"product_cat","embeddable":true,"href":"https:\/\/www.sopha-sahara.com\/en\/wp-json\/wp\/v2\/product_cat?post=25070"},{"taxonomy":"product_tag","embeddable":true,"href":"https:\/\/www.sopha-sahara.com\/en\/wp-json\/wp\/v2\/product_tag?post=25070"}],"curies":[{"name":"wp","href":"https:\/\/api.w.org\/{rel}","templated":true}]}}