{"id":25069,"date":"2020-12-24T10:17:34","date_gmt":"2020-12-24T09:17:34","guid":{"rendered":"https:\/\/www.interbusinesschamber.com\/produit\/camomilla-30-75ml\/"},"modified":"2020-12-25T12:35:14","modified_gmt":"2020-12-25T11:35:14","slug":"camomilla-30-75ml","status":"publish","type":"product","link":"https:\/\/www.sopha-sahara.com\/en\/product\/camomilla-30-75ml\/","title":{"rendered":"Camomilla 30% 75ml"},"content":{"rendered":"<div><strong>PHARMALIFE RESEARCH CAMOMILLA 30%<\/strong><\/div>\n<div>\n<p>Cr\u00e8me pommade avec de l'extrait de camomille<\/p>\n<p>CR\u00c8ME POMMADE CAMOMILLE avec une concentration \u00e9lev\u00e9e de substances fonctionnelles v\u00e9g\u00e9tales, est un produit innovant caract\u00e9ris\u00e9 par la pr\u00e9sence de 30 % de Camomille, qui exerce une action protectrice, calmante et anti-irritation id\u00e9ale pour les peaux expos\u00e9es aux agressions des agents ext\u00e9rieurs. L\u2019extrait de Camomille conf\u00e8re au produit une tol\u00e9rabilit\u00e9 \u00e9lev\u00e9e et il garantit \u00e9galement une action r\u00e9paratrice, apaisante et nourrissante, utile en cas de peaux gerc\u00e9es, d\u00e9shydrat\u00e9es, atones et facilement irritables. Id\u00e9ale pour le visage, les mains et l\u2019ensemble du corps. Pour les enfants \u00e9galement.<\/p>\n<p>RECOMMENDATION: appliquer sur les parties concern\u00e9es et masser d\u00e9licatement jusqu\u2019\u00e0 absorption compl\u00e8te.<\/p>\n<p>INGR\u00c9DIENTS: Aqua [Water], Glycerin, Cetyl Alcohol, Chamomilla Recutita Extract [Chamomilla Recutita (Matricaria) Extract], Caprylic\/ Capric Triglyceride, Bisabolol, Glyceryl Stearate, Cyclopentasiloxane, Chamomile Recutita Flower\/ Jasminum Officinale Flower Extract [Chamomile Recutita (Matricaria) Flower\/Jasminum Officinale Flower Extract], Stearate, Dimethicone, Maltodextrin, Ceteth- 20, Steareth-20, Saccharide Isomerate, Sodium Dehydroacetate, Tocopherol, Imidazolidinyl Urea, Edta, Triethyl Citrate,Citric Acid, Sodium Citrate, Lactic Acid.<\/p>\n<p>CONTENU NET: 75ml<\/p>\n<p>STOCKAGE: Garder dans un endroit frais et sec.<\/p><\/div>\n","protected":false},"excerpt":{"rendered":"<p>Pharmalife Research Camomilla 30% 75ml. CR\u00c8ME POMMADE CAMOMILLE avec une concentration \u00e9lev\u00e9e de substances fonctionnelles v\u00e9g\u00e9tales, est un produit innovant caract\u00e9ris\u00e9 par la pr\u00e9sence de 30 % de Camomille, qui exerce une action protectrice, calmante et anti-irritation id\u00e9ale pour les peaux expos\u00e9es aux agressions des agents ext\u00e9rieurs.<\/p>","protected":false},"featured_media":25241,"template":"","meta":{"arc_restricted_post":false},"product_cat":[49,347],"product_tag":[],"_links":{"self":[{"href":"https:\/\/www.sopha-sahara.com\/en\/wp-json\/wp\/v2\/product\/25069"}],"collection":[{"href":"https:\/\/www.sopha-sahara.com\/en\/wp-json\/wp\/v2\/product"}],"about":[{"href":"https:\/\/www.sopha-sahara.com\/en\/wp-json\/wp\/v2\/types\/product"}],"wp:featuredmedia":[{"embeddable":true,"href":"https:\/\/www.sopha-sahara.com\/en\/wp-json\/wp\/v2\/media\/25241"}],"wp:attachment":[{"href":"https:\/\/www.sopha-sahara.com\/en\/wp-json\/wp\/v2\/media?parent=25069"}],"wp:term":[{"taxonomy":"product_cat","embeddable":true,"href":"https:\/\/www.sopha-sahara.com\/en\/wp-json\/wp\/v2\/product_cat?post=25069"},{"taxonomy":"product_tag","embeddable":true,"href":"https:\/\/www.sopha-sahara.com\/en\/wp-json\/wp\/v2\/product_tag?post=25069"}],"curies":[{"name":"wp","href":"https:\/\/api.w.org\/{rel}","templated":true}]}}