{"id":25067,"date":"2020-12-24T10:17:33","date_gmt":"2020-12-24T09:17:33","guid":{"rendered":"https:\/\/www.interbusinesschamber.com\/produit\/detox-latte-detergente-normalizzante-200ml\/"},"modified":"2020-12-25T13:00:52","modified_gmt":"2020-12-25T12:00:52","slug":"detox-latte-detergente-normalizzante-200ml","status":"publish","type":"product","link":"https:\/\/www.sopha-sahara.com\/en\/product\/detox-latte-detergente-normalizzante-200ml\/","title":{"rendered":"Detox &#8211; Latte Detergente Normalizzante 200ml"},"content":{"rendered":"<div><strong>PHARMALIFE RESEARCH DETOX - LATTE DETERGENTE NORMALIZZANTE<\/strong><\/div>\n<div>\n<p>D<span id=\"result_box\" class=\"short_text\" lang=\"fr\"><span class=\"hps\">\u00e9sintoxication<\/p>\n<p>DETOX lait d\u00e9maquillant normalisant, gr\u00e2ce \u00e0 la synergie de ses ingr\u00e9dients naturels, est capable de nettoyer la peau pour lutter efficacement contre les ph\u00e9nom\u00e8nes li\u00e9s \u00e0 la peau impure, \u00e0 la production excessive de s\u00e9bum et \u00e0 la prolif\u00e9ration bact\u00e9rienne.<br \/><\/span><\/span><\/p>\n<p>INGR\u00c9DIENTS: aqua, caprylic\/capric triglycerides, glycerin, arachidyl alcohol, cetearyl glucoside, glyceryl stearate se, polysorbate 80, behenyl alcohol, hexamidine, parfum, phenoxyethanol, arachidyl glucoside, polyacrylamide, butylene glycol, c13-14 isoparaffin, propanediol, alcohol denat., laureth-7, arctium majus root extract, iris florentina root extract, zinc sulfate, retinyl palmitate, biotin.<\/p>\n<p>CONTENU NET: 200ml<\/p>\n<p>STOCKAGE: Garder dans un endroit frais et sec.<\/p><\/div>","protected":false},"excerpt":{"rendered":"<p>Pharmalife Research Detox &#8211; Latte Detergente Normalizzante 200ml. DETOX lait d\u00e9maquillant normalisant, gr\u00e2ce \u00e0 la synergie de ses ingr\u00e9dients naturels, est capable de nettoyer la peau pour lutter efficacement contre les ph\u00e9nom\u00e8nes li\u00e9s \u00e0 la peau impure, \u00e0 la production excessive de s\u00e9bum et \u00e0 la prolif\u00e9ration bact\u00e9rienne.<\/p>","protected":false},"featured_media":25266,"template":"","meta":{"arc_restricted_post":false},"product_cat":[49,347],"product_tag":[],"_links":{"self":[{"href":"https:\/\/www.sopha-sahara.com\/en\/wp-json\/wp\/v2\/product\/25067"}],"collection":[{"href":"https:\/\/www.sopha-sahara.com\/en\/wp-json\/wp\/v2\/product"}],"about":[{"href":"https:\/\/www.sopha-sahara.com\/en\/wp-json\/wp\/v2\/types\/product"}],"wp:featuredmedia":[{"embeddable":true,"href":"https:\/\/www.sopha-sahara.com\/en\/wp-json\/wp\/v2\/media\/25266"}],"wp:attachment":[{"href":"https:\/\/www.sopha-sahara.com\/en\/wp-json\/wp\/v2\/media?parent=25067"}],"wp:term":[{"taxonomy":"product_cat","embeddable":true,"href":"https:\/\/www.sopha-sahara.com\/en\/wp-json\/wp\/v2\/product_cat?post=25067"},{"taxonomy":"product_tag","embeddable":true,"href":"https:\/\/www.sopha-sahara.com\/en\/wp-json\/wp\/v2\/product_tag?post=25067"}],"curies":[{"name":"wp","href":"https:\/\/api.w.org\/{rel}","templated":true}]}}