{"id":25064,"date":"2020-12-24T10:17:30","date_gmt":"2020-12-24T09:17:30","guid":{"rendered":"https:\/\/www.interbusinesschamber.com\/produit\/reudol-spray-200ml\/"},"modified":"2020-12-25T15:37:14","modified_gmt":"2020-12-25T14:37:14","slug":"reudol-spray-200ml","status":"publish","type":"product","link":"https:\/\/www.sopha-sahara.com\/en\/product\/reudol-spray-200ml\/","title":{"rendered":"Reudol &#8211; Spray 200ml"},"content":{"rendered":"<p><strong>PHARMALIFE RESEARCH REUDOL - SPRAY<\/strong><br \/>B<span id=\"result_box\" lang=\"fr\"><span class=\"hps\">ien-\u00eatre<\/span>\u00a0<span class=\"hps\">physiologique des<\/span>\u00a0<span class=\"hps\">muscles et des articulations<\/p>\n<p><\/span><\/span>REUDOL SPRAY est tr\u00e8s utile pour vos articulations, gr\u00e2ce \u00e0 ses ingr\u00e9dients v\u00e9g\u00e9taux, tels que l\u2019Arnica, l\u2019\u00e9corce de saule blanc et le gingembre am\u00e9ricain, qui ont un effet l\u00e9nitif \u00e9lev\u00e9.<\/p>\n<p>INGR\u00c9DIENTS: alcohol denat., aqua, propylene glycol, peg-40 hydrogenated castor oil, trideceth-9, camphor, gaultheria procumbens, zingiber officinalis oil, menthol, curcuma zedoaria oil, cinnamomum zeylanicum, harpagophytum procumbens extract, citral, geraniol, farnesol, linalool, citronellol, limonene, eugenol, cinnamal, benzyl benzoate, arnica montana extract, salix alba bark extract.<\/p>\n<p>CONTENU NET: 200ml<\/p>\n<p>STOCKAGE: Garder dans un endroit frais et sec.<\/p>","protected":false},"excerpt":{"rendered":"<p class=\"productabstract\">Pharmalife Research Reudol &#8211; Spray 200ml. REUDOL SPRAY est tr\u00e8s utile pour vos articulations, gr\u00e2ce \u00e0 ses ingr\u00e9dients v\u00e9g\u00e9taux, tels que l\u2019Arnica, l\u2019\u00e9corce de saule blanc et le gingembre am\u00e9ricain, qui ont un effet l\u00e9nitif \u00e9lev\u00e9.<\/p>","protected":false},"featured_media":25358,"template":"","meta":{"arc_restricted_post":false},"product_cat":[49,347],"product_tag":[],"_links":{"self":[{"href":"https:\/\/www.sopha-sahara.com\/en\/wp-json\/wp\/v2\/product\/25064"}],"collection":[{"href":"https:\/\/www.sopha-sahara.com\/en\/wp-json\/wp\/v2\/product"}],"about":[{"href":"https:\/\/www.sopha-sahara.com\/en\/wp-json\/wp\/v2\/types\/product"}],"wp:featuredmedia":[{"embeddable":true,"href":"https:\/\/www.sopha-sahara.com\/en\/wp-json\/wp\/v2\/media\/25358"}],"wp:attachment":[{"href":"https:\/\/www.sopha-sahara.com\/en\/wp-json\/wp\/v2\/media?parent=25064"}],"wp:term":[{"taxonomy":"product_cat","embeddable":true,"href":"https:\/\/www.sopha-sahara.com\/en\/wp-json\/wp\/v2\/product_cat?post=25064"},{"taxonomy":"product_tag","embeddable":true,"href":"https:\/\/www.sopha-sahara.com\/en\/wp-json\/wp\/v2\/product_tag?post=25064"}],"curies":[{"name":"wp","href":"https:\/\/api.w.org\/{rel}","templated":true}]}}