{"id":25063,"date":"2020-12-24T10:17:29","date_gmt":"2020-12-24T09:17:29","guid":{"rendered":"https:\/\/www.interbusinesschamber.com\/produit\/reudol-gel-150ml\/"},"modified":"2020-12-25T15:36:28","modified_gmt":"2020-12-25T14:36:28","slug":"reudol-gel-150ml","status":"publish","type":"product","link":"https:\/\/www.sopha-sahara.com\/en\/product\/reudol-gel-150ml\/","title":{"rendered":"Reudol &#8211; Gel 150ml"},"content":{"rendered":"<p><strong>PHARMALIFE RESEARCH REUDOL -\u00a0<\/strong><strong>GEL<\/strong><br \/>B<span id=\"result_box\" lang=\"fr\"><span class=\"hps\">ien-\u00eatre<\/span>\u00a0<span class=\"hps\">physiologique des<\/span>\u00a0<span class=\"hps\">muscles et des articulations<\/p>\n<p><\/span><\/span>REUDOL GEL est une pr\u00e9paration phytocosm\u00e9tique contenant de l\u2019Arnica et de la griffe du diable, utile pour le bien-\u00eatre des muscles et des articulations. Il est particuli\u00e8rement indiqu\u00e9 pour les rhumatismes.<\/p>\n<p>INGR\u00c9DIENTS: aqua, alcohol denat., propylene glycol, camphor, gaultheria procumbens, zingiber officinalis oil, curcuma zedoaria oil, cinnamomum zeylanicum, arnica montana extract, harpagophytum procumbens extract, salix alba bark extract, menthol, carbomer, disodium edta, sodium hydroxide, citral, cinnamal, linalool, benzyl benzoate, limonene, geraniol, farnesol, citronellol, imidazolidinyl urea, benzyl alcohol, triethyl citrate, tocopherol, bha, methylchloroisothiazolinone, methylisothiazolinone, ci 47005, ci 14700, ci 17200.<\/p>\n<p>CONTENU NET: 150ml<\/p>\n<p>STOCKAGE: Garder dans un endroit frais et sec.<\/p>","protected":false},"excerpt":{"rendered":"<p>Pharmalife Research Reudol &#8211; Gel 150ml. REUDOL GEL est une pr\u00e9paration phytocosm\u00e9tique contenant de l\u2019Arnica et de la griffe du diable, utile pour le bien-\u00eatre des muscles et des articulations. Il est particuli\u00e8rement indiqu\u00e9 pour les rhumatismes.<\/p>","protected":false},"featured_media":25356,"template":"","meta":{"arc_restricted_post":false},"product_cat":[49,347],"product_tag":[],"_links":{"self":[{"href":"https:\/\/www.sopha-sahara.com\/en\/wp-json\/wp\/v2\/product\/25063"}],"collection":[{"href":"https:\/\/www.sopha-sahara.com\/en\/wp-json\/wp\/v2\/product"}],"about":[{"href":"https:\/\/www.sopha-sahara.com\/en\/wp-json\/wp\/v2\/types\/product"}],"wp:featuredmedia":[{"embeddable":true,"href":"https:\/\/www.sopha-sahara.com\/en\/wp-json\/wp\/v2\/media\/25356"}],"wp:attachment":[{"href":"https:\/\/www.sopha-sahara.com\/en\/wp-json\/wp\/v2\/media?parent=25063"}],"wp:term":[{"taxonomy":"product_cat","embeddable":true,"href":"https:\/\/www.sopha-sahara.com\/en\/wp-json\/wp\/v2\/product_cat?post=25063"},{"taxonomy":"product_tag","embeddable":true,"href":"https:\/\/www.sopha-sahara.com\/en\/wp-json\/wp\/v2\/product_tag?post=25063"}],"curies":[{"name":"wp","href":"https:\/\/api.w.org\/{rel}","templated":true}]}}