{"id":25062,"date":"2020-12-24T10:17:28","date_gmt":"2020-12-24T09:17:28","guid":{"rendered":"https:\/\/www.interbusinesschamber.com\/produit\/psoren-shampoo-200ml\/"},"modified":"2020-12-25T15:32:59","modified_gmt":"2020-12-25T14:32:59","slug":"psoren-shampoo-200ml","status":"publish","type":"product","link":"https:\/\/www.sopha-sahara.com\/en\/product\/psoren-shampoo-200ml\/","title":{"rendered":"Psoren &#8211; Shampoo 200ml"},"content":{"rendered":"<p><strong>PHARMALIFE RESEARCH PSOREN - SHAMPOO<\/strong><\/p>\n<p><span id=\"result_box\" class=\"short_text\" lang=\"fr\"><span class=\"hps atn\">Traitement anti-<\/span>desquamation<\/p>\n<p>PSOREN SHAMPOO traite les cas l\u00e9gers et graves de desquamation, aide \u00e0 \u00e9liminer les squames, d\u00e9cape, d\u00e9congestionne, att\u00e9nue les d\u00e9mangeaisons, aide \u00e0 calmer les irritations et r\u00e9tablit l'\u00e9quilibre physiologique du cuir chevelu.<br \/><\/span><\/p>\n<p>INGR\u00c9DIENTS: Nasturtium, Aloe gel, Salicylic acid, Zinc Pyrithione, Propylene glicol, Calcium pantothenate, Biotin, Panthenol, Lemon oil.<\/p>\n<p>CONTENU NET: 200ml<\/p>\n<p>STOCKAGE: Garder dans un endroit frais et sec.<\/p>","protected":false},"excerpt":{"rendered":"<p>Pharmalife Research Psoren &#8211; Shampoo 200ml. PSOREN SHAMPOOING traite les cas l\u00e9gers et graves de desquamation, aide \u00e0 \u00e9liminer les squames, d\u00e9cape, d\u00e9congestionne, att\u00e9nue les d\u00e9mangeaisons, aide \u00e0 calmer les irritations et r\u00e9tablit l&rsquo;\u00e9quilibre physiologique du cuir chevelu.<\/p>","protected":false},"featured_media":25353,"template":"","meta":{"arc_restricted_post":false},"product_cat":[49,347],"product_tag":[],"_links":{"self":[{"href":"https:\/\/www.sopha-sahara.com\/en\/wp-json\/wp\/v2\/product\/25062"}],"collection":[{"href":"https:\/\/www.sopha-sahara.com\/en\/wp-json\/wp\/v2\/product"}],"about":[{"href":"https:\/\/www.sopha-sahara.com\/en\/wp-json\/wp\/v2\/types\/product"}],"wp:featuredmedia":[{"embeddable":true,"href":"https:\/\/www.sopha-sahara.com\/en\/wp-json\/wp\/v2\/media\/25353"}],"wp:attachment":[{"href":"https:\/\/www.sopha-sahara.com\/en\/wp-json\/wp\/v2\/media?parent=25062"}],"wp:term":[{"taxonomy":"product_cat","embeddable":true,"href":"https:\/\/www.sopha-sahara.com\/en\/wp-json\/wp\/v2\/product_cat?post=25062"},{"taxonomy":"product_tag","embeddable":true,"href":"https:\/\/www.sopha-sahara.com\/en\/wp-json\/wp\/v2\/product_tag?post=25062"}],"curies":[{"name":"wp","href":"https:\/\/api.w.org\/{rel}","templated":true}]}}