{"id":25061,"date":"2020-12-24T10:17:27","date_gmt":"2020-12-24T09:17:27","guid":{"rendered":"https:\/\/www.interbusinesschamber.com\/produit\/aloe-100-pulpe-et-jus-1000ml\/"},"modified":"2020-12-25T11:19:43","modified_gmt":"2020-12-25T10:19:43","slug":"aloe-100-pulpe-et-jus-1000ml","status":"publish","type":"product","link":"https:\/\/www.sopha-sahara.com\/en\/product\/aloe-100-pulpe-et-jus-1000ml\/","title":{"rendered":"Aloe 100% Pulpe et Jus 1000ml"},"content":{"rendered":"<div class=\"prodsch_txt\">\n<div>\n<div>\n<div><strong>PHARMALIFE RESEARCH ALOE 100% SUCCO E POLPA<\/strong><\/div>\n<p>Compl\u00e9ment alimentaire<\/p>\n<p>ALOE 100%\u00a0SUCCO E POLPA est un compl\u00e9ment alimentaire exclusivement \u00e0 base de jus et de pulpe d\u2019Aloe vera, issu de feuilles fra\u00eeches d\u2019une plante de culture biologique.<\/p>\n<p>CONTENU NET: 1000ml<\/p>\n<p>STOCKAGE: Garder dans un endroit frais et sec.<\/p><\/div>\n<div>\u00a0<\/p>\n<div>\n<h4 class=\"tabnut_tit\">INFORMATION NUTRITIONNELLE<\/h4>\n<div class=\"tabnut_table\">\n<table class=\"iaftable\" cellspacing=\"0\">\n<tbody>\n<tr>\n<td class=\"tabnut_medsep-top\">\n<div>\n<p><strong>Analyse moyenne<\/strong><\/p>\n<\/div>\n<\/td>\n<td class=\"tabnut_medsep-top\"><strong>Par 100ml<\/strong><\/td>\n<td class=\"tabnut_medsep-top\"><strong>Par 60ml<br \/><\/strong><\/td>\n<\/tr>\n<tr>\n<td class=\"tabnut_medsep-btm\">Valeur \u00e9nerg\u00e9tique<\/td>\n<td class=\"tabnut_medsep-btm\">\n<div>3,7Kcal \/ 15,7KJ<\/div>\n<\/td>\n<td class=\"tabnut_medsep-btm\">\n<div>2,2Kcal \/ 9,4KJ<\/div>\n<\/td>\n<\/tr>\n<tr>\n<td>Aloe Vera pulpe et jus<\/td>\n<td>\n<div>98g<\/div>\n<\/td>\n<td>\n<div>59g<\/div>\n<\/td>\n<\/tr>\n<\/tbody>\n<\/table>\n<\/div>\n<\/div>\n<\/div>\n<div>\u00a0<strong><br \/><\/strong><\/div>\n<div class=\"iaf_ingred tabnut_table\"><strong>Ingr\u00e9dients:\u00a0<\/strong>Aloe jus et la pulpe (Aloe barbadensis), conservateurs: sorbate de potassium, benzoate de sodium; acide citrique<\/div>\n<\/div>\n<\/div>\n<div class=\"prodsch_avvert\">D\u00e9conseill\u00e9 aux enfants de moins de 12 ans, aux femmes enceintes et allaitantes.<br \/>Un usage prolong\u00e9 est d\u00e9conseill\u00e9.<\/p>\n<div>Lisez attentivement l\u2019\u00e9tiquette et les informations concernant le produit ainsi que le mode d\u2019emploi.<br \/>Ne pas d\u00e9passer la dose journali\u00e8re indiqu\u00e9e.<br \/>Tenir hors de port\u00e9e des jeunes enfants.<br \/>Les compl\u00e9ments alimentaires ne soient utilis\u00e9s comme substituts d'un r\u00e9gime alimentaire vari\u00e9.<\/div>\n<div>IAF network vous rappelled l\u2019importance d\u2019une alimentation vari\u00e9e et \u00e9quilibr\u00e9e et \u00e0 un mode de vie sain.<\/div>\n<\/div>","protected":false},"excerpt":{"rendered":"<p>Pharmalife Research Aloe 100% Succo e Polpa 1000ml. ALOE 100% SUCCO E POLPA est un compl\u00e9ment alimentaire exclusivement \u00e0 base de jus et de pulpe d\u2019Aloe vera, issu de feuilles fra\u00eeches d\u2019une plante de culture biologique.<\/p>","protected":false},"featured_media":25171,"template":"","meta":{"arc_restricted_post":false},"product_cat":[49,347],"product_tag":[],"_links":{"self":[{"href":"https:\/\/www.sopha-sahara.com\/en\/wp-json\/wp\/v2\/product\/25061"}],"collection":[{"href":"https:\/\/www.sopha-sahara.com\/en\/wp-json\/wp\/v2\/product"}],"about":[{"href":"https:\/\/www.sopha-sahara.com\/en\/wp-json\/wp\/v2\/types\/product"}],"wp:featuredmedia":[{"embeddable":true,"href":"https:\/\/www.sopha-sahara.com\/en\/wp-json\/wp\/v2\/media\/25171"}],"wp:attachment":[{"href":"https:\/\/www.sopha-sahara.com\/en\/wp-json\/wp\/v2\/media?parent=25061"}],"wp:term":[{"taxonomy":"product_cat","embeddable":true,"href":"https:\/\/www.sopha-sahara.com\/en\/wp-json\/wp\/v2\/product_cat?post=25061"},{"taxonomy":"product_tag","embeddable":true,"href":"https:\/\/www.sopha-sahara.com\/en\/wp-json\/wp\/v2\/product_tag?post=25061"}],"curies":[{"name":"wp","href":"https:\/\/api.w.org\/{rel}","templated":true}]}}