{"id":25060,"date":"2020-12-24T10:17:27","date_gmt":"2020-12-24T09:17:27","guid":{"rendered":"https:\/\/www.interbusinesschamber.com\/produit\/candidax-med-30-comprimes\/"},"modified":"2020-12-25T12:36:22","modified_gmt":"2020-12-25T11:36:22","slug":"candidax-med-30-comprimes","status":"publish","type":"product","link":"https:\/\/www.sopha-sahara.com\/en\/product\/candidax-med-30-comprimes\/","title":{"rendered":"Candidax Med 30 comprim\u00e9s"},"content":{"rendered":"<div><strong>PHARMALIFE RESEARCH CANDIDAX MED<\/strong><\/div>\n<p>Dispositif m\u00e9dical<\/p>\n<p>Candidax Med est un dispositif m\u00e9dical \u00e0 base de substances v\u00e9g\u00e9tales et de lactobacilles qui, en synergie, prot\u00e8ge la muqueuse intestinale en cas d'alt\u00e9rations caus\u00e9es par des agents d'origines diverses, telles que Candida Albicans.<\/p>\n<p>POIDS NET: 25,5 grammes<\/p>\n<p>STOCKAGE: Garder dans un endroit frais et sec.<\/p>","protected":false},"excerpt":{"rendered":"<p>Pharmalife Research Candidax Med 30 comprim\u00e9s. Candidax Med est un dispositif m\u00e9dical \u00e0 base de substances v\u00e9g\u00e9tales et de lactobacilles qui, en synergie, prot\u00e8ge la muqueuse intestinale en cas d&rsquo;alt\u00e9rations caus\u00e9es par des agents d&rsquo;origines diverses, telles que Candida Albicans.<\/p>","protected":false},"featured_media":25242,"template":"","meta":{"arc_restricted_post":false},"product_cat":[49,347],"product_tag":[],"_links":{"self":[{"href":"https:\/\/www.sopha-sahara.com\/en\/wp-json\/wp\/v2\/product\/25060"}],"collection":[{"href":"https:\/\/www.sopha-sahara.com\/en\/wp-json\/wp\/v2\/product"}],"about":[{"href":"https:\/\/www.sopha-sahara.com\/en\/wp-json\/wp\/v2\/types\/product"}],"wp:featuredmedia":[{"embeddable":true,"href":"https:\/\/www.sopha-sahara.com\/en\/wp-json\/wp\/v2\/media\/25242"}],"wp:attachment":[{"href":"https:\/\/www.sopha-sahara.com\/en\/wp-json\/wp\/v2\/media?parent=25060"}],"wp:term":[{"taxonomy":"product_cat","embeddable":true,"href":"https:\/\/www.sopha-sahara.com\/en\/wp-json\/wp\/v2\/product_cat?post=25060"},{"taxonomy":"product_tag","embeddable":true,"href":"https:\/\/www.sopha-sahara.com\/en\/wp-json\/wp\/v2\/product_tag?post=25060"}],"curies":[{"name":"wp","href":"https:\/\/api.w.org\/{rel}","templated":true}]}}