{"id":25059,"date":"2020-12-24T10:17:25","date_gmt":"2020-12-24T09:17:25","guid":{"rendered":"https:\/\/www.interbusinesschamber.com\/produit\/antiacid-suspension-buvable-200ml\/"},"modified":"2020-12-25T11:28:49","modified_gmt":"2020-12-25T10:28:49","slug":"antiacid-suspension-buvable-200ml","status":"publish","type":"product","link":"https:\/\/www.sopha-sahara.com\/en\/product\/antiacid-suspension-buvable-200ml\/","title":{"rendered":"Antiacid Suspension Buvable 200ml"},"content":{"rendered":"<div><strong>PHARMALIFE RESEARCH ANTIACID SOSPENSIONE ORALE<\/strong><\/div>\n<div>Dispositif m\u00e9dical<\/p>\n<p>Antiacid oral suspension est un dispositif m\u00e9dical \u00e0 action m\u00e9canique indiqu\u00e9e pour lutter contre la sensation d'hyperacidit\u00e9, de br\u00fblures et de douleurs \u00e0 l'estomac caus\u00e9es par un \u00e9tat irritant de la muqueuse gastrique.<\/p>\n<p>CONTENU NET: 200ml<\/p>\n<p>STOCKAGE: Garder dans un endroit frais et sec.<\/p><\/div>","protected":false},"excerpt":{"rendered":"<p>Pharmalife Research Antiacid Sospensione Orale 200ml. Antiacid oral suspension est un dispositif m\u00e9dical \u00e0 action m\u00e9canique indiqu\u00e9e pour lutter contre la sensation d&rsquo;hyperacidit\u00e9, de br\u00fblures et de douleurs \u00e0 l&rsquo;estomac caus\u00e9es par un \u00e9tat irritant de la muqueuse gastrique.<\/p>","protected":false},"featured_media":25181,"template":"","meta":{"arc_restricted_post":false},"product_cat":[49,347],"product_tag":[],"_links":{"self":[{"href":"https:\/\/www.sopha-sahara.com\/en\/wp-json\/wp\/v2\/product\/25059"}],"collection":[{"href":"https:\/\/www.sopha-sahara.com\/en\/wp-json\/wp\/v2\/product"}],"about":[{"href":"https:\/\/www.sopha-sahara.com\/en\/wp-json\/wp\/v2\/types\/product"}],"wp:featuredmedia":[{"embeddable":true,"href":"https:\/\/www.sopha-sahara.com\/en\/wp-json\/wp\/v2\/media\/25181"}],"wp:attachment":[{"href":"https:\/\/www.sopha-sahara.com\/en\/wp-json\/wp\/v2\/media?parent=25059"}],"wp:term":[{"taxonomy":"product_cat","embeddable":true,"href":"https:\/\/www.sopha-sahara.com\/en\/wp-json\/wp\/v2\/product_cat?post=25059"},{"taxonomy":"product_tag","embeddable":true,"href":"https:\/\/www.sopha-sahara.com\/en\/wp-json\/wp\/v2\/product_tag?post=25059"}],"curies":[{"name":"wp","href":"https:\/\/api.w.org\/{rel}","templated":true}]}}