{"id":25058,"date":"2020-12-24T10:17:25","date_gmt":"2020-12-24T09:17:25","guid":{"rendered":"https:\/\/www.interbusinesschamber.com\/produit\/helix-med-suspension-buvable-200ml\/"},"modified":"2020-12-25T14:36:28","modified_gmt":"2020-12-25T13:36:28","slug":"helix-med-suspension-buvable-200ml","status":"publish","type":"product","link":"https:\/\/www.sopha-sahara.com\/en\/product\/helix-med-suspension-buvable-200ml\/","title":{"rendered":"Helix Med Suspension Buvable 200ml"},"content":{"rendered":"<div class=\"prodsch_txt\">\n<div>\n<div><strong>PHARMALIFE RESEARCH HELIX MED SOSPENSIONE ORALE<\/strong><\/div>\n<div>Dispositif m\u00e9dical<\/p>\n<p>Helix Med est un dispositif m\u00e9dical. Gr\u00e2ce \u00e0 la synergie de ses ingr\u00e9dients avec l'activit\u00e9 filmog\u00e8ne et le mucus adh\u00e9sif, c'est un adjuvant en cas de toux s\u00e8che et productive.<\/p>\n<p>Elle aide \u00e0 calmer la toux.<\/p>\n<p>CONTENU NET: 200ml<\/p>\n<p>STOCKAGE: Garder dans un endroit frais et sec.<\/p><\/div>\n<\/div>\n<\/div>","protected":false},"excerpt":{"rendered":"<p class=\"productabstract\">Pharmalife Research Helix Med Sospensione Orale 200ml. Helix Med est un dispositif m\u00e9dical. Gr\u00e2ce \u00e0 la synergie de ses ingr\u00e9dients avec l&rsquo;activit\u00e9 filmog\u00e8ne et le mucus adh\u00e9sif, c&rsquo;est un adjuvant en cas de toux s\u00e8che et productive.<\/p>","protected":false},"featured_media":25300,"template":"","meta":{"arc_restricted_post":false},"product_cat":[49,347],"product_tag":[],"_links":{"self":[{"href":"https:\/\/www.sopha-sahara.com\/en\/wp-json\/wp\/v2\/product\/25058"}],"collection":[{"href":"https:\/\/www.sopha-sahara.com\/en\/wp-json\/wp\/v2\/product"}],"about":[{"href":"https:\/\/www.sopha-sahara.com\/en\/wp-json\/wp\/v2\/types\/product"}],"wp:featuredmedia":[{"embeddable":true,"href":"https:\/\/www.sopha-sahara.com\/en\/wp-json\/wp\/v2\/media\/25300"}],"wp:attachment":[{"href":"https:\/\/www.sopha-sahara.com\/en\/wp-json\/wp\/v2\/media?parent=25058"}],"wp:term":[{"taxonomy":"product_cat","embeddable":true,"href":"https:\/\/www.sopha-sahara.com\/en\/wp-json\/wp\/v2\/product_cat?post=25058"},{"taxonomy":"product_tag","embeddable":true,"href":"https:\/\/www.sopha-sahara.com\/en\/wp-json\/wp\/v2\/product_tag?post=25058"}],"curies":[{"name":"wp","href":"https:\/\/api.w.org\/{rel}","templated":true}]}}