{"id":25057,"date":"2020-12-24T10:17:24","date_gmt":"2020-12-24T09:17:24","guid":{"rendered":"https:\/\/www.interbusinesschamber.com\/produit\/aloe-100-cafe-vert-1000ml\/"},"modified":"2020-12-25T11:15:05","modified_gmt":"2020-12-25T10:15:05","slug":"aloe-100-cafe-vert-1000ml","status":"publish","type":"product","link":"https:\/\/www.sopha-sahara.com\/en\/product\/aloe-100-cafe-vert-1000ml\/","title":{"rendered":"Aloe 100% Caf\u00e9 Vert 1000ml"},"content":{"rendered":"<div class=\"prodsch_txt\">\n<div>\n<div>\n<div><strong>PHARMALIFE RESEARCH ALOE 100% CAFF\u00c8 VERDE<\/strong><\/div>\n<p>Compl\u00e9ment alimentaire<\/p>\n<p>ALOE 100% &amp; CAFF\u00c8 VERDE contient un jus frais de gel d\u2019aloe vera enrichi avec un extrait sec concentr\u00e9 200: 1, titr\u00e9 en polysaccharides et riche en ac\u00e9mannane.<\/p>\n<p>CONTENU NET: 1000ml<\/p>\n<p>STOCKAGE: Garder dans un endroit frais et sec.<\/p><\/div>\n<div>\u00a0<\/p>\n<div>\n<h4 class=\"tabnut_tit\">INFORMATION NUTRITIONNELLE<\/h4>\n<div class=\"tabnut_table\">\n<table class=\"iaftable\" cellspacing=\"0\">\n<tbody>\n<tr>\n<td class=\"tabnut_medsep-top\">\n<div>\n<p><strong>Analyse moyenne<\/strong><\/p>\n<\/div>\n<\/td>\n<td class=\"tabnut_medsep-top\"><strong>Par 100ml<\/strong><\/td>\n<td class=\"tabnut_medsep-top\"><strong>Par dose (60ml)<br \/><\/strong><\/td>\n<\/tr>\n<tr>\n<td class=\"tabnut_medsep-btm\">Valeur \u00e9nerg\u00e9tique<\/td>\n<td class=\"tabnut_medsep-btm\">\n<div>17,12Kcal \/ 72,75KJ<\/div>\n<\/td>\n<td class=\"tabnut_medsep-btm\">\n<div>10,27Kcal \/ 43,65KJ<\/div>\n<\/td>\n<\/tr>\n<tr>\n<td>Graisses<\/td>\n<td>0,018g<\/td>\n<td>0,011g<\/td>\n<\/tr>\n<tr>\n<td>Glucides<\/td>\n<td>4,204g<\/td>\n<td>2,522g<\/td>\n<\/tr>\n<tr>\n<td>Prot\u00e9ine<\/td>\n<td>0,036g<\/td>\n<td>0,022g<\/td>\n<\/tr>\n<tr>\n<td>Jus d'Aloe Vera extrait sec<\/td>\n<td>1,01g<\/td>\n<td>0,61g<\/td>\n<\/tr>\n<tr>\n<td>\n<div>Graines de caf\u00e9 vert\u00a0extrait sec<\/div>\n<div>dont caf\u00e9ine<\/div>\n<\/td>\n<td>\n<div>0,8g<\/div>\n<div>&lt; 40mg<\/div>\n<\/td>\n<td>\n<div>0,48g<\/div>\n<div>&lt; 24mg<\/div>\n<\/td>\n<\/tr>\n<tr>\n<td class=\"tabnut_medsep-top\">Vitamine C<\/td>\n<td class=\"tabnut_medsep-top\">0,5g<\/td>\n<td class=\"tabnut_medsep-top\">0,3g (375%*)<\/td>\n<\/tr>\n<tr>\n<td class=\"tabnut_medsep-btm\" colspan=\"3\">\n<div>* Pourcentage des valeurs journali\u00e8res bas\u00e9 sur un r\u00e9gime de 2000 calories<\/div>\n<\/td>\n<\/tr>\n<\/tbody>\n<\/table>\n<\/div>\n<\/div>\n<\/div>\n<div class=\"iaf_ingred tabnut_table\"><strong>Ingr\u00e9dients:\u00a0<\/strong>Eau d\u00e9min\u00e9ralis\u00e9e, extraits de feuilles d'Aloe vera gel sec (Aloe barbadensis, maltodextrine), la vitamine C, les graines de caf\u00e9 vert extrait (Caffea arabique, maltodextrine), l'ar\u00f4me; conservateur: sorbate de potassium; \u00e9dulcorant: sucralose; acide citrique<\/div>\n<\/div>\n<\/div>\n<div class=\"prodsch_avvert\">Contient de la caf\u00e9ine, d\u00e9conseill\u00e9 aux enfants et aux femmes enceintes.<br \/>D\u00e9conseill\u00e9 aux enfants de moins de 12 ans, aux femmes enceintes et allaitantes.<br \/>Un usage prolong\u00e9 est d\u00e9conseill\u00e9.<\/p>\n<div>Lisez attentivement l\u2019\u00e9tiquette et les informations concernant le produit ainsi que le mode d\u2019emploi.<br \/>Ne pas d\u00e9passer la dose journali\u00e8re indiqu\u00e9e.<br \/>Tenir hors de port\u00e9e des jeunes enfants.<br \/>Les compl\u00e9ments alimentaires ne soient utilis\u00e9s comme substituts d'un r\u00e9gime alimentaire vari\u00e9.<\/div>\n<div>IAF network vous rappelled l\u2019importance d\u2019une alimentation vari\u00e9e et \u00e9quilibr\u00e9e et \u00e0 un mode de vie sain.<\/div>\n<\/div>","protected":false},"excerpt":{"rendered":"<p>Pharmalife Research Aloe 100% Caff\u00e8 Verde 1000ml. ALOE 100% &amp; CAFF\u00c8 VERDE contient un jus frais de gel d\u2019aloe vera enrichi avec un extrait sec concentr\u00e9 200: 1, titr\u00e9 en polysaccharides et riche en ac\u00e9mannane.<\/p>","protected":false},"featured_media":25168,"template":"","meta":{"arc_restricted_post":false},"product_cat":[49,347],"product_tag":[],"_links":{"self":[{"href":"https:\/\/www.sopha-sahara.com\/en\/wp-json\/wp\/v2\/product\/25057"}],"collection":[{"href":"https:\/\/www.sopha-sahara.com\/en\/wp-json\/wp\/v2\/product"}],"about":[{"href":"https:\/\/www.sopha-sahara.com\/en\/wp-json\/wp\/v2\/types\/product"}],"wp:featuredmedia":[{"embeddable":true,"href":"https:\/\/www.sopha-sahara.com\/en\/wp-json\/wp\/v2\/media\/25168"}],"wp:attachment":[{"href":"https:\/\/www.sopha-sahara.com\/en\/wp-json\/wp\/v2\/media?parent=25057"}],"wp:term":[{"taxonomy":"product_cat","embeddable":true,"href":"https:\/\/www.sopha-sahara.com\/en\/wp-json\/wp\/v2\/product_cat?post=25057"},{"taxonomy":"product_tag","embeddable":true,"href":"https:\/\/www.sopha-sahara.com\/en\/wp-json\/wp\/v2\/product_tag?post=25057"}],"curies":[{"name":"wp","href":"https:\/\/api.w.org\/{rel}","templated":true}]}}