{"id":25056,"date":"2020-12-24T10:17:23","date_gmt":"2020-12-24T09:17:23","guid":{"rendered":"https:\/\/www.interbusinesschamber.com\/produit\/magnesium-nuit-45-comprimes\/"},"modified":"2020-12-25T15:05:30","modified_gmt":"2020-12-25T14:05:30","slug":"magnesium-nuit-45-comprimes","status":"publish","type":"product","link":"https:\/\/www.sopha-sahara.com\/en\/product\/magnesium-nuit-45-comprimes\/","title":{"rendered":"Magnesium Nuit 45 comprim\u00e9s"},"content":{"rendered":"<div class=\"prodsch_txt\">\n<div>\n<div>\n<div><strong>PHARMALIFE RESEARCH MAGNESIUM NOTTE<\/strong><\/div>\n<p>Compl\u00e9ment alimentaire<\/p>\n<p>La formulation de Magnesium Notte combine les propri\u00e9t\u00e9s des deux sources de magn\u00e9sium actif, le magn\u00e9sium marin et le citrate de magn\u00e9sium, sur le fonctionnement du syst\u00e8me nerveux et sur la fonction psychologique.<\/p>\n<p>CONTENU NET 46,35 grammes<\/p>\n<p>STOCKAGE: Garder dans un endroit frais et sec.<\/p><\/div>\n<div>\u00a0<\/p>\n<div>\n<h4 class=\"tabnut_tit\">INFORMATION NUTRITIONNELLE<\/h4>\n<div class=\"tabnut_table\">\n<table class=\"iaftable\" cellspacing=\"0\">\n<tbody>\n<tr>\n<td class=\"tabnut_medsep-top\">\n<div>\n<p><strong>Analyse moyenne<\/strong><\/p>\n<\/div>\n<\/td>\n<td class=\"tabnut_medsep-top\"><strong>Par 100g<\/strong><\/td>\n<td class=\"tabnut_medsep-top\"><strong>Par dose (3 comprim\u00e9s)<br \/><\/strong><\/td>\n<\/tr>\n<tr>\n<td class=\"tabnut_medsep-btm\">Chlorure de magn\u00e9sium<br \/>dont magn\u00e9sium<\/td>\n<td class=\"tabnut_medsep-btm\">\n<div>35g<\/div>\n<div>4190mg<\/div>\n<\/td>\n<td class=\"tabnut_medsep-btm\">\n<div>1,05g<\/div>\n<div>125,7mg (33,5%*)<\/div>\n<\/td>\n<\/tr>\n<tr>\n<td>Citrate de magn\u00e9sium<br \/>dont magn\u00e9sium<\/td>\n<td>\n<div>35g<\/div>\n<div>2800mg<\/div>\n<\/td>\n<td>\n<div>1,05g<\/div>\n<div>84mg (22,4%*)<\/div>\n<\/td>\n<\/tr>\n<tr>\n<td>\n<div>Eschscholtzia parties a\u00e9riennes extrait sec<br \/>dont protopine<\/div>\n<\/td>\n<td>\n<div>10g<\/div>\n<div>80mg<\/div>\n<\/td>\n<td>\n<div>0,3g<\/div>\n<div>2,4mg<\/div>\n<\/td>\n<\/tr>\n<tr>\n<td class=\"tabnut_medsep-top\">M\u00e9latonine<\/td>\n<td class=\"tabnut_medsep-top\">\n<div>33,3mg<\/div>\n<\/td>\n<td class=\"tabnut_medsep-top\">\n<div>1mg<\/div>\n<\/td>\n<\/tr>\n<tr>\n<td class=\"tabnut_medsep-btm\" colspan=\"3\">\n<div>* Pourcentage des valeurs journali\u00e8res bas\u00e9 sur un r\u00e9gime de 2000 calories<\/div>\n<\/td>\n<\/tr>\n<\/tbody>\n<\/table>\n<\/div>\n<\/div>\n<\/div>\n<div class=\"iaf_ingred tabnut_table\"><strong>Ingr\u00e9dients:\u00a0<\/strong>chlorure de magn\u00e9sium, le citrate de magn\u00e9sium, agent de charge: cellulose microcristalline, extrait sec de parties a\u00e9riennes Eschscholtzia (Eschscholzia californica, maltodextrine) titr\u00e9 \u00e0 0,8% en protopine, une bande de peinture: hydroxypropylm\u00e9thylcellulose (E464), dioxyde de titane (E171), polydextrose (E1200), le talc (E553b), maltodextrine, plante des triglyc\u00e9rides \u00e0 cha\u00eene moyenne; antiagglom\u00e9rants: st\u00e9arate de magn\u00e9sium, le dioxyde de silicium; m\u00e9latonine<\/div>\n<\/div>\n<\/div>\n<div class=\"prodsch_avvert\">\n<div>Lisez attentivement l\u2019\u00e9tiquette et les informations concernant le produit ainsi que le mode d\u2019emploi.<br \/>Ne pas d\u00e9passer la dose journali\u00e8re indiqu\u00e9e.<br \/>Tenir hors de port\u00e9e des jeunes enfants.<br \/>Les compl\u00e9ments alimentaires ne soient utilis\u00e9s comme substituts d'un r\u00e9gime alimentaire vari\u00e9.<\/div>\n<div>IAF network vous rappelled l\u2019importance d\u2019une alimentation vari\u00e9e et \u00e9quilibr\u00e9e et \u00e0 un mode de vie sain.<\/div>\n<\/div>","protected":false},"excerpt":{"rendered":"<p>Pharmalife Research Magnesium Notte 45 comprim\u00e9s. La formulation de Magnesium Notte combine les propri\u00e9t\u00e9s des deux sources de magn\u00e9sium actif, le magn\u00e9sium marin et le citrate de magn\u00e9sium, sur le fonctionnement du syst\u00e8me nerveux et sur la fonction psychologique.<\/p>","protected":false},"featured_media":25318,"template":"","meta":{"arc_restricted_post":false},"product_cat":[49,347],"product_tag":[],"_links":{"self":[{"href":"https:\/\/www.sopha-sahara.com\/en\/wp-json\/wp\/v2\/product\/25056"}],"collection":[{"href":"https:\/\/www.sopha-sahara.com\/en\/wp-json\/wp\/v2\/product"}],"about":[{"href":"https:\/\/www.sopha-sahara.com\/en\/wp-json\/wp\/v2\/types\/product"}],"wp:featuredmedia":[{"embeddable":true,"href":"https:\/\/www.sopha-sahara.com\/en\/wp-json\/wp\/v2\/media\/25318"}],"wp:attachment":[{"href":"https:\/\/www.sopha-sahara.com\/en\/wp-json\/wp\/v2\/media?parent=25056"}],"wp:term":[{"taxonomy":"product_cat","embeddable":true,"href":"https:\/\/www.sopha-sahara.com\/en\/wp-json\/wp\/v2\/product_cat?post=25056"},{"taxonomy":"product_tag","embeddable":true,"href":"https:\/\/www.sopha-sahara.com\/en\/wp-json\/wp\/v2\/product_tag?post=25056"}],"curies":[{"name":"wp","href":"https:\/\/api.w.org\/{rel}","templated":true}]}}