{"id":25055,"date":"2020-12-24T10:17:23","date_gmt":"2020-12-24T09:17:23","guid":{"rendered":"https:\/\/www.interbusinesschamber.com\/produit\/magnesium-femme-45-comprimes\/"},"modified":"2020-12-25T15:03:32","modified_gmt":"2020-12-25T14:03:32","slug":"magnesium-femme-45-comprimes","status":"publish","type":"product","link":"https:\/\/www.sopha-sahara.com\/en\/product\/magnesium-femme-45-comprimes\/","title":{"rendered":"Magnesium Femme 45 comprim\u00e9s"},"content":{"rendered":"<div class=\"prodsch_txt\">\n<div>\n<div>\n<div><strong>PHARMALIFE RESEARCH MAGNESIUM DONNA<br \/><\/strong><\/div>\n<p>Compl\u00e9ment alimentaire<\/p>\n<p>Magnesium Woman aide \u00e0 lutter efficacement contre les troubles pr\u00e9menstruels gr\u00e2ce au Magnesium Marino (chlorure de magn\u00e9sium) et au citrate de magn\u00e9sium, qui aident \u00e0 r\u00e9duire la fatigue et donnent plus d'\u00e9nergie, l'extrait d'Agnocasto aide \u00e0 lutter contre les troubles du cycle menstruel.<\/p>\n<p>CONTENU NET 46,35 grammes<\/p>\n<p>STOCKAGE: Garder dans un endroit frais et sec.<\/p><\/div>\n<div>\u00a0<\/p>\n<div>\n<h4 class=\"tabnut_tit\">INFORMATION NUTRITIONNELLE<\/h4>\n<div class=\"tabnut_table\">\n<table class=\"iaftable\" cellspacing=\"0\">\n<tbody>\n<tr>\n<td class=\"tabnut_medsep-top\">\n<div>\n<p><strong>Analyse moyenne<\/strong><\/p>\n<\/div>\n<\/td>\n<td class=\"tabnut_medsep-top\"><strong>Par 100g<\/strong><\/td>\n<td class=\"tabnut_medsep-top\"><strong>Par dose (3 comprim\u00e9s)<\/strong><\/td>\n<\/tr>\n<tr>\n<td class=\"tabnut_medsep-btm\">Chlorure de magn\u00e9sium<br \/>dont magn\u00e9sium<\/td>\n<td class=\"tabnut_medsep-btm\">\n<div>38g<\/div>\n<div>4550mg<\/div>\n<\/td>\n<td class=\"tabnut_medsep-btm\">\n<div>1,14g<\/div>\n<div>136,5mg (36,4%*)<\/div>\n<\/td>\n<\/tr>\n<tr>\n<td>Citrate de magn\u00e9sium<br \/>dont magn\u00e9sium<\/td>\n<td>\n<div>38g<\/div>\n<div>3040mg<\/div>\n<\/td>\n<td>\n<div>1,1g<\/div>\n<div>91,2mg (24,3%*)<\/div>\n<\/td>\n<\/tr>\n<tr>\n<td>Gattilier fruit extrait sec<br \/>dont agnoside<\/td>\n<td>\n<div>5g<\/div>\n<div>25mg<\/div>\n<\/td>\n<td>\n<div>0,15g<\/div>\n<div>0,75mg<\/div>\n<\/td>\n<\/tr>\n<tr>\n<td class=\"tabnut_medsep-top\">Vitamine B6<\/td>\n<td class=\"tabnut_medsep-top\">\n<div>123mg<\/div>\n<\/td>\n<td class=\"tabnut_medsep-top\">\n<div>3,69mg (263,6%*)<\/div>\n<\/td>\n<\/tr>\n<tr>\n<td class=\"tabnut_medsep-btm\" colspan=\"3\">\n<div>* Pourcentage des valeurs journali\u00e8res bas\u00e9 sur un r\u00e9gime de 2000 calories<\/div>\n<\/td>\n<\/tr>\n<\/tbody>\n<\/table>\n<\/div>\n<\/div>\n<\/div>\n<div class=\"iaf_ingred tabnut_table\"><strong>Ingr\u00e9dients:\u00a0<\/strong>chlorure de magn\u00e9sium, citrate de magn\u00e9sium, agent de charge: cellulose microcristalline, extrait de fruit sec de gattilier (Vitex agnus-castus, maltodextrine) titr\u00e9 \u00e0 0,5% en agnoside, bande peinture: Hypromellose (E464), dioxyde de titane (E171 ), polydextrose (E1200), le talc (E553b), maltodextrine, plante des triglyc\u00e9rides \u00e0 cha\u00eene moyenne; antiagglom\u00e9rants: st\u00e9arate de magn\u00e9sium, le dioxyde de silicium; le chlorhydrate de pyridoxine<\/div>\n<\/div>\n<\/div>\n<div class=\"prodsch_avvert\">D\u00e9conseill\u00e9 \u00e0 l'usage chez les femmes ayant des ant\u00e9c\u00e9dents personnels ou familiaux de cancer du sein.<\/p>\n<div>Lisez attentivement l\u2019\u00e9tiquette et les informations concernant le produit ainsi que le mode d\u2019emploi.<br \/>Ne pas d\u00e9passer la dose journali\u00e8re indiqu\u00e9e.<br \/>Tenir hors de port\u00e9e des jeunes enfants.<br \/>Les compl\u00e9ments alimentaires ne soient utilis\u00e9s comme substituts d'un r\u00e9gime alimentaire vari\u00e9.<\/div>\n<div>IAF network vous rappelled l\u2019importance d\u2019une alimentation vari\u00e9e et \u00e9quilibr\u00e9e et \u00e0 un mode de vie sain.<\/div>\n<\/div>","protected":false},"excerpt":{"rendered":"<p>Pharmalife Research Magnesium Donna 45 comprim\u00e9s. Magnesium Woman aide \u00e0 lutter efficacement contre les troubles pr\u00e9menstruels gr\u00e2ce au Magnesium Marino (chlorure de magn\u00e9sium) et au citrate de magn\u00e9sium, qui aident \u00e0 r\u00e9duire la fatigue et donnent plus d&rsquo;\u00e9nergie, l&rsquo;extrait d&rsquo;Agnocasto aide \u00e0 lutter contre les troubles du cycle menstruel.<\/p>","protected":false},"featured_media":25316,"template":"","meta":{"arc_restricted_post":false},"product_cat":[49,347],"product_tag":[],"_links":{"self":[{"href":"https:\/\/www.sopha-sahara.com\/en\/wp-json\/wp\/v2\/product\/25055"}],"collection":[{"href":"https:\/\/www.sopha-sahara.com\/en\/wp-json\/wp\/v2\/product"}],"about":[{"href":"https:\/\/www.sopha-sahara.com\/en\/wp-json\/wp\/v2\/types\/product"}],"wp:featuredmedia":[{"embeddable":true,"href":"https:\/\/www.sopha-sahara.com\/en\/wp-json\/wp\/v2\/media\/25316"}],"wp:attachment":[{"href":"https:\/\/www.sopha-sahara.com\/en\/wp-json\/wp\/v2\/media?parent=25055"}],"wp:term":[{"taxonomy":"product_cat","embeddable":true,"href":"https:\/\/www.sopha-sahara.com\/en\/wp-json\/wp\/v2\/product_cat?post=25055"},{"taxonomy":"product_tag","embeddable":true,"href":"https:\/\/www.sopha-sahara.com\/en\/wp-json\/wp\/v2\/product_tag?post=25055"}],"curies":[{"name":"wp","href":"https:\/\/api.w.org\/{rel}","templated":true}]}}