{"id":25053,"date":"2020-12-24T10:17:22","date_gmt":"2020-12-24T09:17:22","guid":{"rendered":"https:\/\/www.interbusinesschamber.com\/produit\/antiacid-comprimes-gingivaux-30-comprimes-gingivaux\/"},"modified":"2020-12-25T11:27:42","modified_gmt":"2020-12-25T10:27:42","slug":"antiacid-comprimes-gingivaux-30-comprimes-gingivaux","status":"publish","type":"product","link":"https:\/\/www.sopha-sahara.com\/en\/product\/antiacid-comprimes-gingivaux-30-comprimes-gingivaux\/","title":{"rendered":"Antiacid Comprim\u00e9s Gingivaux 30 comprim\u00e9s gingivaux"},"content":{"rendered":"<div><strong>PHARMALIFE RESEARCH ANTIACID COMPRESSE OROSOLUBILI<\/strong><\/div>\n<div>Dispositif m\u00e9dical<\/p>\n<p>Les comprim\u00e9s antiacides ou solubles sont un dispositif m\u00e9dical \u00e0 action m\u00e9canique indiqu\u00e9 pour lutter contre la sensation d'hyperacidit\u00e9, de br\u00fblures et de douleurs \u00e0 l'estomac caus\u00e9es par un \u00e9tat irritant de la muqueuse gastrique.<\/p>\n<p>POIDS NET: 30 grammes<\/p>\n<p>STOCKAGE: Garder dans un endroit frais et sec.<\/p><\/div>","protected":false},"excerpt":{"rendered":"<p>Pharmalife Research Antiacid Compresse Orosolubili 30 comprim\u00e9s gingivaux. Les comprim\u00e9s antiacides ou solubles sont un dispositif m\u00e9dical \u00e0 action m\u00e9canique indiqu\u00e9 pour lutter contre la sensation d&rsquo;hyperacidit\u00e9, de br\u00fblures et de douleurs \u00e0 l&rsquo;estomac caus\u00e9es par un \u00e9tat irritant de la muqueuse gastrique.<\/p>","protected":false},"featured_media":25180,"template":"","meta":{"arc_restricted_post":false},"product_cat":[49,347],"product_tag":[],"_links":{"self":[{"href":"https:\/\/www.sopha-sahara.com\/en\/wp-json\/wp\/v2\/product\/25053"}],"collection":[{"href":"https:\/\/www.sopha-sahara.com\/en\/wp-json\/wp\/v2\/product"}],"about":[{"href":"https:\/\/www.sopha-sahara.com\/en\/wp-json\/wp\/v2\/types\/product"}],"wp:featuredmedia":[{"embeddable":true,"href":"https:\/\/www.sopha-sahara.com\/en\/wp-json\/wp\/v2\/media\/25180"}],"wp:attachment":[{"href":"https:\/\/www.sopha-sahara.com\/en\/wp-json\/wp\/v2\/media?parent=25053"}],"wp:term":[{"taxonomy":"product_cat","embeddable":true,"href":"https:\/\/www.sopha-sahara.com\/en\/wp-json\/wp\/v2\/product_cat?post=25053"},{"taxonomy":"product_tag","embeddable":true,"href":"https:\/\/www.sopha-sahara.com\/en\/wp-json\/wp\/v2\/product_tag?post=25053"}],"curies":[{"name":"wp","href":"https:\/\/api.w.org\/{rel}","templated":true}]}}