{"id":25050,"date":"2020-12-24T10:17:22","date_gmt":"2020-12-24T09:17:22","guid":{"rendered":"https:\/\/www.interbusinesschamber.com\/produit\/aloe-100-myrtille-vine-1000ml\/"},"modified":"2020-12-25T11:17:47","modified_gmt":"2020-12-25T10:17:47","slug":"aloe-100-myrtille-vine-1000ml","status":"publish","type":"product","link":"https:\/\/www.sopha-sahara.com\/en\/product\/aloe-100-myrtille-vine-1000ml\/","title":{"rendered":"Aloe 100% Myrtille &#038; Vine 1000ml"},"content":{"rendered":"<div class=\"prodsch_txt\">\n<div>\n<div>\n<div><strong>PHARMALIFE RESEARCH ALOE 100% MIRTILLO &amp; VITE<\/strong><\/div>\n<p>Compl\u00e9ment alimentaire<\/p>\n<p>100% Aloe Resveratrol est un compl\u00e9ment alimentaire \u00e0 base d'extraits de plantes, notamment d'aloe vera biologique, qui soutient la fonction digestive et h\u00e9patique, tout en favorisant la r\u00e9gularit\u00e9 du transit intestinal.<\/p>\n<p>CONTENU NET: 1000ml<\/p>\n<p>STOCKAGE: Garder dans un endroit frais et sec.<\/p><\/div>\n<div>\u00a0<\/p>\n<div>\n<h4 class=\"tabnut_tit\">INFORMATION NUTRITIONNELLE<\/h4>\n<div class=\"tabnut_table\">\n<table class=\"iaftable\" cellspacing=\"0\">\n<tbody>\n<tr>\n<td class=\"tabnut_medsep-top\">\n<div>\n<p><strong>Analyse moyenne<\/strong><\/p>\n<\/div>\n<\/td>\n<td class=\"tabnut_medsep-top\"><strong>Par 100ml<\/strong><\/td>\n<td class=\"tabnut_medsep-top\"><strong>Par 60ml<br \/><\/strong><\/td>\n<\/tr>\n<tr>\n<td class=\"tabnut_medsep-btm\">Valeur \u00e9nerg\u00e9tique<\/td>\n<td class=\"tabnut_medsep-btm\">\n<div>11,76Kcal \/ 49,94KJ<\/div>\n<\/td>\n<td class=\"tabnut_medsep-btm\">\n<div>7,05Kcal \/ 29,97KJ<\/div>\n<\/td>\n<\/tr>\n<tr>\n<td>Graisses<\/td>\n<td>\n<div>0,014g<\/div>\n<\/td>\n<td>\n<div>0,008g<\/div>\n<\/td>\n<\/tr>\n<tr>\n<td>Glucides<\/td>\n<td>\n<div>2,879g<\/div>\n<\/td>\n<td>\n<div>1,727g<\/div>\n<\/td>\n<\/tr>\n<tr>\n<td>Prot\u00e9ine<\/td>\n<td>\n<div>0,028g<\/div>\n<\/td>\n<td>\n<div>0,017g<\/div>\n<\/td>\n<\/tr>\n<tr>\n<td>Aloe Vera jus extrait sec<\/td>\n<td>\n<div>1,01g<\/div>\n<\/td>\n<td>\n<div>0,61g<\/div>\n<\/td>\n<\/tr>\n<tr>\n<td>Vitamine C<\/td>\n<td>\n<div>0,5g<\/div>\n<\/td>\n<td>\n<div>0,3g (375%*)<\/div>\n<\/td>\n<\/tr>\n<tr>\n<td>Myrtille fruit s\u00e9ch\u00e9 par pulv\u00e9risation<\/td>\n<td>\n<div>0,2g<\/div>\n<\/td>\n<td>\n<div>0,12g<\/div>\n<\/td>\n<\/tr>\n<tr>\n<td class=\"tabnut_medsep-top\">Feuilles de vigne extrait sec<\/td>\n<td class=\"tabnut_medsep-top\">\n<div>0,2g<\/div>\n<\/td>\n<td class=\"tabnut_medsep-top\">\n<div>0,12g<\/div>\n<\/td>\n<\/tr>\n<tr>\n<td class=\"tabnut_medsep-btm\" colspan=\"3\">\n<div>* Pourcentage des valeurs journali\u00e8res bas\u00e9 sur un r\u00e9gime de 2000 calories<\/div>\n<\/td>\n<\/tr>\n<\/tbody>\n<\/table>\n<\/div>\n<\/div>\n<\/div>\n<div class=\"iaf_ingred tabnut_table\"><strong>Ingr\u00e9dients:\u00a0<\/strong>Eau d\u00e9min\u00e9ralis\u00e9e, extrait sec de jus d'Aloe Vera (Aloe barbadensis, maltodextrine) *, gamma-cyclodextrines, la vitamine C, s\u00e9ch\u00e9 par pulv\u00e9risation de canneberges de fruits (Vaccinium myrtillus, maltodextrine), graines s\u00e8ches extrait de vigne (Vitis vinifera), conservateur: potassium sorbate; un ar\u00f4me, un \u00e9dulcorant: sucralose; l'acide citrique.<br \/>* Culture biologique<\/div>\n<\/div>\n<\/div>\n<div class=\"prodsch_avvert\">D\u00e9conseill\u00e9 aux enfants de moins de 12 ans, aux femmes enceintes et allaitantes.<br \/>Un usage prolong\u00e9 est d\u00e9conseill\u00e9.<br \/>D\u00e9conseill\u00e9 aux femmes enceintes.<\/p>\n<div>Lisez attentivement l\u2019\u00e9tiquette et les informations concernant le produit ainsi que le mode d\u2019emploi.<br \/>Ne pas d\u00e9passer la dose journali\u00e8re indiqu\u00e9e.<br \/>Tenir hors de port\u00e9e des jeunes enfants.<br \/>Les compl\u00e9ments alimentaires ne soient utilis\u00e9s comme substituts d'un r\u00e9gime alimentaire vari\u00e9.<\/div>\n<div>IAF network vous rappelled l\u2019importance d\u2019une alimentation vari\u00e9e et \u00e9quilibr\u00e9e et \u00e0 un mode de vie sain.<\/div>\n<\/div>","protected":false},"excerpt":{"rendered":"<p>Pharmalife Research Aloe 100% Mirtillo &amp; Vite 1000ml. 100% Aloe Resveratrol est un compl\u00e9ment alimentaire \u00e0 base d&rsquo;extraits de plantes, notamment d&rsquo;aloe vera biologique, qui soutient la fonction digestive et h\u00e9patique, tout en favorisant la r\u00e9gularit\u00e9 du transit intestinal.<\/p>","protected":false},"featured_media":25170,"template":"","meta":{"arc_restricted_post":false},"product_cat":[49,347],"product_tag":[],"_links":{"self":[{"href":"https:\/\/www.sopha-sahara.com\/en\/wp-json\/wp\/v2\/product\/25050"}],"collection":[{"href":"https:\/\/www.sopha-sahara.com\/en\/wp-json\/wp\/v2\/product"}],"about":[{"href":"https:\/\/www.sopha-sahara.com\/en\/wp-json\/wp\/v2\/types\/product"}],"wp:featuredmedia":[{"embeddable":true,"href":"https:\/\/www.sopha-sahara.com\/en\/wp-json\/wp\/v2\/media\/25170"}],"wp:attachment":[{"href":"https:\/\/www.sopha-sahara.com\/en\/wp-json\/wp\/v2\/media?parent=25050"}],"wp:term":[{"taxonomy":"product_cat","embeddable":true,"href":"https:\/\/www.sopha-sahara.com\/en\/wp-json\/wp\/v2\/product_cat?post=25050"},{"taxonomy":"product_tag","embeddable":true,"href":"https:\/\/www.sopha-sahara.com\/en\/wp-json\/wp\/v2\/product_tag?post=25050"}],"curies":[{"name":"wp","href":"https:\/\/api.w.org\/{rel}","templated":true}]}}