{"id":25048,"date":"2020-12-24T10:17:21","date_gmt":"2020-12-24T09:17:21","guid":{"rendered":"https:\/\/www.interbusinesschamber.com\/produit\/ganoderma-reishi-100-45-comprimes\/"},"modified":"2020-12-25T14:23:01","modified_gmt":"2020-12-25T13:23:01","slug":"ganoderma-reishi-100-45-comprimes","status":"publish","type":"product","link":"https:\/\/www.sopha-sahara.com\/en\/product\/ganoderma-reishi-100-45-comprimes\/","title":{"rendered":"Ganoderma Reishi 100% 45 comprim\u00e9s"},"content":{"rendered":"<div class=\"prodsch_txt\">\n<div>\n<div><strong>PHARMALIFE RESEARCH GANODERMA REISHI 100%<\/strong><\/div>\n<div>Compl\u00e9ment alimentaire<\/p>\n<p>GANODERMA REISHI 100% est un compl\u00e9ment alimentaire \u00e0 base d'extrait sec de Ganoderma titr\u00e9 \u00e0 20% en polysaccharides. Ganoderma aide les d\u00e9fenses naturelles du corps.<\/p>\n<p>CONTENU NET 36 grammes<\/p>\n<p>STOCKAGE: Garder dans un endroit frais et sec.<\/p>\n<div>\n<h4 class=\"tabnut_tit\">INFORMATION NUTRITIONNELLE<\/h4>\n<div class=\"tabnut_table\">\n<table class=\"iaftable\" cellspacing=\"0\">\n<tbody>\n<tr>\n<td class=\"tabnut_medsep-top\">\n<div>\n<p><strong>Analyse moyenne<\/strong><\/p>\n<\/div>\n<\/td>\n<td class=\"tabnut_medsep-top\"><strong>Par 100g<\/strong><\/td>\n<td class=\"tabnut_medsep-top\"><strong>Par dose quotidienne (3 comprim\u00e9s)<\/strong><\/td>\n<\/tr>\n<tr>\n<td class=\"tabnut_medsep-btm\">\n<div>Ganoderma sporophore extrait sec<br \/>dont polysaccharides<\/div>\n<\/td>\n<td class=\"tabnut_medsep-btm\">\n<div>50g<\/div>\n<div>10g<\/div>\n<\/td>\n<td class=\"tabnut_medsep-btm\">\n<div>1,2g<\/div>\n<div>0,24g<\/div>\n<\/td>\n<\/tr>\n<\/tbody>\n<\/table>\n<\/div>\n<\/div>\n<\/div>\n<div class=\"iaf_ingred tabnut_table\"><strong>Ingr\u00e9dients:\u00a0<\/strong>sporophores sec Ganoderma Reishi (Ganoderma lucidum, maltodextrine) titr\u00e9 \u00e0 20% de polysaccharides, des agents de charge: cellulose microcristalline, phosphate de calcium; agents anti-agglom\u00e9rant: st\u00e9arate de magn\u00e9sium, dioxyde de silicium<\/div>\n<\/div>\n<\/div>\n<div class=\"prodsch_avvert\">\n<div>Lisez attentivement l\u2019\u00e9tiquette et les informations concernant le produit ainsi que le mode d\u2019emploi.<br \/>Ne pas d\u00e9passer la dose journali\u00e8re indiqu\u00e9e.<br \/>Tenir hors de port\u00e9e des jeunes enfants.<br \/>Les compl\u00e9ments alimentaires ne soient utilis\u00e9s comme substituts d'un r\u00e9gime alimentaire vari\u00e9.<\/div>\n<div>IAF network vous rappelled l\u2019importance d\u2019une alimentation vari\u00e9e et \u00e9quilibr\u00e9e et \u00e0 un mode de vie sain.<\/div>\n<\/div>","protected":false},"excerpt":{"rendered":"<p>Pharmalife Research Ganoderma Reishi 100% 45 comprim\u00e9s. GANODERMA REISHI 100% est un compl\u00e9ment alimentaire \u00e0 base d&rsquo;extrait sec de Ganoderma titr\u00e9 \u00e0 20% en polysaccharides. Ganoderma aide les d\u00e9fenses naturelles du corps.<\/p>","protected":false},"featured_media":25282,"template":"","meta":{"arc_restricted_post":false},"product_cat":[49,347],"product_tag":[],"_links":{"self":[{"href":"https:\/\/www.sopha-sahara.com\/en\/wp-json\/wp\/v2\/product\/25048"}],"collection":[{"href":"https:\/\/www.sopha-sahara.com\/en\/wp-json\/wp\/v2\/product"}],"about":[{"href":"https:\/\/www.sopha-sahara.com\/en\/wp-json\/wp\/v2\/types\/product"}],"wp:featuredmedia":[{"embeddable":true,"href":"https:\/\/www.sopha-sahara.com\/en\/wp-json\/wp\/v2\/media\/25282"}],"wp:attachment":[{"href":"https:\/\/www.sopha-sahara.com\/en\/wp-json\/wp\/v2\/media?parent=25048"}],"wp:term":[{"taxonomy":"product_cat","embeddable":true,"href":"https:\/\/www.sopha-sahara.com\/en\/wp-json\/wp\/v2\/product_cat?post=25048"},{"taxonomy":"product_tag","embeddable":true,"href":"https:\/\/www.sopha-sahara.com\/en\/wp-json\/wp\/v2\/product_tag?post=25048"}],"curies":[{"name":"wp","href":"https:\/\/api.w.org\/{rel}","templated":true}]}}