{"id":25046,"date":"2020-12-24T10:17:21","date_gmt":"2020-12-24T09:17:21","guid":{"rendered":"https:\/\/www.interbusinesschamber.com\/produit\/aloe-100-garcinia-1000ml\/"},"modified":"2020-12-25T11:11:06","modified_gmt":"2020-12-25T10:11:06","slug":"aloe-100-garcinia-1000ml","status":"publish","type":"product","link":"https:\/\/www.sopha-sahara.com\/en\/product\/aloe-100-garcinia-1000ml\/","title":{"rendered":"Aloe 100% &#038; Garcinia 1000ml"},"content":{"rendered":"<div class=\"prodsch_txt\">\n<div>\n<div>\n<div><strong>PHARMALIFE RESEARCH ALOE 100% &amp; GARCINIA<\/strong><\/div>\n<p>Compl\u00e9ment alimentaire<\/p>\n<p>100% Aloe and Garcinia est un compl\u00e9ment alimentaire \u00e0 base d'extraits de plantes, y compris le gel d'Aloe Vera, d\u00e9riv\u00e9 de plantes cultiv\u00e9es de mani\u00e8re biologique.<\/p>\n<p>CONTENU NET: 1000ml<\/p>\n<p>STOCKAGE: Garder dans un endroit frais et sec.<\/p><\/div>\n<div>\u00a0<\/p>\n<div>\n<h4 class=\"tabnut_tit\">INFORMATION NUTRITIONNELLE<\/h4>\n<div class=\"tabnut_table\">\n<table class=\"iaftable\" cellspacing=\"0\">\n<tbody>\n<tr>\n<td class=\"tabnut_medsep-top\">\n<div>\n<p><strong>Analyse moyenne<\/strong><\/p>\n<\/div>\n<\/td>\n<td class=\"tabnut_medsep-top\"><strong>Par 100ml<\/strong><\/td>\n<td class=\"tabnut_medsep-top\"><strong>Par 60ml<br \/><\/strong><\/td>\n<\/tr>\n<tr>\n<td class=\"tabnut_medsep-btm\">Valeur \u00e9nerg\u00e9tique<\/td>\n<td class=\"tabnut_medsep-btm\">\n<div>17,85Kcal \/ 75,82KJ<\/div>\n<\/td>\n<td class=\"tabnut_medsep-btm\">\n<div>10,71Kcal \/ 45,49KJ<\/div>\n<\/td>\n<\/tr>\n<tr>\n<td>Graisses<\/td>\n<td>\n<div>0,03g<\/div>\n<\/td>\n<td>\n<div>0,018g<\/div>\n<\/td>\n<\/tr>\n<tr>\n<td>Glucides<\/td>\n<td>\n<div>4,334g<\/div>\n<\/td>\n<td>\n<div>2,6g<\/div>\n<\/td>\n<\/tr>\n<tr>\n<td>Prot\u00e9ine<\/td>\n<td>\n<div>0,06g<\/div>\n<\/td>\n<td>\n<div>0,036g<\/div>\n<\/td>\n<\/tr>\n<tr>\n<td>Garcinia fruits e.s.<br \/>dont acide hydroxycitrique<\/td>\n<td>\n<div>2g<\/div>\n<div>1,2g<\/div>\n<\/td>\n<td>\n<div>1,2g<\/div>\n<div>0,72g<\/div>\n<\/td>\n<\/tr>\n<tr>\n<td>Aloe vera gel e.s.<\/td>\n<td>\n<div>1,01g<\/div>\n<\/td>\n<td>\n<div>0,61g<\/div>\n<\/td>\n<\/tr>\n<tr>\n<td class=\"tabnut_medsep-top\">Vitamine C<\/td>\n<td class=\"tabnut_medsep-top\">\n<div>0,5g<\/div>\n<\/td>\n<td class=\"tabnut_medsep-top\">\n<div>0,3g (375%*)<\/div>\n<\/td>\n<\/tr>\n<tr>\n<td class=\"tabnut_medsep-btm\" colspan=\"3\">\n<div>* Pourcentage des valeurs journali\u00e8res bas\u00e9 sur un r\u00e9gime de 2000 calories<\/div>\n<\/td>\n<\/tr>\n<\/tbody>\n<\/table>\n<\/div>\n<\/div>\n<\/div>\n<div class=\"iaf_ingred tabnut_table\"><strong>Ingr\u00e9dients:\u00a0<\/strong>eau d\u00e9min\u00e9ralis\u00e9e, extrait soluble dans l'eau s\u00e8che des fruits Garcinia Cambodge (Garcinia cambogia, sels combin\u00e9s de calcium \/ potassium) titr\u00e9 \u00e0 60% dans de l'acide hydroxycitrique, l'acide citrique; extrait sec de gel d'Aloe vera (Aloe barbadensis, maltodextrine) * concentr\u00e9 200: 1, gamma-cyclodextrines, de la vitamine C, ar\u00f4me, conservateur: sorbate de potassium; \u00e9dulcorant: sucralose<\/div>\n<\/div>\n<\/div>\n<div class=\"prodsch_avvert\">D\u00e9conseill\u00e9 aux enfants de moins de 12 ans, aux femmes enceintes et allaitantes.<br \/>Un usage prolong\u00e9 est d\u00e9conseill\u00e9.<\/p>\n<div>Lisez attentivement l\u2019\u00e9tiquette et les informations concernant le produit ainsi que le mode d\u2019emploi.<br \/>Ne pas d\u00e9passer la dose journali\u00e8re indiqu\u00e9e.<br \/>Tenir hors de port\u00e9e des jeunes enfants.<br \/>Les compl\u00e9ments alimentaires ne soient utilis\u00e9s comme substituts d'un r\u00e9gime alimentaire vari\u00e9.<\/div>\n<div>IAF network vous rappelled l\u2019importance d\u2019une alimentation vari\u00e9e et \u00e9quilibr\u00e9e et \u00e0 un mode de vie sain.<\/div>\n<\/div>","protected":false},"excerpt":{"rendered":"<p>Pharmalife Research Aloe 100% &amp; Garcinia 1000ml. 100% Aloe and Garcinia est un compl\u00e9ment alimentaire \u00e0 base d&rsquo;extraits de plantes, y compris le gel d&rsquo;Aloe Vera, d\u00e9riv\u00e9 de plantes cultiv\u00e9es de mani\u00e8re biologique.<\/p>","protected":false},"featured_media":25164,"template":"","meta":{"arc_restricted_post":false},"product_cat":[49,347],"product_tag":[],"_links":{"self":[{"href":"https:\/\/www.sopha-sahara.com\/en\/wp-json\/wp\/v2\/product\/25046"}],"collection":[{"href":"https:\/\/www.sopha-sahara.com\/en\/wp-json\/wp\/v2\/product"}],"about":[{"href":"https:\/\/www.sopha-sahara.com\/en\/wp-json\/wp\/v2\/types\/product"}],"wp:featuredmedia":[{"embeddable":true,"href":"https:\/\/www.sopha-sahara.com\/en\/wp-json\/wp\/v2\/media\/25164"}],"wp:attachment":[{"href":"https:\/\/www.sopha-sahara.com\/en\/wp-json\/wp\/v2\/media?parent=25046"}],"wp:term":[{"taxonomy":"product_cat","embeddable":true,"href":"https:\/\/www.sopha-sahara.com\/en\/wp-json\/wp\/v2\/product_cat?post=25046"},{"taxonomy":"product_tag","embeddable":true,"href":"https:\/\/www.sopha-sahara.com\/en\/wp-json\/wp\/v2\/product_tag?post=25046"}],"curies":[{"name":"wp","href":"https:\/\/api.w.org\/{rel}","templated":true}]}}