{"id":25045,"date":"2020-12-24T10:17:21","date_gmt":"2020-12-24T09:17:21","guid":{"rendered":"https:\/\/www.interbusinesschamber.com\/produit\/garcinia-100-500ml\/"},"modified":"2020-12-25T14:23:37","modified_gmt":"2020-12-25T13:23:37","slug":"garcinia-100-500ml","status":"publish","type":"product","link":"https:\/\/www.sopha-sahara.com\/en\/product\/garcinia-100-500ml\/","title":{"rendered":"Garcinia 100% 500ml"},"content":{"rendered":"<div class=\"prodsch_txt\">\n<div>\n<div>\n<div><strong>PHARMALIFE RESEARCH GARCINIA 100%<\/strong><\/div>\n<p>Compl\u00e9ment alimentaire<\/p>\n<p>Le fruit actif \u00e0 100% de Garcinia est un compl\u00e9ment alimentaire \u00e0 base d'extrait soluble de fruits de Garcinia Cambogia qui favorise le m\u00e9tabolisme des lipides et contribue \u00e0 l'\u00e9quilibre du poids.<\/p>\n<p>CONTENU NET: 500ml<\/p>\n<p>STOCKAGE: Garder dans un endroit frais et sec.<\/p><\/div>\n<div>\u00a0<\/p>\n<div>\n<h4 class=\"tabnut_tit\">INFORMATION NUTRITIONNELLE<\/h4>\n<div class=\"tabnut_table\">\n<table class=\"iaftable\" cellspacing=\"0\">\n<tbody>\n<tr>\n<td class=\"tabnut_medsep-top\">\n<div>\n<p><strong>Analyse moyenne<\/strong><\/p>\n<\/div>\n<\/td>\n<td class=\"tabnut_medsep-top\"><strong>Par 100ml<\/strong><\/td>\n<td class=\"tabnut_medsep-top\"><strong>Par 30ml<br \/><\/strong><\/td>\n<\/tr>\n<tr>\n<td class=\"tabnut_medsep-btm\">Valeur \u00e9nerg\u00e9tique<\/td>\n<td class=\"tabnut_medsep-btm\">\n<div>12,21Kcal \/ 51,84KJ<\/div>\n<\/td>\n<td class=\"tabnut_medsep-btm\">\n<div>3,66Kcal \/ 15,55KJ<\/div>\n<\/td>\n<\/tr>\n<tr>\n<td>Graisses<\/td>\n<td>\n<div>0,031g<\/div>\n<\/td>\n<td>\n<div>0,009g<\/div>\n<\/td>\n<\/tr>\n<tr>\n<td>Glucides<\/td>\n<td>\n<div>2,92g<\/div>\n<\/td>\n<td>\n<div>0,876g<\/div>\n<\/td>\n<\/tr>\n<tr>\n<td>Prot\u00e9ine<\/td>\n<td>\n<div>0,062g<\/div>\n<\/td>\n<td>\n<div>0,019g<\/div>\n<\/td>\n<\/tr>\n<tr>\n<td>Garcinia fruits e.s.<br \/>dont acide hydroxycitrique<\/td>\n<td>\n<div>2,8g<\/div>\n<div>1,68g<\/div>\n<\/td>\n<td>\n<div>0,840g<\/div>\n<div>0,501g<\/div>\n<\/td>\n<\/tr>\n<tr>\n<td class=\"tabnut_medsep-top\">Pomme jus<\/td>\n<td class=\"tabnut_medsep-top\">\n<div>0,2g<\/div>\n<\/td>\n<td class=\"tabnut_medsep-top\">\n<div>0,06g<\/div>\n<\/td>\n<\/tr>\n<tr>\n<td class=\"tabnut_medsep-btm\" colspan=\"3\">\n<div>* Pourcentage des valeurs journali\u00e8res bas\u00e9 sur un r\u00e9gime de 2000 calories<\/div>\n<\/td>\n<\/tr>\n<\/tbody>\n<\/table>\n<\/div>\n<\/div>\n<\/div>\n<div class=\"iaf_ingred tabnut_table\"><strong>Ingr\u00e9dients:\u00a0<\/strong>eau d\u00e9min\u00e9ralis\u00e9e, extrait soluble dans l'eau s\u00e8che des fruits Garcinia Cambodge (Garcinia cambogia, sels combin\u00e9s de calcium \/ potassium) titr\u00e9 \u00e0 60% dans de l'acide hydroxycitrique, l'acide citrique; aromatisant, conservateur: sorbate de potassium; fruits jus de pomme (Malus domestica), \u00e9dulcorant: sucralose<\/div>\n<\/div>\n<\/div>\n<div class=\"prodsch_avvert\">\n<div>Lisez attentivement l\u2019\u00e9tiquette et les informations concernant le produit ainsi que le mode d\u2019emploi.<br \/>Ne pas d\u00e9passer la dose journali\u00e8re indiqu\u00e9e.<br \/>Tenir hors de port\u00e9e des jeunes enfants.<br \/>Les compl\u00e9ments alimentaires ne soient utilis\u00e9s comme substituts d'un r\u00e9gime alimentaire vari\u00e9.<\/div>\n<div>IAF network vous rappelled l\u2019importance d\u2019une alimentation vari\u00e9e et \u00e9quilibr\u00e9e et \u00e0 un mode de vie sain.<\/div>\n<\/div>","protected":false},"excerpt":{"rendered":"<p>Pharmalife Research Garcinia 100% 500ml. Le fruit actif \u00e0 100% de Garcinia est un compl\u00e9ment alimentaire \u00e0 base d&rsquo;extrait soluble de fruits de Garcinia Cambogia qui favorise le m\u00e9tabolisme des lipides et contribue \u00e0 l&rsquo;\u00e9quilibre du poids.<\/p>","protected":false},"featured_media":25283,"template":"","meta":{"arc_restricted_post":false},"product_cat":[49,347],"product_tag":[],"_links":{"self":[{"href":"https:\/\/www.sopha-sahara.com\/en\/wp-json\/wp\/v2\/product\/25045"}],"collection":[{"href":"https:\/\/www.sopha-sahara.com\/en\/wp-json\/wp\/v2\/product"}],"about":[{"href":"https:\/\/www.sopha-sahara.com\/en\/wp-json\/wp\/v2\/types\/product"}],"wp:featuredmedia":[{"embeddable":true,"href":"https:\/\/www.sopha-sahara.com\/en\/wp-json\/wp\/v2\/media\/25283"}],"wp:attachment":[{"href":"https:\/\/www.sopha-sahara.com\/en\/wp-json\/wp\/v2\/media?parent=25045"}],"wp:term":[{"taxonomy":"product_cat","embeddable":true,"href":"https:\/\/www.sopha-sahara.com\/en\/wp-json\/wp\/v2\/product_cat?post=25045"},{"taxonomy":"product_tag","embeddable":true,"href":"https:\/\/www.sopha-sahara.com\/en\/wp-json\/wp\/v2\/product_tag?post=25045"}],"curies":[{"name":"wp","href":"https:\/\/api.w.org\/{rel}","templated":true}]}}