{"id":25044,"date":"2020-12-24T10:17:21","date_gmt":"2020-12-24T09:17:21","guid":{"rendered":"https:\/\/www.interbusinesschamber.com\/produit\/neo-vita-formule-forte-45-comprimes\/"},"modified":"2020-12-25T15:15:27","modified_gmt":"2020-12-25T14:15:27","slug":"neo-vita-formule-forte-45-comprimes","status":"publish","type":"product","link":"https:\/\/www.sopha-sahara.com\/en\/product\/neo-vita-formule-forte-45-comprimes\/","title":{"rendered":"Neo Vita Formule Forte 45 comprim\u00e9s"},"content":{"rendered":"<div class=\"prodsch_txt\">\n<div>\n<div><strong>PHARMALIFE RESEARCH NEO VITA FORTE<\/strong><\/div>\n<div>Compl\u00e9ment alimentaire<\/p>\n<p>Compl\u00e9ment alimentaire \u00e0 base de fibres et d\u2019extraits v\u00e9g\u00e9taux, notamment de rhodiola, de m\u00e9lisse, de ginseng, de ginkgo biloba et de millepertuis.<\/p>\n<p>CONTENU NET 42,75 grammes<\/p>\n<p>STOCKAGE: Garder dans un endroit frais et sec.<\/p>\n<div>\n<h4 class=\"tabnut_tit\">INFORMATION NUTRITIONNELLE<\/h4>\n<div class=\"tabnut_table\">\n<table class=\"iaftable\" cellspacing=\"0\">\n<tbody>\n<tr>\n<td class=\"tabnut_medsep-top\"><strong>Analyse moyenne<\/strong><\/td>\n<td class=\"tabnut_medsep-top\"><strong>Par 100g<\/strong><\/td>\n<td class=\"tabnut_medsep-top\"><strong>Par dose (3 comprim\u00e9s)<br \/><\/strong><\/td>\n<\/tr>\n<tr>\n<td class=\"tabnut_medsep-btm\">\n<div>Rhodiola rosea racine extrait sec<\/div>\n<\/td>\n<td class=\"tabnut_medsep-btm\">\n<div>24,21g<\/div>\n<\/td>\n<td class=\"tabnut_medsep-btm\">\n<div>690mg<\/div>\n<\/td>\n<\/tr>\n<tr>\n<td>St. John's Wort sommit\u00e9 fleurie extrait sec<\/td>\n<td>\n<div>24,21g<\/div>\n<\/td>\n<td>\n<div>690mg<\/div>\n<\/td>\n<\/tr>\n<tr>\n<td>dont flavono\u00efdes<\/td>\n<td>\n<div>726mg<\/div>\n<\/td>\n<td>\n<div>\n<div>20,7mg<\/div>\n<\/div>\n<\/td>\n<\/tr>\n<tr>\n<td>dont hyp\u00e9ricine<\/td>\n<td>\n<div>\n<div>0,7mg<\/div>\n<\/div>\n<\/td>\n<td>\n<div>\n<div>0,02mg<\/div>\n<\/div>\n<\/td>\n<\/tr>\n<tr>\n<td>\n<div>M\u00e9lisse feuilles extrait sec<\/div>\n<\/td>\n<td>\n<div>10,53g<\/div>\n<\/td>\n<td>\n<div>300mg<\/div>\n<\/td>\n<\/tr>\n<tr>\n<td>\n<div>Ginseng racine extrait sec<\/div>\n<\/td>\n<td>\n<div>7,37g<\/div>\n<\/td>\n<td>\n<div>210mg<\/div>\n<\/td>\n<\/tr>\n<tr>\n<td>\n<div>Ginkgo biloba feuilles extrait sec<\/div>\n<\/td>\n<td>\n<div>6,31g<\/div>\n<\/td>\n<td>\n<div>180mg<\/div>\n<\/td>\n<\/tr>\n<\/tbody>\n<\/table>\n<\/div>\n<\/div>\n<\/div>\n<div class=\"iaf_ingred tabnut_table\"><strong>Ingr\u00e9dients:\u00a0<\/strong>Agent de charge: cellulose microcristalline; extrait de racine sec de Rhodiola (Rhodiola rosea, maltodextrine), extrait sec de Wort fleurs tops St. John (PH50) (de Hypericum perforatum, maltodextrine) titr\u00e9 \u00e0 3% en flavono\u00efdes, feuilles s\u00e8ches extrait Melissa (Melissa officinalis, maltodextrine), extrait sec de Ginkgo feuilles (Ginkgo biloba, maltodextrine), extrait sec de racine de ginseng (Panax ginseng, maltodextrine); agents anti-agglom\u00e9rant: st\u00e9arate de magn\u00e9sium, dioxyde de silicium<\/div>\n<\/div>\n<\/div>\n<div class=\"prodsch_avvert\">Demander conseil \u00e0 votre m\u00e9decin avant l'emploi.<br \/>Consultez votre m\u00e9decin en cas de prise simultan\u00e9e d'anticoagulants.<br \/>D\u00e9conseill\u00e9 aux femmes enceintes et allaitantes.<br \/>Association d\u00e9conseill\u00e9e avec certains m\u00e9dicaments parce que l'extract de millepertuis peut interf\u00e9rer avec leur metabolism et \u00e9galement leur effet.<br \/>L'extrait de millepertuis ne devrait pas \u00eatre utilis\u00e9 chez les enfants et les adolescents.<\/p>\n<div>Lisez attentivement l\u2019\u00e9tiquette et les informations concernant le produit ainsi que le mode d\u2019emploi.<br \/>Ne pas d\u00e9passer la dose journali\u00e8re indiqu\u00e9e.<br \/>Tenir hors de port\u00e9e des jeunes enfants.<br \/>Les compl\u00e9ments alimentaires ne soient utilis\u00e9s comme substituts d'un r\u00e9gime alimentaire vari\u00e9.<\/div>\n<div>IAF network vous rappelled l\u2019importance d\u2019une alimentation vari\u00e9e et \u00e9quilibr\u00e9e et \u00e0 un mode de vie sain.<\/div>\n<\/div>","protected":false},"excerpt":{"rendered":"<p>Pharmalife Research Neo Vita Forte 45 comprim\u00e9s. Compl\u00e9ment alimentaire \u00e0 base de fibres et d\u2019extraits v\u00e9g\u00e9taux, notamment de rhodiola, de m\u00e9lisse, de ginseng, de ginkgo biloba et de millepertuis.<\/p>","protected":false},"featured_media":25329,"template":"","meta":{"arc_restricted_post":false},"product_cat":[49,347],"product_tag":[],"_links":{"self":[{"href":"https:\/\/www.sopha-sahara.com\/en\/wp-json\/wp\/v2\/product\/25044"}],"collection":[{"href":"https:\/\/www.sopha-sahara.com\/en\/wp-json\/wp\/v2\/product"}],"about":[{"href":"https:\/\/www.sopha-sahara.com\/en\/wp-json\/wp\/v2\/types\/product"}],"wp:featuredmedia":[{"embeddable":true,"href":"https:\/\/www.sopha-sahara.com\/en\/wp-json\/wp\/v2\/media\/25329"}],"wp:attachment":[{"href":"https:\/\/www.sopha-sahara.com\/en\/wp-json\/wp\/v2\/media?parent=25044"}],"wp:term":[{"taxonomy":"product_cat","embeddable":true,"href":"https:\/\/www.sopha-sahara.com\/en\/wp-json\/wp\/v2\/product_cat?post=25044"},{"taxonomy":"product_tag","embeddable":true,"href":"https:\/\/www.sopha-sahara.com\/en\/wp-json\/wp\/v2\/product_tag?post=25044"}],"curies":[{"name":"wp","href":"https:\/\/api.w.org\/{rel}","templated":true}]}}