{"id":25043,"date":"2020-12-24T10:17:21","date_gmt":"2020-12-24T09:17:21","guid":{"rendered":"https:\/\/www.interbusinesschamber.com\/produit\/magnesium-no-stress-45-comprimes\/"},"modified":"2020-12-25T15:04:09","modified_gmt":"2020-12-25T14:04:09","slug":"magnesium-no-stress-45-comprimes","status":"publish","type":"product","link":"https:\/\/www.sopha-sahara.com\/en\/product\/magnesium-no-stress-45-comprimes\/","title":{"rendered":"Magnesium No Stress 45 comprim\u00e9s"},"content":{"rendered":"<div class=\"prodsch_txt\">\n<div>\n<div><strong>PHARMALIFE RESEARCH MAGNESIUM NO STRESS<\/strong><\/div>\n<div>Compl\u00e9ment alimentaire<\/p>\n<p>Compl\u00e9ment alimentaire \u00e0 base de 2 sources de Magn\u00e9sium, Rhodiola, Scutellaria et Vitamine B1.<\/p>\n<p>CONTENU NET\u00a046,35 grammes<\/p>\n<p>STOCKAGE: Garder dans un endroit frais et sec.<\/p>\n<div>\n<h4 class=\"tabnut_tit\">INFORMATION NUTRITIONNELLE<\/h4>\n<div class=\"tabnut_table\">\n<table class=\"iaftable\" cellspacing=\"0\">\n<tbody>\n<tr>\n<td class=\"tabnut_medsep-top\"><strong>Analyse moyenne<\/strong><\/td>\n<td class=\"tabnut_medsep-top\"><strong>Par 100g<\/strong><\/td>\n<td class=\"tabnut_medsep-top\"><strong>Par dose (3 comprim\u00e9s)<\/strong><\/td>\n<\/tr>\n<tr>\n<td class=\"tabnut_medsep-btm\">Chlorure de magnesium<br \/>dont magn\u00e9sium<\/td>\n<td class=\"tabnut_medsep-btm\">\n<div>28g<\/div>\n<div>3350mg<\/div>\n<\/td>\n<td class=\"tabnut_medsep-btm\">\n<div>0,84g<\/div>\n<div>100,5mg (26,8%*)<\/div>\n<\/td>\n<\/tr>\n<tr>\n<td>Citrate de magn\u00e9sium<br \/>dont magn\u00e9sium<\/td>\n<td>\n<div>28g<\/div>\n<div>2240mg<\/div>\n<\/td>\n<td>\n<div>0,84g<\/div>\n<div>67,2mg (17,9%*)<\/div>\n<\/td>\n<\/tr>\n<tr>\n<td>Rhodiola racine\u00a0e.s.<br \/>dont rosavine<\/td>\n<td>\n<div>10g<\/div>\n<div>300mg<\/div>\n<\/td>\n<td>\n<div>0,3g<\/div>\n<div>9mg<\/div>\n<\/td>\n<\/tr>\n<tr>\n<td>\n<div>Scutellaria racine e.s.<\/div>\n<div>dont baicalin<\/div>\n<\/td>\n<td>\n<div>10g<\/div>\n<div>3g<\/div>\n<\/td>\n<td>\n<div>0,3g<\/div>\n<div>0,09g<\/div>\n<\/td>\n<\/tr>\n<tr>\n<td class=\"tabnut_medsep-top\">Thiamine<\/td>\n<td class=\"tabnut_medsep-top\">89,3mg<\/td>\n<td class=\"tabnut_medsep-top\">2,68mg (243,6%*)<\/td>\n<\/tr>\n<tr>\n<td class=\"tabnut_medsep-btm\" colspan=\"3\">\n<div>* Pourcentage des valeurs journali\u00e8res bas\u00e9 sur un r\u00e9gime de 2000 calories<\/div>\n<\/td>\n<\/tr>\n<\/tbody>\n<\/table>\n<\/div>\n<\/div>\n<\/div>\n<div class=\"iaf_ingred tabnut_table\"><strong>Ingr\u00e9dients:\u00a0<\/strong>chlorure de magn\u00e9sium, le citrate de magn\u00e9sium, agent de charge: cellulose microcristalline; Rhodiola sec extrait de racine (Rhodiola rosea) standardis\u00e9 \u00e0 3% en rosavins, extrait sec de racine de Scutellaria (lateriflora Scutellaria) titr\u00e9 \u00e0 30% en baicalin, ruban peinture: hydroxypropylm\u00e9thylcellulose (E464), dioxyde de titane (E171) Polydextrose (E1200 ), le talc (E553b), maltodextrine, l\u00e9gumes triglyc\u00e9rides \u00e0 cha\u00eene moyenne; chlorhydrate de thiamine, antiagglom\u00e9rants: st\u00e9arate de magn\u00e9sium, dioxyde de silicium<\/div>\n<\/div>\n<\/div>\n<div class=\"prodsch_avvert\">\n<div>Lisez attentivement l\u2019\u00e9tiquette et les informations concernant le produit ainsi que le mode d\u2019emploi.<br \/>Ne pas d\u00e9passer la dose journali\u00e8re indiqu\u00e9e.<br \/>Tenir hors de port\u00e9e des jeunes enfants.<br \/>Les compl\u00e9ments alimentaires ne soient utilis\u00e9s comme substituts d'un r\u00e9gime alimentaire vari\u00e9.<\/div>\n<div>IAF network vous rappelled l\u2019importance d\u2019une alimentation vari\u00e9e et \u00e9quilibr\u00e9e et \u00e0 un mode de vie sain.<\/div>\n<\/div>","protected":false},"excerpt":{"rendered":"<p>Pharmalife Research Magnesium No Stress 45 comprim\u00e9s. Compl\u00e9ment alimentaire \u00e0 base de 2 sources de Magn\u00e9sium, Rhodiola, Scutellaria et Vitamine B1.<\/p>","protected":false},"featured_media":25317,"template":"","meta":{"arc_restricted_post":false},"product_cat":[49,347],"product_tag":[],"_links":{"self":[{"href":"https:\/\/www.sopha-sahara.com\/en\/wp-json\/wp\/v2\/product\/25043"}],"collection":[{"href":"https:\/\/www.sopha-sahara.com\/en\/wp-json\/wp\/v2\/product"}],"about":[{"href":"https:\/\/www.sopha-sahara.com\/en\/wp-json\/wp\/v2\/types\/product"}],"wp:featuredmedia":[{"embeddable":true,"href":"https:\/\/www.sopha-sahara.com\/en\/wp-json\/wp\/v2\/media\/25317"}],"wp:attachment":[{"href":"https:\/\/www.sopha-sahara.com\/en\/wp-json\/wp\/v2\/media?parent=25043"}],"wp:term":[{"taxonomy":"product_cat","embeddable":true,"href":"https:\/\/www.sopha-sahara.com\/en\/wp-json\/wp\/v2\/product_cat?post=25043"},{"taxonomy":"product_tag","embeddable":true,"href":"https:\/\/www.sopha-sahara.com\/en\/wp-json\/wp\/v2\/product_tag?post=25043"}],"curies":[{"name":"wp","href":"https:\/\/api.w.org\/{rel}","templated":true}]}}