{"id":25042,"date":"2020-12-24T10:17:21","date_gmt":"2020-12-24T09:17:21","guid":{"rendered":"https:\/\/www.interbusinesschamber.com\/produit\/solesan-30-comprimes\/"},"modified":"2020-12-25T15:42:02","modified_gmt":"2020-12-25T14:42:02","slug":"solesan-30-comprimes","status":"publish","type":"product","link":"https:\/\/www.sopha-sahara.com\/en\/product\/solesan-30-comprimes\/","title":{"rendered":"Solesan 30 comprim\u00e9s"},"content":{"rendered":"<div class=\"prodsch_txt\">\n<div>\n<div><strong>PHARMALIFE RESEARCH SOLESAN<\/strong><\/div>\n<div>Compl\u00e9ment alimentaire<\/p>\n<p>SOLESAN est un compl\u00e9ment alimentaire \u00e0 base d'extraits de plantes tels que Vite, Th\u00e9 Vert et Polygonum qui poss\u00e8dent de fortes propri\u00e9t\u00e9s antioxydantes.<\/p>\n<p>CONTENU NET 24 grammes<\/p>\n<p>STOCKAGE: Garder dans un endroit frais et sec.<\/p>\n<div>\n<h4 class=\"tabnut_tit\">INFORMATION NUTRITIONNELLE<\/h4>\n<div class=\"tabnut_table\">\n<table class=\"iaftable\" cellspacing=\"0\">\n<tbody>\n<tr>\n<td class=\"tabnut_medsep-top\"><strong>Analyse moyenne<\/strong><\/td>\n<td class=\"tabnut_medsep-top\"><strong>Par 100g<\/strong><\/td>\n<td class=\"tabnut_medsep-top\"><strong>Par dose (1 comprim\u00e9)<br \/><\/strong><\/td>\n<\/tr>\n<tr>\n<td class=\"tabnut_medsep-btm\">Vitamine C<\/td>\n<td class=\"tabnut_medsep-btm\">15g<\/td>\n<td class=\"tabnut_medsep-btm\">0,12g (150%*)<\/td>\n<\/tr>\n<tr>\n<td>Vitamine E<\/td>\n<td>1,875g<\/td>\n<td>0,015g (125%*)<\/td>\n<\/tr>\n<tr>\n<td>\n<div>Bioflavono\u00efdes<\/div>\n<\/td>\n<td>7,5g<\/td>\n<td>0,06g<\/td>\n<\/tr>\n<tr>\n<td>B\u00eata-carot\u00e8ne<br \/>dont vitamine A<\/td>\n<td>\n<div>187,2mg<\/div>\n<div>31,2mg REq<\/div>\n<\/td>\n<td>\n<div>1,5mg<\/div>\n<div>0,25mg REq (31,25%*)<\/div>\n<\/td>\n<\/tr>\n<tr>\n<td>Lut\u00e9ine<\/td>\n<td>31,25mg<\/td>\n<td>0,25mg<\/td>\n<\/tr>\n<tr>\n<td>Astaxanthine<\/td>\n<td>25mg<\/td>\n<td>0,2mg<\/td>\n<\/tr>\n<tr>\n<td>Vigne graines e.s.<\/td>\n<td>18,75g<\/td>\n<td>0,15g<\/td>\n<\/tr>\n<tr>\n<td>Th\u00e9 vert feuilles\u00a0e.s.<\/td>\n<td>12,5g<\/td>\n<td>0,1g<\/td>\n<\/tr>\n<tr>\n<td>Polygonum racine\u00a0e.s.<\/td>\n<td>2,5g<\/td>\n<td>0,02g<\/td>\n<\/tr>\n<tr>\n<td class=\"tabnut_medsep-top\">Carotte racine\u00a0e.s.<\/td>\n<td class=\"tabnut_medsep-top\">2,5g<\/td>\n<td class=\"tabnut_medsep-top\">0,02g<\/td>\n<\/tr>\n<tr>\n<td class=\"tabnut_medsep-btm\" colspan=\"3\">\n<div>* Pourcentage des valeurs journali\u00e8res bas\u00e9 sur un r\u00e9gime de 2000 calories<\/div>\n<\/td>\n<\/tr>\n<\/tbody>\n<\/table>\n<\/div>\n<\/div>\n<\/div>\n<div class=\"iaf_ingred tabnut_table\"><strong>Ingr\u00e9dients:\u00a0<\/strong>extrait sec de graines de vigne (Vitis vinifera, maltodextrine), agent de charge: cellulose microcristalline; La vitamine C, extrait sec verte de feuilles de th\u00e9 (Camellia sinensis, maltodextrine), bioflavono\u00efdes de fruits d'agrumes, agent de charge: phosphate de calcium; La vitamine E (ac\u00e9tate de dl-alpha-tocoph\u00e9rol, g\u00e9latine hydrolys\u00e9e), Polygonum extrait sec de racine (Poligonum cuspidatum, maltodextrine), extrait sec carotte racine (Daucus carotte, maltodextrine), b\u00eata-carot\u00e8ne (b\u00eata-carot\u00e8ne, de la maltodextrine, la g\u00e9latine marine), des agents anti-agglom\u00e9rant: st\u00e9arate de magn\u00e9sium, dioxyde de silicium; Astaxanthine, lut\u00e9ine<\/div>\n<\/div>\n<\/div>\n<div class=\"prodsch_avvert\">Ne pas utiliser pendant la grossesse.<br \/>D\u00e9conseill\u00e9 en dehors des repas, ainsi que aux enfants, adolescents, femmes enceintes ou allaitantes.<\/p>\n<div>Lisez attentivement l\u2019\u00e9tiquette et les informations concernant le produit ainsi que le mode d\u2019emploi.<br \/>Ne pas d\u00e9passer la dose journali\u00e8re indiqu\u00e9e.<br \/>Tenir hors de port\u00e9e des jeunes enfants.<br \/>Les compl\u00e9ments alimentaires ne soient utilis\u00e9s comme substituts d'un r\u00e9gime alimentaire vari\u00e9.<\/div>\n<div>IAF network vous rappelled l\u2019importance d\u2019une alimentation vari\u00e9e et \u00e9quilibr\u00e9e et \u00e0 un mode de vie sain.<\/div>\n<\/div>","protected":false},"excerpt":{"rendered":"<p>Pharmalife Research Solesan 30 comprim\u00e9s. SOLESAN est un compl\u00e9ment alimentaire \u00e0 base d&rsquo;extraits de plantes tels que Vite, Th\u00e9 Vert et Polygonum qui poss\u00e8dent de fortes propri\u00e9t\u00e9s antioxydantes.<\/p>","protected":false},"featured_media":25369,"template":"","meta":{"arc_restricted_post":false},"product_cat":[49,347],"product_tag":[],"_links":{"self":[{"href":"https:\/\/www.sopha-sahara.com\/en\/wp-json\/wp\/v2\/product\/25042"}],"collection":[{"href":"https:\/\/www.sopha-sahara.com\/en\/wp-json\/wp\/v2\/product"}],"about":[{"href":"https:\/\/www.sopha-sahara.com\/en\/wp-json\/wp\/v2\/types\/product"}],"wp:featuredmedia":[{"embeddable":true,"href":"https:\/\/www.sopha-sahara.com\/en\/wp-json\/wp\/v2\/media\/25369"}],"wp:attachment":[{"href":"https:\/\/www.sopha-sahara.com\/en\/wp-json\/wp\/v2\/media?parent=25042"}],"wp:term":[{"taxonomy":"product_cat","embeddable":true,"href":"https:\/\/www.sopha-sahara.com\/en\/wp-json\/wp\/v2\/product_cat?post=25042"},{"taxonomy":"product_tag","embeddable":true,"href":"https:\/\/www.sopha-sahara.com\/en\/wp-json\/wp\/v2\/product_tag?post=25042"}],"curies":[{"name":"wp","href":"https:\/\/api.w.org\/{rel}","templated":true}]}}