{"id":25041,"date":"2020-12-24T10:17:21","date_gmt":"2020-12-24T09:17:21","guid":{"rendered":"https:\/\/www.interbusinesschamber.com\/produit\/omegalife-30-perles\/"},"modified":"2020-12-25T15:19:15","modified_gmt":"2020-12-25T14:19:15","slug":"omegalife-30-perles","status":"publish","type":"product","link":"https:\/\/www.sopha-sahara.com\/en\/product\/omegalife-30-perles\/","title":{"rendered":"OmegaLife 30 perles"},"content":{"rendered":"<div class=\"prodsch_txt\">\n<div>\n<div><strong>PHARMALIFE RESEARCH SOLESAN<\/strong><\/div>\n<div>Compl\u00e9ment alimentaire<\/p>\n<p>Compl\u00e9ment alimentaire en acides gras om\u00e9ga-6 et om\u00e9ga-3.<\/p>\n<p>POIDS NET: 21 grammes<\/p>\n<p>STOCKAGE: Garder dans un endroit frais et sec.<\/p>\n<div>\n<div>\n<h4 class=\"tabnut_tit\">INFORMATION NUTRITIONNELLE<\/h4>\n<div class=\"tabnut_table\">\n<table class=\"iaftable\" cellspacing=\"0\">\n<tbody>\n<tr>\n<td class=\"tabnut_medsep-top\"><strong>Analyse moyenne\u00a0(Perles de huile d'onagre)<br \/><\/strong><\/td>\n<td class=\"tabnut_medsep-top\"><strong>Par 100g<\/strong><\/td>\n<td class=\"tabnut_medsep-top\"><strong>Par dose (1 perle)<\/strong><\/td>\n<\/tr>\n<tr>\n<td class=\"tabnut_medsep-btm\">Valeur \u00e9nerg\u00e9tique<\/td>\n<td class=\"tabnut_medsep-btm\">756,63Kcal \/ 3164,86KJ<\/td>\n<td class=\"tabnut_medsep-btm\">5,3Kcal \/ 22,17KJ<\/td>\n<\/tr>\n<tr>\n<td>Prot\u00e9ine<\/td>\n<td>19,54g<\/td>\n<td>0,14g<\/td>\n<\/tr>\n<tr>\n<td>Glucides<\/td>\n<td>9g<\/td>\n<td>0,06g<\/td>\n<\/tr>\n<tr>\n<td class=\"tabnut_medsep-top\">Graisses<br \/>dont satur\u00e9s<br \/>dont monoinsatur\u00e9<br \/>dont polyinsatur\u00e9<br \/>\u00a0 dont (\u03a93)<br \/>\u00a0 dont (\u03a96)<br \/>\u00a0 dont acide \u03b3-linol\u00e9nique<\/td>\n<td class=\"tabnut_medsep-top\">\n<div>71,33g<\/div>\n<div>6g<\/div>\n<div>4,9g<\/div>\n<div>60,4g<\/div>\n<div>120mg<\/div>\n<div>50,73g<\/div>\n<div>5,1g<\/div>\n<\/td>\n<td class=\"tabnut_medsep-top\">\n<div>\n<div>0,5g<\/div>\n<div>0,04g<\/div>\n<\/div>\n<div>0,03g<\/div>\n<div>0,42g<\/div>\n<div>0,8mg<\/div>\n<div>0,35g<\/div>\n<div>0,04g<\/div>\n<\/td>\n<\/tr>\n<tr>\n<td class=\"tabnut_medsep-btm\" colspan=\"3\">\n<div><strong>Ingr\u00e9dients:<\/strong>\u00a0Huile de Oenothera biennis (Oenothera), D-alpha-tocoph\u00e9rol, la g\u00e9latine, le glyc\u00e9rol.<\/div>\n<\/td>\n<\/tr>\n<\/tbody>\n<\/table>\n<\/div>\n<\/div>\n<\/div>\n<p>\u00a0<\/p>\n<div>\n<div class=\"tabnut_table\">\n<table class=\"iaftable\" cellspacing=\"0\">\n<tbody>\n<tr>\n<td class=\"tabnut_medsep-top\"><strong>Analyse moyenne\u00a0(Perles de huile de cassis)<\/strong><\/td>\n<td class=\"tabnut_medsep-top\"><strong>Par 100g<\/strong><\/td>\n<td class=\"tabnut_medsep-top\"><strong>Par dose (1 perle)<\/strong><\/td>\n<\/tr>\n<tr>\n<td class=\"tabnut_medsep-btm\">Valeur \u00e9nerg\u00e9tique<\/td>\n<td class=\"tabnut_medsep-btm\">757,14Kcal \/ 3164,86KJ<\/td>\n<td class=\"tabnut_medsep-btm\">5,3Kcal \/ 22,17KJ<\/td>\n<\/tr>\n<tr>\n<td>Prot\u00e9ine<\/td>\n<td>19,57g<\/td>\n<td>0,14g<\/td>\n<\/tr>\n<tr>\n<td>Glucides<\/td>\n<td>\n<div>9g<\/div>\n<\/td>\n<td>0,06g<\/td>\n<\/tr>\n<tr>\n<td class=\"tabnut_medsep-top\">Graisses<br \/>dont satur\u00e9s<br \/>dont monoinsatur\u00e9<br \/>dont polyinsatur\u00e9<br \/>\u00a0 dont (\u03a93)<br \/>\u00a0 dont (\u03a96)<br \/>\u00a0 dont acide \u03b3-linol\u00e9nique<\/td>\n<td class=\"tabnut_medsep-top\">\n<div>\n<div>71,33g<\/div>\n<div>5,14g<\/div>\n<\/div>\n<div>9,29g<\/div>\n<div>55g<\/div>\n<div>6,9g<\/div>\n<div>34,92g<\/div>\n<div>5,6g<\/div>\n<\/td>\n<td class=\"tabnut_medsep-top\">\n<div>\n<div>0,5g<\/div>\n<div>0,036g<\/div>\n<\/div>\n<div>0,065g<\/div>\n<div>0,385g<\/div>\n<div>0,05g<\/div>\n<div>0,24g<\/div>\n<div>0,04g<\/div>\n<\/td>\n<\/tr>\n<tr>\n<td class=\"tabnut_medsep-btm\" colspan=\"3\">\n<div><strong>Ingr\u00e9dients:<\/strong>\u00a0huile de cassis de graines (Ribes nigrum), g\u00e9latine, glyc\u00e9rol.<\/div>\n<\/td>\n<\/tr>\n<\/tbody>\n<\/table>\n<\/div>\n<\/div>\n<\/div>\n<\/div>\n<\/div>\n<div class=\"prodsch_avvert\">\n<div>Lisez attentivement l\u2019\u00e9tiquette et les informations concernant le produit ainsi que le mode d\u2019emploi.<br \/>Ne pas d\u00e9passer la dose journali\u00e8re indiqu\u00e9e.<br \/>Tenir hors de port\u00e9e des jeunes enfants.<br \/>Les compl\u00e9ments alimentaires ne soient utilis\u00e9s comme substituts d'un r\u00e9gime alimentaire vari\u00e9.<\/div>\n<div>IAF network vous rappelled l\u2019importance d\u2019une alimentation vari\u00e9e et \u00e9quilibr\u00e9e et \u00e0 un mode de vie sain.<\/div>\n<\/div>","protected":false},"excerpt":{"rendered":"<p>Pharmalife Research Omegalife 30 perles. Compl\u00e9ment alimentaire en acides gras om\u00e9ga-6 et om\u00e9ga-3.<\/p>","protected":false},"featured_media":25333,"template":"","meta":{"arc_restricted_post":false},"product_cat":[49,347],"product_tag":[],"_links":{"self":[{"href":"https:\/\/www.sopha-sahara.com\/en\/wp-json\/wp\/v2\/product\/25041"}],"collection":[{"href":"https:\/\/www.sopha-sahara.com\/en\/wp-json\/wp\/v2\/product"}],"about":[{"href":"https:\/\/www.sopha-sahara.com\/en\/wp-json\/wp\/v2\/types\/product"}],"wp:featuredmedia":[{"embeddable":true,"href":"https:\/\/www.sopha-sahara.com\/en\/wp-json\/wp\/v2\/media\/25333"}],"wp:attachment":[{"href":"https:\/\/www.sopha-sahara.com\/en\/wp-json\/wp\/v2\/media?parent=25041"}],"wp:term":[{"taxonomy":"product_cat","embeddable":true,"href":"https:\/\/www.sopha-sahara.com\/en\/wp-json\/wp\/v2\/product_cat?post=25041"},{"taxonomy":"product_tag","embeddable":true,"href":"https:\/\/www.sopha-sahara.com\/en\/wp-json\/wp\/v2\/product_tag?post=25041"}],"curies":[{"name":"wp","href":"https:\/\/api.w.org\/{rel}","templated":true}]}}