{"id":25039,"date":"2020-12-24T10:17:18","date_gmt":"2020-12-24T09:17:18","guid":{"rendered":"https:\/\/www.interbusinesschamber.com\/produit\/nasalin-spray-nasal-20ml\/"},"modified":"2020-12-25T15:14:42","modified_gmt":"2020-12-25T14:14:42","slug":"nasalin-spray-nasal-20ml","status":"publish","type":"product","link":"https:\/\/www.sopha-sahara.com\/en\/product\/nasalin-spray-nasal-20ml\/","title":{"rendered":"Nasalin Spray Nasal 20ml"},"content":{"rendered":"<div class=\"prodsch_txt\">\n<div>\n<div><strong>PHARMALIFE RESEARCH NASALIN SPRAY NASALE<\/strong><\/div>\n<div>Dispositif m\u00e9dical<\/p>\n<p>Nasalin Nasal Spray est un dispositif m\u00e9dical qui, gr\u00e2ce \u00e0 la synergie de ses ingr\u00e9dients, favorise la respiration et lib\u00e8re les cavit\u00e9s nasales en cas de refroidissement des maladies et \/ ou d'allergies.<\/p>\n<p>CONTENU NET: 20ml<\/p>\n<p>STOCKAGE: Garder dans un endroit frais et sec.<\/p><\/div>\n<\/div>\n<\/div>","protected":false},"excerpt":{"rendered":"<p>Pharmalife Research Nasalin Spray Nasale 20ml. Nasalin Nasal Spray est un dispositif m\u00e9dical qui, gr\u00e2ce \u00e0 la synergie de ses ingr\u00e9dients, favorise la respiration et lib\u00e8re les cavit\u00e9s nasales en cas de refroidissement des maladies et \/ ou d&rsquo;allergies.<\/p>","protected":false},"featured_media":25328,"template":"","meta":{"arc_restricted_post":false},"product_cat":[49,347],"product_tag":[],"_links":{"self":[{"href":"https:\/\/www.sopha-sahara.com\/en\/wp-json\/wp\/v2\/product\/25039"}],"collection":[{"href":"https:\/\/www.sopha-sahara.com\/en\/wp-json\/wp\/v2\/product"}],"about":[{"href":"https:\/\/www.sopha-sahara.com\/en\/wp-json\/wp\/v2\/types\/product"}],"wp:featuredmedia":[{"embeddable":true,"href":"https:\/\/www.sopha-sahara.com\/en\/wp-json\/wp\/v2\/media\/25328"}],"wp:attachment":[{"href":"https:\/\/www.sopha-sahara.com\/en\/wp-json\/wp\/v2\/media?parent=25039"}],"wp:term":[{"taxonomy":"product_cat","embeddable":true,"href":"https:\/\/www.sopha-sahara.com\/en\/wp-json\/wp\/v2\/product_cat?post=25039"},{"taxonomy":"product_tag","embeddable":true,"href":"https:\/\/www.sopha-sahara.com\/en\/wp-json\/wp\/v2\/product_tag?post=25039"}],"curies":[{"name":"wp","href":"https:\/\/api.w.org\/{rel}","templated":true}]}}