{"id":25038,"date":"2020-12-24T10:17:17","date_gmt":"2020-12-24T09:17:17","guid":{"rendered":"https:\/\/www.interbusinesschamber.com\/produit\/golanil-aerosol-oral-30ml\/"},"modified":"2020-12-25T14:33:18","modified_gmt":"2020-12-25T13:33:18","slug":"golanil-aerosol-oral-30ml","status":"publish","type":"product","link":"https:\/\/www.sopha-sahara.com\/en\/product\/golanil-aerosol-oral-30ml\/","title":{"rendered":"Golanil A\u00e9rosol Oral 30ml"},"content":{"rendered":"<div><strong>PHARMALIFE RESEARCH GOLANIL SPRAY ORALE<\/strong><\/div>\n<div>Dispositif m\u00e9dical<\/p>\n<p>GOLANIL ORAL SPRAY est un dispositif m\u00e9dical.<br \/>Gr\u00e2ce \u00e0 la synergie de ses ingr\u00e9dients, il s'agit d'un adjuvant sp\u00e9cifique \u00e0 action filmog\u00e8ne protectrice contre l'irritation de la gorge.<\/p>\n<p>CONTENU NET: 30ml<\/p>\n<p>STOCKAGE: Garder dans un endroit frais et sec.<\/p><\/div>","protected":false},"excerpt":{"rendered":"<p>Pharmalife Research Golanil Spray Orale 30ml. GOLANIL ORAL SPRAY est un dispositif m\u00e9dical. Gr\u00e2ce \u00e0 la synergie de ses ingr\u00e9dients, il s&rsquo;agit d&rsquo;un adjuvant sp\u00e9cifique \u00e0 action filmog\u00e8ne protectrice contre l&rsquo;irritation de la gorge.<\/p>","protected":false},"featured_media":25296,"template":"","meta":{"arc_restricted_post":false},"product_cat":[49,347],"product_tag":[],"_links":{"self":[{"href":"https:\/\/www.sopha-sahara.com\/en\/wp-json\/wp\/v2\/product\/25038"}],"collection":[{"href":"https:\/\/www.sopha-sahara.com\/en\/wp-json\/wp\/v2\/product"}],"about":[{"href":"https:\/\/www.sopha-sahara.com\/en\/wp-json\/wp\/v2\/types\/product"}],"wp:featuredmedia":[{"embeddable":true,"href":"https:\/\/www.sopha-sahara.com\/en\/wp-json\/wp\/v2\/media\/25296"}],"wp:attachment":[{"href":"https:\/\/www.sopha-sahara.com\/en\/wp-json\/wp\/v2\/media?parent=25038"}],"wp:term":[{"taxonomy":"product_cat","embeddable":true,"href":"https:\/\/www.sopha-sahara.com\/en\/wp-json\/wp\/v2\/product_cat?post=25038"},{"taxonomy":"product_tag","embeddable":true,"href":"https:\/\/www.sopha-sahara.com\/en\/wp-json\/wp\/v2\/product_tag?post=25038"}],"curies":[{"name":"wp","href":"https:\/\/api.w.org\/{rel}","templated":true}]}}