{"id":25036,"date":"2020-12-24T10:17:17","date_gmt":"2020-12-24T09:17:17","guid":{"rendered":"https:\/\/www.interbusinesschamber.com\/produit\/tonix-plus-10-flacons-de-15ml\/"},"modified":"2020-12-25T15:51:51","modified_gmt":"2020-12-25T14:51:51","slug":"tonix-plus-10-flacons-de-15ml","status":"publish","type":"product","link":"https:\/\/www.sopha-sahara.com\/en\/product\/tonix-plus-10-flacons-de-15ml\/","title":{"rendered":"Tonix Plus 10 flacons de 15ml"},"content":{"rendered":"<div class=\"prodsch_txt\">\n<div>\n<div><strong>PHARMALIFE RESEARCH TONIX PLUS<\/strong><\/div>\n<div>Compl\u00e9ment alimentaire<\/p>\n<p>Tonix Plus est un compl\u00e9ment alimentaire \u00e0 base d'extraits de plantes tels que le ginseng, le guarana, la maca et la rhodiola, utiles comme toniques en cas de fatigue physique et mentale; Le ginseng, avec la mangue, a une activit\u00e9 antioxydante utile.<\/p>\n<p>CONTENU NET: 150ml<\/p>\n<p>STOCKAGE: Garder dans un endroit frais et sec.<\/p>\n<div>\n<h4 class=\"tabnut_tit\">INFORMATION NUTRITIONNELLE<\/h4>\n<div class=\"tabnut_table\">\n<table class=\"iaftable\" cellspacing=\"0\">\n<tbody>\n<tr>\n<td class=\"tabnut_medsep-top\"><strong>Analyse moyenne<\/strong><\/td>\n<td class=\"tabnut_medsep-top\"><strong>Par 100ml<\/strong><\/td>\n<td class=\"tabnut_medsep-top\"><strong>Par 1 flacon (15ml)<br \/><\/strong><\/td>\n<\/tr>\n<tr>\n<td class=\"tabnut_medsep-btm\">\n<div>Mango fruit s\u00e9ch\u00e9 par pulv\u00e9risation<\/div>\n<\/td>\n<td class=\"tabnut_medsep-btm\">\n<div>4g<\/div>\n<\/td>\n<td class=\"tabnut_medsep-btm\">\n<div>0,6g<\/div>\n<\/td>\n<\/tr>\n<tr>\n<td>Guarana graines extrait sec<br \/>dont caf\u00e9ine<\/td>\n<td>\n<div>1,125g<\/div>\n<div>112,5mg<\/div>\n<\/td>\n<td>\n<div>0,169g<\/div>\n<div>16,9mg<\/div>\n<\/td>\n<\/tr>\n<tr>\n<td>\n<div>Rhodiola rosea racine extrait sec<\/div>\n<div>dont rosavine<\/div>\n<div>dont salidroside<\/div>\n<\/td>\n<td>\n<div>0,6g<\/div>\n<div>18mg<\/div>\n<div>6mg<\/div>\n<\/td>\n<td>\n<div>0,09g<\/div>\n<div>2,7mg<\/div>\n<div>0,9mg<\/div>\n<\/td>\n<\/tr>\n<tr>\n<td>\n<div>Maca andin racine extrait sec<\/div>\n<\/td>\n<td>\n<div>0,4g<\/div>\n<\/td>\n<td>\n<div>0,06g<\/div>\n<\/td>\n<\/tr>\n<tr>\n<td>\n<div>Ginseng racine extrait sec<\/div>\n<\/td>\n<td>\n<div>0,084g<\/div>\n<\/td>\n<td>\n<div>0,013g<\/div>\n<\/td>\n<\/tr>\n<\/tbody>\n<\/table>\n<\/div>\n<\/div>\n<\/div>\n<div class=\"iaf_ingred tabnut_table\"><strong>Ingr\u00e9dients:\u00a0<\/strong>Eau d\u00e9min\u00e9ralis\u00e9e, s\u00e9ch\u00e9 par pulv\u00e9risation fruits Mango (Mangifera indica, maltodextrine), extrait sec de graines de guarana (Paullinia cupana, maltodextrine) titr\u00e9 \u00e0 10% de caf\u00e9ine, extrait sec de Rhodiola racine (Rhodiola rosea) standardis\u00e9 \u00e0 3% et en rosavins 1% salidroside, extrait sec de racine de maca (Lepidium meyenii, maltodextrine), conservateur: sorbate de potassium; ar\u00f4me, Ginseng extrait sec de racine (Panax ginseng, maltodextrine), \u00e9dulcorant: sucralose; l'acide citrique. avec des \u00e9dulcorants<\/div>\n<\/div>\n<\/div>\n<div class=\"prodsch_avvert\">Contient de la caf\u00e9ine, d\u00e9conseill\u00e9 aux enfants et aux femmes enceintes.<\/p>\n<div>Lisez attentivement l\u2019\u00e9tiquette et les informations concernant le produit ainsi que le mode d\u2019emploi.<br \/>Ne pas d\u00e9passer la dose journali\u00e8re indiqu\u00e9e.<br \/>Tenir hors de port\u00e9e des jeunes enfants.<br \/>Les compl\u00e9ments alimentaires ne soient utilis\u00e9s comme substituts d'un r\u00e9gime alimentaire vari\u00e9.<\/div>\n<div>IAF network vous rappelled l\u2019importance d\u2019une alimentation vari\u00e9e et \u00e9quilibr\u00e9e et \u00e0 un mode de vie sain.<\/div>\n<\/div>","protected":false},"excerpt":{"rendered":"<p>Pharmalife Research Tonix Plus 10 flacons de 15ml. Tonix Plus est un compl\u00e9ment alimentaire \u00e0 base d&rsquo;extraits de plantes tels que le ginseng, le guarana, la maca et la rhodiola, utiles comme toniques en cas de fatigue physique et mentale; Le ginseng, avec la mangue, a une activit\u00e9 antioxydante utile.<\/p>","protected":false},"featured_media":25376,"template":"","meta":{"arc_restricted_post":false},"product_cat":[49,347],"product_tag":[],"_links":{"self":[{"href":"https:\/\/www.sopha-sahara.com\/en\/wp-json\/wp\/v2\/product\/25036"}],"collection":[{"href":"https:\/\/www.sopha-sahara.com\/en\/wp-json\/wp\/v2\/product"}],"about":[{"href":"https:\/\/www.sopha-sahara.com\/en\/wp-json\/wp\/v2\/types\/product"}],"wp:featuredmedia":[{"embeddable":true,"href":"https:\/\/www.sopha-sahara.com\/en\/wp-json\/wp\/v2\/media\/25376"}],"wp:attachment":[{"href":"https:\/\/www.sopha-sahara.com\/en\/wp-json\/wp\/v2\/media?parent=25036"}],"wp:term":[{"taxonomy":"product_cat","embeddable":true,"href":"https:\/\/www.sopha-sahara.com\/en\/wp-json\/wp\/v2\/product_cat?post=25036"},{"taxonomy":"product_tag","embeddable":true,"href":"https:\/\/www.sopha-sahara.com\/en\/wp-json\/wp\/v2\/product_tag?post=25036"}],"curies":[{"name":"wp","href":"https:\/\/api.w.org\/{rel}","templated":true}]}}