{"id":25035,"date":"2020-12-24T10:17:17","date_gmt":"2020-12-24T09:17:17","guid":{"rendered":"https:\/\/www.interbusinesschamber.com\/produit\/aspersina-gommage-visage-50ml\/"},"modified":"2020-12-25T11:56:23","modified_gmt":"2020-12-25T10:56:23","slug":"aspersina-gommage-visage-50ml","status":"publish","type":"product","link":"https:\/\/www.sopha-sahara.com\/en\/product\/aspersina-gommage-visage-50ml\/","title":{"rendered":"Aspersina &#8211; Gommage Visage 50ml"},"content":{"rendered":"<div><strong>PHARMALIFE RESEARCH ASPERSINA - GOMMAGE VISO<\/strong><\/div>\n<div>\n<p>Gommage visage bas\u00e9 sur la bave d'escargot<\/p>\n<p>ASPERSINA GOMMAGE FACE est une cr\u00e8me purifiante et exfoliante pour le visage, le cou et le d\u00e9collet\u00e9 \u00e0 base de mucus d'escargot.<\/p>\n<p>CONTENU NET: 50ml<\/p>\n<p>STOCKAGE: Garder dans un endroit frais et sec.<\/p><\/div>","protected":false},"excerpt":{"rendered":"<p>Pharmalife Research Aspersina &#8211; Gommage Viso 50ml. ASPERSINA GOMMAGE FACE est une cr\u00e8me purifiante et exfoliante pour le visage, le cou et le d\u00e9collet\u00e9 \u00e0 base de mucus d&rsquo;escargot.<\/p>","protected":false},"featured_media":25205,"template":"","meta":{"arc_restricted_post":false},"product_cat":[49,347],"product_tag":[],"_links":{"self":[{"href":"https:\/\/www.sopha-sahara.com\/en\/wp-json\/wp\/v2\/product\/25035"}],"collection":[{"href":"https:\/\/www.sopha-sahara.com\/en\/wp-json\/wp\/v2\/product"}],"about":[{"href":"https:\/\/www.sopha-sahara.com\/en\/wp-json\/wp\/v2\/types\/product"}],"wp:featuredmedia":[{"embeddable":true,"href":"https:\/\/www.sopha-sahara.com\/en\/wp-json\/wp\/v2\/media\/25205"}],"wp:attachment":[{"href":"https:\/\/www.sopha-sahara.com\/en\/wp-json\/wp\/v2\/media?parent=25035"}],"wp:term":[{"taxonomy":"product_cat","embeddable":true,"href":"https:\/\/www.sopha-sahara.com\/en\/wp-json\/wp\/v2\/product_cat?post=25035"},{"taxonomy":"product_tag","embeddable":true,"href":"https:\/\/www.sopha-sahara.com\/en\/wp-json\/wp\/v2\/product_tag?post=25035"}],"curies":[{"name":"wp","href":"https:\/\/api.w.org\/{rel}","templated":true}]}}