{"id":25034,"date":"2020-12-24T10:17:17","date_gmt":"2020-12-24T09:17:17","guid":{"rendered":"https:\/\/www.interbusinesschamber.com\/produit\/aspersina-bava-pure-creme-visage-50ml\/"},"modified":"2020-12-25T11:49:33","modified_gmt":"2020-12-25T10:49:33","slug":"aspersina-bava-pure-creme-visage-50ml","status":"publish","type":"product","link":"https:\/\/www.sopha-sahara.com\/en\/product\/aspersina-bava-pure-creme-visage-50ml\/","title":{"rendered":"Aspersina &#8211; Bava Pure Cr\u00e8me Visage 50ml"},"content":{"rendered":"<div><strong>PHARMALIFE RESEARCH ASPERSINA - BAVA PURE CR\u00c8ME VISAGE<\/strong><\/div>\n<div>\n<p>bas\u00e9 sur la bave d'escargot pure<\/p>\n<p>ASPERSINA BAVA PURE FACE CREAM, contient 87% de bave d\u2019escargot pure.<br \/>La bave d'escargot est produite en Italie par des escargots italiens du genre Helix Aspersa, \u00e9lev\u00e9s exclusivement avec des m\u00e9thodes naturelles, elle est naturellement riche en substances fonctionnelles pr\u00e9cieuses.<\/p>\n<p>CONTENU NET: 50ml<\/p>\n<p>STOCKAGE: Garder dans un endroit frais et sec.<\/p><\/div>","protected":false},"excerpt":{"rendered":"<p>Pharmalife Aspersina &#8211; Bava Pure Cr\u00e8me Visage 50ml. ASPERSINA BAVA PURE FACE CREAM, contient 87% de bave d\u2019escargot pure.<br \/>La bave d&rsquo;escargot est produite en Italie par des escargots italiens du genre Helix Aspersa, \u00e9lev\u00e9s exclusivement avec des m\u00e9thodes naturelles, elle est naturellement riche en substances fonctionnelles pr\u00e9cieuses.<\/p>","protected":false},"featured_media":25198,"template":"","meta":{"arc_restricted_post":false},"product_cat":[49,347],"product_tag":[],"_links":{"self":[{"href":"https:\/\/www.sopha-sahara.com\/en\/wp-json\/wp\/v2\/product\/25034"}],"collection":[{"href":"https:\/\/www.sopha-sahara.com\/en\/wp-json\/wp\/v2\/product"}],"about":[{"href":"https:\/\/www.sopha-sahara.com\/en\/wp-json\/wp\/v2\/types\/product"}],"wp:featuredmedia":[{"embeddable":true,"href":"https:\/\/www.sopha-sahara.com\/en\/wp-json\/wp\/v2\/media\/25198"}],"wp:attachment":[{"href":"https:\/\/www.sopha-sahara.com\/en\/wp-json\/wp\/v2\/media?parent=25034"}],"wp:term":[{"taxonomy":"product_cat","embeddable":true,"href":"https:\/\/www.sopha-sahara.com\/en\/wp-json\/wp\/v2\/product_cat?post=25034"},{"taxonomy":"product_tag","embeddable":true,"href":"https:\/\/www.sopha-sahara.com\/en\/wp-json\/wp\/v2\/product_tag?post=25034"}],"curies":[{"name":"wp","href":"https:\/\/api.w.org\/{rel}","templated":true}]}}