{"id":25033,"date":"2020-12-24T10:17:17","date_gmt":"2020-12-24T09:17:17","guid":{"rendered":"https:\/\/www.interbusinesschamber.com\/produit\/aspersina-bava-pure-serum-intensifs-regenerante-30ml\/"},"modified":"2020-12-25T11:50:58","modified_gmt":"2020-12-25T10:50:58","slug":"aspersina-bava-pure-serum-intensifs-regenerante-30ml","status":"publish","type":"product","link":"https:\/\/www.sopha-sahara.com\/en\/product\/aspersina-bava-pure-serum-intensifs-regenerante-30ml\/","title":{"rendered":"Aspersina &#8211; Bava Pure S\u00e9rum Intensifs R\u00e9g\u00e9n\u00e9rante 30ml"},"content":{"rendered":"<div><strong>PHARMALIFE ASPERSINA - BAVA PURE SIERO INTENSIVO RIGENERANTE<\/strong><\/div>\n<div>\n<p>S\u00e9rum intensifs\u00a0r\u00e9g\u00e9n\u00e9rante -\u00a096% bave d'escargot pur<\/p>\n<p>La cr\u00e8me ASPERSINA BAVA PURE et le s\u00e9rum r\u00e9g\u00e9n\u00e9rant intensif contiennent, jour et nuit, 90% de mucus d\u2019escargot pur.<\/p>\n<p>CONTENU NET: 30ml<\/p>\n<p>STOCKAGE: Garder dans un endroit frais et sec.<\/p><\/div>","protected":false},"excerpt":{"rendered":"<p>Pharmalife Research Aspersina &#8211; Bava Pure Siero Intensivo Rigenerante 30ml. La cr\u00e8me ASPERSINA BAVA PURE et le s\u00e9rum r\u00e9g\u00e9n\u00e9rant intensif contiennent, jour et nuit, 90% de mucus d\u2019escargot pur.<\/p>","protected":false},"featured_media":25199,"template":"","meta":{"arc_restricted_post":false},"product_cat":[49,347],"product_tag":[],"_links":{"self":[{"href":"https:\/\/www.sopha-sahara.com\/en\/wp-json\/wp\/v2\/product\/25033"}],"collection":[{"href":"https:\/\/www.sopha-sahara.com\/en\/wp-json\/wp\/v2\/product"}],"about":[{"href":"https:\/\/www.sopha-sahara.com\/en\/wp-json\/wp\/v2\/types\/product"}],"wp:featuredmedia":[{"embeddable":true,"href":"https:\/\/www.sopha-sahara.com\/en\/wp-json\/wp\/v2\/media\/25199"}],"wp:attachment":[{"href":"https:\/\/www.sopha-sahara.com\/en\/wp-json\/wp\/v2\/media?parent=25033"}],"wp:term":[{"taxonomy":"product_cat","embeddable":true,"href":"https:\/\/www.sopha-sahara.com\/en\/wp-json\/wp\/v2\/product_cat?post=25033"},{"taxonomy":"product_tag","embeddable":true,"href":"https:\/\/www.sopha-sahara.com\/en\/wp-json\/wp\/v2\/product_tag?post=25033"}],"curies":[{"name":"wp","href":"https:\/\/api.w.org\/{rel}","templated":true}]}}