{"id":25032,"date":"2020-12-24T10:17:16","date_gmt":"2020-12-24T09:17:16","guid":{"rendered":"https:\/\/www.interbusinesschamber.com\/produit\/aspersina-barcode-serum-intensifs-15ml\/"},"modified":"2020-12-25T11:48:55","modified_gmt":"2020-12-25T10:48:55","slug":"aspersina-barcode-serum-intensifs-15ml","status":"publish","type":"product","link":"https:\/\/www.sopha-sahara.com\/en\/product\/aspersina-barcode-serum-intensifs-15ml\/","title":{"rendered":"Aspersina &#8211; Barcode S\u00e9rum Intensifs 15ml"},"content":{"rendered":"<div><strong>PHARMALIFE RESEARCH ASPERSINA - BARCODE SIERO INTENSIVO<\/strong><\/div>\n<div>\n<p>S\u00e9rum intensifs - 87% bave d'escargot pur<\/p>\n<p>Le s\u00e9rum intensif ASPERSINA BARCODE, sp\u00e9cialement con\u00e7u pour les p\u00e9riodes p\u00e9ri-corporelles: appliqu\u00e9 r\u00e9guli\u00e8rement matin et soir, att\u00e9nue et lisse les rides p\u00e9ri-orales avec un effet lissant intensif visible en peu de temps.<\/p>\n<p>CONTENU NET: 15ml<\/p>\n<p>STOCKAGE: Garder dans un endroit frais et sec.<\/p><\/div>","protected":false},"excerpt":{"rendered":"<p>Pharmalife Research Aspersina &#8211; Barcode Siero Intensivo 15ml. Le s\u00e9rum intensif ASPERSINA BARCODE, sp\u00e9cialement con\u00e7u pour les p\u00e9riodes p\u00e9ri-corporelles: appliqu\u00e9 r\u00e9guli\u00e8rement matin et soir, att\u00e9nue et lisse les rides p\u00e9ri-orales avec un effet lissant intensif visible en peu de temps.<\/p>","protected":false},"featured_media":25197,"template":"","meta":{"arc_restricted_post":false},"product_cat":[49,347],"product_tag":[],"_links":{"self":[{"href":"https:\/\/www.sopha-sahara.com\/en\/wp-json\/wp\/v2\/product\/25032"}],"collection":[{"href":"https:\/\/www.sopha-sahara.com\/en\/wp-json\/wp\/v2\/product"}],"about":[{"href":"https:\/\/www.sopha-sahara.com\/en\/wp-json\/wp\/v2\/types\/product"}],"wp:featuredmedia":[{"embeddable":true,"href":"https:\/\/www.sopha-sahara.com\/en\/wp-json\/wp\/v2\/media\/25197"}],"wp:attachment":[{"href":"https:\/\/www.sopha-sahara.com\/en\/wp-json\/wp\/v2\/media?parent=25032"}],"wp:term":[{"taxonomy":"product_cat","embeddable":true,"href":"https:\/\/www.sopha-sahara.com\/en\/wp-json\/wp\/v2\/product_cat?post=25032"},{"taxonomy":"product_tag","embeddable":true,"href":"https:\/\/www.sopha-sahara.com\/en\/wp-json\/wp\/v2\/product_tag?post=25032"}],"curies":[{"name":"wp","href":"https:\/\/api.w.org\/{rel}","templated":true}]}}