{"id":25030,"date":"2020-12-24T10:17:16","date_gmt":"2020-12-24T09:17:16","guid":{"rendered":"https:\/\/www.interbusinesschamber.com\/produit\/aspersina-creme-pour-le-corps-150ml\/"},"modified":"2020-12-25T11:54:01","modified_gmt":"2020-12-25T10:54:01","slug":"aspersina-creme-pour-le-corps-150ml","status":"publish","type":"product","link":"https:\/\/www.sopha-sahara.com\/en\/product\/aspersina-creme-pour-le-corps-150ml\/","title":{"rendered":"Aspersina &#8211; Cr\u00e8me pour le Corps 150ml"},"content":{"rendered":"<div><strong>PHARMALIFE ASPERSINA - CR\u00c8ME CORPORELLE<\/strong><\/div>\n<div>\n<p>contient 80% de mucus d'escargot pur<\/p>\n<p>ASPERSINA BODY CREAM formul\u00e9 avec de la limace d'escargot pure extraite d'escargots italiens de l'esp\u00e8ce Helix aspersa muller, \u00e9lev\u00e9s exclusivement avec des m\u00e9thodes naturelles non invasives. Le Slime Slime est naturellement riche en substances fonctionnelles pr\u00e9cieuses, telles que:<\/p>\n<p>Mucopolysaccharides\u00a0qui effectuent une action hydratante intense et prolong\u00e9e, ainsi que de donner un niveau \u00e9lev\u00e9 de protection contre les agents externes.<\/p>\n<p>Allanto\u00efne: propri\u00e9t\u00e9s hydratantes, anti-rougeurs, anti-\u00e2ge, anti-oxydantes et cicatrisantes.<\/p>\n<p>Acide glycolique: de l'action exfoliante intense utile pour l'\u00e9limination des cellules mortes ainsi que le renouvellement cellulaire de soutien.<\/p>\n<p>Collag\u00e8ne: prot\u00e9ine qui apporte soutien, tonicit\u00e9 et aide \u00e0 prot\u00e9ger et \u00e0 maintenir l'hydratation de la peau.<\/p>\n<p>Elastine: prot\u00e9ine capable de soutenir l'\u00e9lasticit\u00e9 naturelle du derme.<\/p>\n<p>Peptides purifiants et acides amin\u00e9s libres: unit\u00e9s fondamentales des principales prot\u00e9ines structurales du derme, utiles pour renforcer la barri\u00e8re cutan\u00e9e<\/p>\n<p>Les vitamines ACE: qui exercent en synergie une activit\u00e9 antioxydante intense en bloquant l'action des radicaux libres; Vit. A exerce \u00e9galement une action exfoliante capable de favoriser la r\u00e9g\u00e9n\u00e9ration cellulaire, tandis que Vit. C stimule la production de collag\u00e8ne et emp\u00eache sa destruction, aidant \u00e0 garder les tissus toniques et sains. Enfin Vit. E retarde le processus de s\u00e9nescence des cellules et maintient la peau jeune et douce au fil du temps.<\/p>\n<p>La synergie d'action des constituants de l'escargot, en particulier du collag\u00e8ne et de l'\u00e9lastine, aid\u00e9e par la pr\u00e9sence d'acide glycolique, d'allanto\u00efne et de vitamines, est utile et efficace pour contrer l'apparition des premiers signes de l'\u00e2ge en plus de la peau imperfections cr\u00e9\u00e9es \u00e0 partir des vergetures, gr\u00e2ce \u00e0 leur action exfoliante, r\u00e9g\u00e9n\u00e9rante, \u00e9lasticisante et lissante.<\/p>\n<p>COMMENT UTILISER: appliquer sur la peau tout le corps sec et propre, avec un l\u00e9ger massage, jusqu'\u00e0 ce que la cr\u00e8me soit compl\u00e8tement absorb\u00e9e; \u00e9viter le contact visuel. Appliquer plusieurs fois par jour au besoin.<\/p>\n<p>CONTENU NET: 150 ml<\/p><\/div>","protected":false},"excerpt":{"rendered":"<p>Pharmalife Aspersina &#8211; Crema Corpo 150ml. ASPERSINA BODY CREAM formul\u00e9 avec de la limace d&rsquo;escargot pure extraite d&rsquo;escargots italiens de l&rsquo;esp\u00e8ce Helix aspersa muller, \u00e9lev\u00e9s exclusivement avec des m\u00e9thodes naturelles non invasives.<\/p>","protected":false},"featured_media":25202,"template":"","meta":{"arc_restricted_post":false},"product_cat":[49,347],"product_tag":[],"_links":{"self":[{"href":"https:\/\/www.sopha-sahara.com\/en\/wp-json\/wp\/v2\/product\/25030"}],"collection":[{"href":"https:\/\/www.sopha-sahara.com\/en\/wp-json\/wp\/v2\/product"}],"about":[{"href":"https:\/\/www.sopha-sahara.com\/en\/wp-json\/wp\/v2\/types\/product"}],"wp:featuredmedia":[{"embeddable":true,"href":"https:\/\/www.sopha-sahara.com\/en\/wp-json\/wp\/v2\/media\/25202"}],"wp:attachment":[{"href":"https:\/\/www.sopha-sahara.com\/en\/wp-json\/wp\/v2\/media?parent=25030"}],"wp:term":[{"taxonomy":"product_cat","embeddable":true,"href":"https:\/\/www.sopha-sahara.com\/en\/wp-json\/wp\/v2\/product_cat?post=25030"},{"taxonomy":"product_tag","embeddable":true,"href":"https:\/\/www.sopha-sahara.com\/en\/wp-json\/wp\/v2\/product_tag?post=25030"}],"curies":[{"name":"wp","href":"https:\/\/api.w.org\/{rel}","templated":true}]}}