{"id":25029,"date":"2020-12-24T10:17:15","date_gmt":"2020-12-24T09:17:15","guid":{"rendered":"https:\/\/www.interbusinesschamber.com\/produit\/aspersina-tonique-200ml\/"},"modified":"2020-12-25T12:15:19","modified_gmt":"2020-12-25T11:15:19","slug":"aspersina-tonique-200ml","status":"publish","type":"product","link":"https:\/\/www.sopha-sahara.com\/en\/product\/aspersina-tonique-200ml\/","title":{"rendered":"Aspersina &#8211; Tonique 200ml"},"content":{"rendered":"<div><strong>PHARMALIFE RESEARCH ASPERSINA - TONICO<\/strong><\/div>\n<div>\n<p>Lenitif, rafra\u00eechissant, revigorant pour le visage et les yeux\u00a0bas\u00e9 sur la bave d'escargot<\/p>\n<p>ASPERSINA TONICO est une formulation \u00e9molliente \u00e0 base d\u2019eau, sans rin\u00e7age, qui convient \u00e0 tous les types de peau. Utile pour compl\u00e9ter le nettoyage du visage et des yeux, procure une agr\u00e9able sensation de fra\u00eecheur et de douceur; la peau de tout le visage para\u00eetra brillante et revitalis\u00e9e.<\/p>\n<p>CONTENU NET: 200ml<\/p>\n<p>STOCKAGE: Garder dans un endroit frais et sec.<\/p><\/div>","protected":false},"excerpt":{"rendered":"<p>Pharmalife Research Aspersina &#8211; Tonico 200ml. ASPERSINA TONICO est une formulation \u00e9molliente \u00e0 base d\u2019eau, sans rin\u00e7age, qui convient \u00e0 tous les types de peau. Utile pour compl\u00e9ter le nettoyage du visage et des yeux, procure une agr\u00e9able sensation de fra\u00eecheur et de douceur; la peau de tout le visage para\u00eetra brillante et revitalis\u00e9e.<\/p>","protected":false},"featured_media":25220,"template":"","meta":{"arc_restricted_post":false},"product_cat":[49,347],"product_tag":[],"_links":{"self":[{"href":"https:\/\/www.sopha-sahara.com\/en\/wp-json\/wp\/v2\/product\/25029"}],"collection":[{"href":"https:\/\/www.sopha-sahara.com\/en\/wp-json\/wp\/v2\/product"}],"about":[{"href":"https:\/\/www.sopha-sahara.com\/en\/wp-json\/wp\/v2\/types\/product"}],"wp:featuredmedia":[{"embeddable":true,"href":"https:\/\/www.sopha-sahara.com\/en\/wp-json\/wp\/v2\/media\/25220"}],"wp:attachment":[{"href":"https:\/\/www.sopha-sahara.com\/en\/wp-json\/wp\/v2\/media?parent=25029"}],"wp:term":[{"taxonomy":"product_cat","embeddable":true,"href":"https:\/\/www.sopha-sahara.com\/en\/wp-json\/wp\/v2\/product_cat?post=25029"},{"taxonomy":"product_tag","embeddable":true,"href":"https:\/\/www.sopha-sahara.com\/en\/wp-json\/wp\/v2\/product_tag?post=25029"}],"curies":[{"name":"wp","href":"https:\/\/api.w.org\/{rel}","templated":true}]}}