{"id":25028,"date":"2020-12-24T10:17:15","date_gmt":"2020-12-24T09:17:15","guid":{"rendered":"https:\/\/www.interbusinesschamber.com\/produit\/aspersina-puffy-serum-intensifs-regenerante-roll-on-10ml\/"},"modified":"2020-12-25T12:11:37","modified_gmt":"2020-12-25T11:11:37","slug":"aspersina-puffy-serum-intensifs-regenerante-roll-on-10ml","status":"publish","type":"product","link":"https:\/\/www.sopha-sahara.com\/en\/product\/aspersina-puffy-serum-intensifs-regenerante-roll-on-10ml\/","title":{"rendered":"Aspersina &#8211; Puffy S\u00e9rum Intensifs R\u00e9g\u00e9n\u00e9rante Roll On 10ml"},"content":{"rendered":"<div><strong>PHARMALIFE RESEARCH ASPERSINA - PUFFY SIERO INTENSIVO RIGENERANTE ROLL ON<br \/><\/strong><\/div>\n<div>\n<p>S\u00e9rum intensifs\u00a0r\u00e9g\u00e9n\u00e9rante\u00a0- 90% bave d'escargot pour cernes<\/p>\n<p>Le s\u00e9rum intensif r\u00e9g\u00e9n\u00e9rant ASPERSINA PUFFY pour les poches sous les yeux et les cernes: une application r\u00e9guli\u00e8re matin et soir r\u00e9duit les zones d'ombre p\u00e9rioculaire, l'\u00e9tendue de l'imperfection et la pro\u00e9minence des coussinets adipeux p\u00e9rioculaires favorisant une \u00e9limination biologique et non invasive.<\/p>\n<p>CONTENU NET: 10ml<\/p>\n<p>STOCKAGE: Garder dans un endroit frais et sec.<\/p><\/div>","protected":false},"excerpt":{"rendered":"<p>Pharmalife Research Aspersina &#8211; Puffy Siero Intensivo Rigenerante Roll On 10ml. Le s\u00e9rum intensif r\u00e9g\u00e9n\u00e9rant ASPERSINA PUFFY pour les poches sous les yeux et les cernes: une application r\u00e9guli\u00e8re matin et soir r\u00e9duit les zones d&rsquo;ombre p\u00e9rioculaire, l&rsquo;\u00e9tendue de l&rsquo;imperfection et la pro\u00e9minence des coussinets adipeux p\u00e9rioculaires favorisant une \u00e9limination biologique et non invasive.<\/p>","protected":false},"featured_media":25213,"template":"","meta":{"arc_restricted_post":false},"product_cat":[49,347],"product_tag":[],"_links":{"self":[{"href":"https:\/\/www.sopha-sahara.com\/en\/wp-json\/wp\/v2\/product\/25028"}],"collection":[{"href":"https:\/\/www.sopha-sahara.com\/en\/wp-json\/wp\/v2\/product"}],"about":[{"href":"https:\/\/www.sopha-sahara.com\/en\/wp-json\/wp\/v2\/types\/product"}],"wp:featuredmedia":[{"embeddable":true,"href":"https:\/\/www.sopha-sahara.com\/en\/wp-json\/wp\/v2\/media\/25213"}],"wp:attachment":[{"href":"https:\/\/www.sopha-sahara.com\/en\/wp-json\/wp\/v2\/media?parent=25028"}],"wp:term":[{"taxonomy":"product_cat","embeddable":true,"href":"https:\/\/www.sopha-sahara.com\/en\/wp-json\/wp\/v2\/product_cat?post=25028"},{"taxonomy":"product_tag","embeddable":true,"href":"https:\/\/www.sopha-sahara.com\/en\/wp-json\/wp\/v2\/product_tag?post=25028"}],"curies":[{"name":"wp","href":"https:\/\/api.w.org\/{rel}","templated":true}]}}