{"id":25027,"date":"2020-12-24T10:17:15","date_gmt":"2020-12-24T09:17:15","guid":{"rendered":"https:\/\/www.interbusinesschamber.com\/produit\/aloe-gel-premium-detox-1000ml\/"},"modified":"2020-12-25T11:23:54","modified_gmt":"2020-12-25T10:23:54","slug":"aloe-gel-premium-detox-1000ml","status":"publish","type":"product","link":"https:\/\/www.sopha-sahara.com\/en\/product\/aloe-gel-premium-detox-1000ml\/","title":{"rendered":"Aloe Gel Premium Detox 1000ml"},"content":{"rendered":"<div class=\"prodsch_txt\">\n<div>\n<div>\n<div><strong>PHARMALIFE RESEARCH ALOE GEL PREMIUM DETOX<br \/><\/strong><\/div>\n<p>Compl\u00e9ment alimentaire<\/p>\n<p>Aloe Gel Premium Detox est un compl\u00e9ment alimentaire \u00e0 base de jus et de pulpe de gel d\u2019aloe titr\u00e9e 4% en polysaccharides, enrichi en extrait sec de gel d\u2019aloe 200:1 titr\u00e9 10% en polysaccharides, \u00e0 la fois sans cuticule externe et sans alo\u00efne.<\/p>\n<p>CONTENU NET: 1000ml<\/p>\n<p>STOCKAGE: Garder dans un endroit frais et sec.<\/p><\/div>\n<div>\u00a0<\/p>\n<div>\n<h4 class=\"tabnut_tit\">INFORMATION NUTRITIONNELLE<\/h4>\n<div class=\"tabnut_table\">\n<table class=\"iaftable\" cellspacing=\"0\">\n<tbody>\n<tr>\n<td class=\"tabnut_medsep-top\">\n<div>\n<p><strong>Analyse moyenne<\/strong><\/p>\n<\/div>\n<\/td>\n<td class=\"tabnut_medsep-top\"><strong>Par 100ml<\/strong><\/td>\n<td class=\"tabnut_medsep-top\"><strong>Par 2 \u00e9copes (40ml)<\/strong><\/td>\n<\/tr>\n<tr>\n<td class=\"tabnut_medsep-btm\">Valeur \u00e9nerg\u00e9tique<\/td>\n<td class=\"tabnut_medsep-btm\">\n<div>14,78Kcal \/ 62,78KJ<\/div>\n<\/td>\n<td class=\"tabnut_medsep-btm\">\n<div>5,912Kcal \/ 25,112KJ<\/div>\n<\/td>\n<\/tr>\n<tr>\n<td>Graisses<\/td>\n<td>\n<div>0,027g<\/div>\n<\/td>\n<td>\n<div>0,011g<\/div>\n<\/td>\n<\/tr>\n<tr>\n<td>Glucides<\/td>\n<td>\n<div>2,980g<\/div>\n<\/td>\n<td>\n<div>1,192g<\/div>\n<\/td>\n<\/tr>\n<tr>\n<td>Prot\u00e9ine<\/td>\n<td>\n<div>0,654g<\/div>\n<\/td>\n<td>\n<div>0,262g<\/div>\n<\/td>\n<\/tr>\n<tr>\n<td>Aloe gel jus et pulpe<\/td>\n<td>\n<div>95,48g<\/div>\n<\/td>\n<td>\n<div>38,19g<\/div>\n<\/td>\n<\/tr>\n<tr>\n<td>Racine de pissenlit\u00a0e.s.<\/td>\n<td>\n<div>1,00g<\/div>\n<\/td>\n<td>\n<div>0,40g<\/div>\n<\/td>\n<\/tr>\n<tr>\n<td>P\u00e9dicule de cerise e.s.<\/td>\n<td>\n<div>1,00g<\/div>\n<\/td>\n<td>\n<div>0,40g<\/div>\n<\/td>\n<\/tr>\n<tr>\n<td>Feuilles d'artichaut e.s.<\/td>\n<td>\n<div>0,50g<\/div>\n<\/td>\n<td>\n<div>0,20g<\/div>\n<\/td>\n<\/tr>\n<tr>\n<td>Aloe gel\u00a0e.s. 200:1<\/td>\n<td>0,20g<\/td>\n<td>0,08g<\/td>\n<\/tr>\n<tr>\n<td class=\"tabnut_medsep-top\">Polysaccharides totaux<\/td>\n<td class=\"tabnut_medsep-top\">3,84mg<\/td>\n<td class=\"tabnut_medsep-top\">1,54g<\/td>\n<\/tr>\n<tr>\n<td class=\"tabnut_medsep-btm\" colspan=\"3\">\n<div><strong>Ingr\u00e9dients:\u00a0<\/strong>Aloe* gel jus et pulpe (Aloe barbadensis) titr\u00e9 4% polysaccharides, extrait sec de racine de pissenlit (Taraxacum officinale, maltodextrine, dioxyde de silicium E551) titr\u00e9 2% inuline, extrait sec de p\u00e9dicule de cerise (Prunus Cerasus, maltodextrine), gamma-cyclodextrines, extrait sec de feuilles d'artichaut (Cynara scolymus, maltodextrine), ar\u00f4mes, extrait sec de Aloe* vera gel (Aloe barbadensis, maltodextrine) concentr\u00e9 200:1 titr\u00e9 10% polysaccharides, conservateurs: sorbate de potassium; \u00e9dulcorant: sucralose; acide citrique.<\/div>\n<p><\/p>\n<div>*de culture biologique certifi\u00e9e<\/div>\n<\/td>\n<\/tr>\n<\/tbody>\n<\/table>\n<\/div>\n<\/div>\n<\/div>\n<\/div>\n<\/div>\n<div class=\"prodsch_avvert\">D\u00e9conseill\u00e9 aux enfants de moins de 12 ans, aux femmes enceintes et allaitantes.<br \/>Un usage prolong\u00e9 est d\u00e9conseill\u00e9.<\/p>\n<div>Lisez attentivement l\u2019\u00e9tiquette et les informations concernant le produit ainsi que le mode d\u2019emploi.<br \/>Ne pas d\u00e9passer la dose journali\u00e8re indiqu\u00e9e.<br \/>Tenir hors de port\u00e9e des jeunes enfants.<br \/>Les compl\u00e9ments alimentaires ne soient utilis\u00e9s comme substituts d'un r\u00e9gime alimentaire vari\u00e9.<\/div>\n<div>IAF network vous rappelled l\u2019importance d\u2019une alimentation vari\u00e9e et \u00e9quilibr\u00e9e et \u00e0 un mode de vie sain.<\/div>\n<\/div>","protected":false},"excerpt":{"rendered":"<p>Pharmalife Research Aloe Gel Premium Detox 1000ml. Aloe Gel Premium Detox est un compl\u00e9ment alimentaire \u00e0 base de jus et de pulpe de gel d\u2019aloe titr\u00e9e 4% en polysaccharides, enrichi en extrait sec de gel d\u2019aloe 200:1 titr\u00e9 10% en polysaccharides, \u00e0 la fois sans cuticule externe et sans alo\u00efne.<\/p>","protected":false},"featured_media":25176,"template":"","meta":{"arc_restricted_post":false},"product_cat":[49,347],"product_tag":[],"_links":{"self":[{"href":"https:\/\/www.sopha-sahara.com\/en\/wp-json\/wp\/v2\/product\/25027"}],"collection":[{"href":"https:\/\/www.sopha-sahara.com\/en\/wp-json\/wp\/v2\/product"}],"about":[{"href":"https:\/\/www.sopha-sahara.com\/en\/wp-json\/wp\/v2\/types\/product"}],"wp:featuredmedia":[{"embeddable":true,"href":"https:\/\/www.sopha-sahara.com\/en\/wp-json\/wp\/v2\/media\/25176"}],"wp:attachment":[{"href":"https:\/\/www.sopha-sahara.com\/en\/wp-json\/wp\/v2\/media?parent=25027"}],"wp:term":[{"taxonomy":"product_cat","embeddable":true,"href":"https:\/\/www.sopha-sahara.com\/en\/wp-json\/wp\/v2\/product_cat?post=25027"},{"taxonomy":"product_tag","embeddable":true,"href":"https:\/\/www.sopha-sahara.com\/en\/wp-json\/wp\/v2\/product_tag?post=25027"}],"curies":[{"name":"wp","href":"https:\/\/api.w.org\/{rel}","templated":true}]}}