{"id":25023,"date":"2020-12-24T10:17:14","date_gmt":"2020-12-24T09:17:14","guid":{"rendered":"https:\/\/www.interbusinesschamber.com\/produit\/aspersina-latte-tonico-demaquillage-200ml\/"},"modified":"2020-12-25T11:58:55","modified_gmt":"2020-12-25T10:58:55","slug":"aspersina-latte-tonico-demaquillage-200ml","status":"publish","type":"product","link":"https:\/\/www.sopha-sahara.com\/en\/product\/aspersina-latte-tonico-demaquillage-200ml\/","title":{"rendered":"Aspersina &#8211; Latte &#038; Tonico D\u00e9maquillage 200ml"},"content":{"rendered":"<div><strong>PHARMALIFE RESEARCH ASPERSINA - LATTE &amp; TONICO D\u00c9MAQUILLAGE<br \/><\/strong><\/div>\n<div>\n<p>\u00c0 base de bave d'escargot et les extraits v\u00e9g\u00e9taux. Visage et yeux, sans alcool<\/p>\n<p>ASPERSINA LATTE &amp; TONICO\u00a0D\u00c9MAQUILLAGE est une \u00e9mulsion fluide qui combine les fonctions de lait d\u00e9maquillant et de tonique utile pour le nettoyage quotidien de la peau en une seule action.<\/p>\n<p>CONTENU NET: 200 ml<\/p>\n<p>STOCKAGE: garder dans un endroit frais et sec.<\/p><\/div>","protected":false},"excerpt":{"rendered":"<p>Pharmalife Aspersina &#8211; Latte &amp; Tonico D\u00e9maquillage 200ml. \u00c0 base de bave d&rsquo;escargot et les extraits v\u00e9g\u00e9taux. Visage et yeux, sans alcool.<\/p>","protected":false},"featured_media":25208,"template":"","meta":{"arc_restricted_post":false},"product_cat":[49,347],"product_tag":[],"_links":{"self":[{"href":"https:\/\/www.sopha-sahara.com\/en\/wp-json\/wp\/v2\/product\/25023"}],"collection":[{"href":"https:\/\/www.sopha-sahara.com\/en\/wp-json\/wp\/v2\/product"}],"about":[{"href":"https:\/\/www.sopha-sahara.com\/en\/wp-json\/wp\/v2\/types\/product"}],"wp:featuredmedia":[{"embeddable":true,"href":"https:\/\/www.sopha-sahara.com\/en\/wp-json\/wp\/v2\/media\/25208"}],"wp:attachment":[{"href":"https:\/\/www.sopha-sahara.com\/en\/wp-json\/wp\/v2\/media?parent=25023"}],"wp:term":[{"taxonomy":"product_cat","embeddable":true,"href":"https:\/\/www.sopha-sahara.com\/en\/wp-json\/wp\/v2\/product_cat?post=25023"},{"taxonomy":"product_tag","embeddable":true,"href":"https:\/\/www.sopha-sahara.com\/en\/wp-json\/wp\/v2\/product_tag?post=25023"}],"curies":[{"name":"wp","href":"https:\/\/api.w.org\/{rel}","templated":true}]}}