{"id":25022,"date":"2020-12-24T10:17:13","date_gmt":"2020-12-24T09:17:13","guid":{"rendered":"https:\/\/www.interbusinesschamber.com\/produit\/aspersina-creme-pour-les-mains-75ml\/"},"modified":"2020-12-25T11:54:31","modified_gmt":"2020-12-25T10:54:31","slug":"aspersina-creme-pour-les-mains-75ml","status":"publish","type":"product","link":"https:\/\/www.sopha-sahara.com\/en\/product\/aspersina-creme-pour-les-mains-75ml\/","title":{"rendered":"Aspersina &#8211; Cr\u00e8me pour les Mains 75ml"},"content":{"rendered":"<div class=\"prodsch_txt\">\n<div>\n<div>\n<div><strong>PHARMALIFE ASPERSINA - CR\u00c8ME POUR LES MAINS<\/strong><\/div>\n<div>\n<p>\u00c0 base de bave d'escargot, acide hyaluronique et les extraits v\u00e9g\u00e9taux<\/p>\n<p>CR\u00c8ME POUR LES MAINS\u00a0a \u00e9t\u00e9 formul\u00e9 \u00e0 base de bave d\u2019escargot et d\u2019acide hyaluronique, qui exerce une action filmante et protectrice, et agr\u00e9ment\u00e9e d\u2019extraits de plantes tels que le bisabolol, l\u2019acide glycerr\u00e9tique et le bacopa monnieri, aux propri\u00e9t\u00e9s nourrissantes, hydratantes et anti-irritantes connues.<\/p>\n<p>CONTENU NET: 75ml<\/p>\n<p>STOCKAGE: Garder dans un endroit frais et sec.<\/p><\/div>\n<\/div>\n<\/div>\n<\/div>","protected":false},"excerpt":{"rendered":"<p>Pharmalife Aspersina &#8211; Cr\u00e8me pour les Mains 75ml. \u00c0 base de bave d&rsquo;escargot, acide hyaluronique et les extraits v\u00e9g\u00e9taux.<\/p>","protected":false},"featured_media":25203,"template":"","meta":{"arc_restricted_post":false},"product_cat":[49,347],"product_tag":[],"_links":{"self":[{"href":"https:\/\/www.sopha-sahara.com\/en\/wp-json\/wp\/v2\/product\/25022"}],"collection":[{"href":"https:\/\/www.sopha-sahara.com\/en\/wp-json\/wp\/v2\/product"}],"about":[{"href":"https:\/\/www.sopha-sahara.com\/en\/wp-json\/wp\/v2\/types\/product"}],"wp:featuredmedia":[{"embeddable":true,"href":"https:\/\/www.sopha-sahara.com\/en\/wp-json\/wp\/v2\/media\/25203"}],"wp:attachment":[{"href":"https:\/\/www.sopha-sahara.com\/en\/wp-json\/wp\/v2\/media?parent=25022"}],"wp:term":[{"taxonomy":"product_cat","embeddable":true,"href":"https:\/\/www.sopha-sahara.com\/en\/wp-json\/wp\/v2\/product_cat?post=25022"},{"taxonomy":"product_tag","embeddable":true,"href":"https:\/\/www.sopha-sahara.com\/en\/wp-json\/wp\/v2\/product_tag?post=25022"}],"curies":[{"name":"wp","href":"https:\/\/api.w.org\/{rel}","templated":true}]}}