{"id":25021,"date":"2020-12-24T10:17:13","date_gmt":"2020-12-24T09:17:13","guid":{"rendered":"https:\/\/www.interbusinesschamber.com\/produit\/tea-tree-bardana-e-iris-75ml\/"},"modified":"2020-12-25T15:44:32","modified_gmt":"2020-12-25T14:44:32","slug":"tea-tree-bardana-e-iris-75ml","status":"publish","type":"product","link":"https:\/\/www.sopha-sahara.com\/en\/product\/tea-tree-bardana-e-iris-75ml\/","title":{"rendered":"Tea Tree Bardana e Iris 75ml"},"content":{"rendered":"<div><strong>PHARMALIFE TEA TREE BARDANA E IRIS<\/strong><\/div>\n<div>\n<p>Pommade d'huile essentielle d'arbre \u00e0 th\u00e9, avec des extraits de racine de bardane et d'iris<\/p>\n<p>POMATA TEA TREE BARDANA ET IRIS, contient de l'huile essentielle d'arbre \u00e0 th\u00e9 et de lavande, une concentration \u00e9lev\u00e9e d'extraits de racine de bardane, d'iris et d'autres ingr\u00e9dients actifs qui aident \u00e0 garder la peau lisse et uniforme.<br \/>Il est particuli\u00e8rement indiqu\u00e9 dans le cas de peaux grasses et impures, d'imperfections cutan\u00e9es et de piq\u00fbres d'insectes.<\/p>\n<p>CONTENU NET: 75ml<\/p>\n<p>STOCKAGE: Garder dans un endroit frais et sec.<\/p><\/div>","protected":false},"excerpt":{"rendered":"<p>Pharmalife Tea Tree Bardana e Iris 75ml. Pommade d&rsquo;huile essentielle d&rsquo;arbre \u00e0 th\u00e9, avec des extraits de racine de bardane et d&rsquo;iris.<\/p>","protected":false},"featured_media":25373,"template":"","meta":{"arc_restricted_post":false},"product_cat":[49,347],"product_tag":[],"_links":{"self":[{"href":"https:\/\/www.sopha-sahara.com\/en\/wp-json\/wp\/v2\/product\/25021"}],"collection":[{"href":"https:\/\/www.sopha-sahara.com\/en\/wp-json\/wp\/v2\/product"}],"about":[{"href":"https:\/\/www.sopha-sahara.com\/en\/wp-json\/wp\/v2\/types\/product"}],"wp:featuredmedia":[{"embeddable":true,"href":"https:\/\/www.sopha-sahara.com\/en\/wp-json\/wp\/v2\/media\/25373"}],"wp:attachment":[{"href":"https:\/\/www.sopha-sahara.com\/en\/wp-json\/wp\/v2\/media?parent=25021"}],"wp:term":[{"taxonomy":"product_cat","embeddable":true,"href":"https:\/\/www.sopha-sahara.com\/en\/wp-json\/wp\/v2\/product_cat?post=25021"},{"taxonomy":"product_tag","embeddable":true,"href":"https:\/\/www.sopha-sahara.com\/en\/wp-json\/wp\/v2\/product_tag?post=25021"}],"curies":[{"name":"wp","href":"https:\/\/api.w.org\/{rel}","templated":true}]}}