{"id":25020,"date":"2020-12-24T10:17:13","date_gmt":"2020-12-24T09:17:13","guid":{"rendered":"https:\/\/www.interbusinesschamber.com\/produit\/acerola-c-30-comprimes-gingivaux\/"},"modified":"2020-12-25T11:05:42","modified_gmt":"2020-12-25T10:05:42","slug":"acerola-c-30-comprimes-gingivaux","status":"publish","type":"product","link":"https:\/\/www.sopha-sahara.com\/en\/product\/acerola-c-30-comprimes-gingivaux\/","title":{"rendered":"Acerola C 30 comprim\u00e9s gingivaux"},"content":{"rendered":"<div class=\"prodsch_txt\">\n<div>\n<div><strong>PHARMALIFE RESEARCH ACEROLA C<br \/><\/strong><\/div>\n<div>Compl\u00e9ment alimentaire<\/p>\n<p>Acerola C est un compl\u00e9ment alimentaire \u00e0 base d'extrait v\u00e9g\u00e9tal d'Ac\u00e9rola, qui soutient les d\u00e9fenses de l'organisme et poss\u00e8de une activit\u00e9 antioxydante importante. La vitamine C, naturellement contenue dans l'extrait, est utile pour prot\u00e9ger les cellules du stress oxydatif.<\/p>\n<p>RECOMMANDATION: Il est recommand\u00e9 de prendre 1 \u00e0 4 comprim\u00e9s par jour, en fonction du besoin, de se dissoudre lentement dans la bouche.<\/p>\n<p>CONTENU NET: 36 grammes<\/p>\n<p>STOCKAGE: Garder dans un endroit frais et sec.<\/p>\n<div>\n<div>\n<h4 class=\"tabnut_tit\">INFORMATION NUTRITIONNELLE<\/h4>\n<div class=\"tabnut_table\">\n<table class=\"iaftable\" cellspacing=\"0\">\n<tbody>\n<tr>\n<td class=\"tabnut_medsep-top\"><strong>Analyse moyenne<br \/><\/strong><\/td>\n<td class=\"tabnut_medsep-top\"><strong>Par 100g<\/strong><\/td>\n<td class=\"tabnut_medsep-top\"><strong>Par dose (4 comprim\u00e9s)<\/strong><\/td>\n<\/tr>\n<tr>\n<td class=\"tabnut_medsep-btm\">Extrait de fruits Acerola<\/td>\n<td class=\"tabnut_medsep-btm\">83,6g<\/td>\n<td class=\"tabnut_medsep-btm\">4g<\/td>\n<\/tr>\n<tr>\n<td class=\"tabnut_medsep-top\">dont la vitamine C<\/td>\n<td class=\"tabnut_medsep-top\">20,83g<\/td>\n<td class=\"tabnut_medsep-top\">1g (1250% *)<\/td>\n<\/tr>\n<tr>\n<td class=\"tabnut_medsep-btm\" colspan=\"3\">* AR = Apports de R\u00e9f\u00e9rence\u00a0\u00a0<\/td>\n<\/tr>\n<tr>\n<td colspan=\"3\">\n<div><strong>Ingr\u00e9dients:<\/strong>\u00a0extrait sec de fruits Acerola (Malpighia glabra, maltodextrine) titr\u00e9 25% en vitamine C, gamma-cyclodextrine, isomalto, ar\u00f4mes, anti-agglom\u00e9rants: st\u00e9arate de magn\u00e9sium, dioxyde de silicium; Edulcorants: sucralose.<\/div>\n<\/td>\n<\/tr>\n<\/tbody>\n<\/table>\n<\/div>\n<\/div>\n<\/div>\n<\/div>\n<\/div>\n<\/div>\n<div class=\"prodsch_avvert\">\n<div>Lisez attentivement l\u2019\u00e9tiquette et les informations concernant le produit ainsi que le mode d\u2019emploi.<br \/>Ne pas d\u00e9passer la dose journali\u00e8re indiqu\u00e9e.<br \/>Tenir hors de port\u00e9e des jeunes enfants.<br \/>Les compl\u00e9ments alimentaires ne soient utilis\u00e9s comme substituts d'un r\u00e9gime alimentaire vari\u00e9.<\/div>\n<div>IAF network vous rappelled l\u2019importance d\u2019une alimentation vari\u00e9e et \u00e9quilibr\u00e9e et \u00e0 un mode de vie sain.<\/div>\n<\/div>","protected":false},"excerpt":{"rendered":"<p>PHARMALIFE Acerola C 30 comprim\u00e9s gingivaux. Acerola C est un compl\u00e9ment alimentaire \u00e0 base d&rsquo;extrait v\u00e9g\u00e9tal d&rsquo;Ac\u00e9rola, qui contient naturellement de la vitamine C, utile pour prot\u00e9ger les cellules du stress oxydatif.<\/p>","protected":false},"featured_media":25161,"template":"","meta":{"arc_restricted_post":false},"product_cat":[49,347],"product_tag":[],"_links":{"self":[{"href":"https:\/\/www.sopha-sahara.com\/en\/wp-json\/wp\/v2\/product\/25020"}],"collection":[{"href":"https:\/\/www.sopha-sahara.com\/en\/wp-json\/wp\/v2\/product"}],"about":[{"href":"https:\/\/www.sopha-sahara.com\/en\/wp-json\/wp\/v2\/types\/product"}],"wp:featuredmedia":[{"embeddable":true,"href":"https:\/\/www.sopha-sahara.com\/en\/wp-json\/wp\/v2\/media\/25161"}],"wp:attachment":[{"href":"https:\/\/www.sopha-sahara.com\/en\/wp-json\/wp\/v2\/media?parent=25020"}],"wp:term":[{"taxonomy":"product_cat","embeddable":true,"href":"https:\/\/www.sopha-sahara.com\/en\/wp-json\/wp\/v2\/product_cat?post=25020"},{"taxonomy":"product_tag","embeddable":true,"href":"https:\/\/www.sopha-sahara.com\/en\/wp-json\/wp\/v2\/product_tag?post=25020"}],"curies":[{"name":"wp","href":"https:\/\/api.w.org\/{rel}","templated":true}]}}