{"id":25019,"date":"2020-12-24T10:17:13","date_gmt":"2020-12-24T09:17:13","guid":{"rendered":"https:\/\/www.interbusinesschamber.com\/produit\/aspersina-gel-nettoyant-pour-le-visage-200ml\/"},"modified":"2020-12-25T11:55:15","modified_gmt":"2020-12-25T10:55:15","slug":"aspersina-gel-nettoyant-pour-le-visage-200ml","status":"publish","type":"product","link":"https:\/\/www.sopha-sahara.com\/en\/product\/aspersina-gel-nettoyant-pour-le-visage-200ml\/","title":{"rendered":"Aspersina &#8211; Gel Nettoyant pour le Visage 200ml"},"content":{"rendered":"<div><strong>PHARMALIFE RESEARCH ASPERSINA - GEL NETTOYANT POUR LE VISAGE<br \/><\/strong><\/div>\n<div>\n<div>D\u00e9licat, adapt\u00e9 \u00e0 tous les types de peau<\/p>\n<p>ASPERSINA GEL NETTOYANT POUR LE VISAGE\u00a0a \u00e9t\u00e9 formul\u00e9 avec du mucus d\u2019escargot pur avec une activit\u00e9 r\u00e9g\u00e9n\u00e9rante et un m\u00e9lange d\u2019ingr\u00e9dients d\u00e9licats ne modifiant pas le film hydrolipidique de la peau, capable de nettoyer et de d\u00e9maquiller le visage.<\/p><\/div>\n<p>CONTENU NET: 200ml<\/p>\n<p>STOCKAGE: garder dans un endroit frais et sec.<\/p><\/div>","protected":false},"excerpt":{"rendered":"<p>Pharmalife Aspersina &#8211; Gel Nettoyant pour le Visage 200ml. Gel nettoyant pour le visage a \u00e9t\u00e9 formul\u00e9 avec du mucus d\u2019escargot pur avec une activit\u00e9 r\u00e9g\u00e9n\u00e9rante et un m\u00e9lange d\u2019ingr\u00e9dients d\u00e9licats ne modifiant pas le film hydrolipidique de la peau, capable de nettoyer et de d\u00e9maquiller le visage.<\/p>","protected":false},"featured_media":25204,"template":"","meta":{"arc_restricted_post":false},"product_cat":[49,347],"product_tag":[],"_links":{"self":[{"href":"https:\/\/www.sopha-sahara.com\/en\/wp-json\/wp\/v2\/product\/25019"}],"collection":[{"href":"https:\/\/www.sopha-sahara.com\/en\/wp-json\/wp\/v2\/product"}],"about":[{"href":"https:\/\/www.sopha-sahara.com\/en\/wp-json\/wp\/v2\/types\/product"}],"wp:featuredmedia":[{"embeddable":true,"href":"https:\/\/www.sopha-sahara.com\/en\/wp-json\/wp\/v2\/media\/25204"}],"wp:attachment":[{"href":"https:\/\/www.sopha-sahara.com\/en\/wp-json\/wp\/v2\/media?parent=25019"}],"wp:term":[{"taxonomy":"product_cat","embeddable":true,"href":"https:\/\/www.sopha-sahara.com\/en\/wp-json\/wp\/v2\/product_cat?post=25019"},{"taxonomy":"product_tag","embeddable":true,"href":"https:\/\/www.sopha-sahara.com\/en\/wp-json\/wp\/v2\/product_tag?post=25019"}],"curies":[{"name":"wp","href":"https:\/\/api.w.org\/{rel}","templated":true}]}}