{"id":25018,"date":"2020-12-24T10:17:13","date_gmt":"2020-12-24T09:17:13","guid":{"rendered":"https:\/\/www.interbusinesschamber.com\/produit\/flebostax-gel-creme-150ml\/"},"modified":"2020-12-25T14:21:30","modified_gmt":"2020-12-25T13:21:30","slug":"flebostax-gel-creme-150ml","status":"publish","type":"product","link":"https:\/\/www.sopha-sahara.com\/en\/product\/flebostax-gel-creme-150ml\/","title":{"rendered":"Flebostax Gel Cr\u00e8me 150ml"},"content":{"rendered":"<div class=\"prodsch_txt\">\n<div>\n<div><strong>PHARMALIFE RESEARCH\u00a0- FLEBOSTAX\u00a0<\/strong><strong>GEL CR\u00c8ME<\/strong><\/div>\n<div>Pr\u00e9paration phytocosm\u00e9tique<\/p>\n<p>FIebostax Cream Gel est une pr\u00e9paration phytocosm\u00e9tique con\u00e7ue pour procurer un soulagement imm\u00e9diat en cas de perception d'enflure, de lourdeur et de fatigue des membres inf\u00e9rieurs; Il a \u00e9t\u00e9 formul\u00e9 avec des extraits de plantes tels que l'escola, d\u00e9riv\u00e9 du fruit de l'hippocastan, rusco, lierre et trox\u00e9rutine, utile pour restaurer la sensation naturelle de l\u00e9g\u00e8ret\u00e9 sur les jambes et les chevilles.<br \/>Flebostax Cream Gel contient \u00e9galement de l'huile essentielle de menthe poivr\u00e9e qui peut vous procurer une sensation de fra\u00eecheur agr\u00e9able, d\u00e9licate mais prolong\u00e9e.<\/p>\n<p>COMMENT UTILISER: appliquer avec un l\u00e9ger massage circulaire, des chevilles aux cuisses. Il peut \u00eatre utilis\u00e9 plusieurs fois par jour, chaque fois que vous en ressentez le besoin. Eviter le contact avec les yeux et les muqueuses. Produit non vendu sans sa bo\u00eete.<\/p>\n<p>INGREDIENTS: AQUA, GLYCERINE, Prunus amygdalus DULCIS BIT, TRIGLYCERIDES C10-18, OLIVATE CETEARYL, STEARATE POLYGLYCERYL-3, ALCOOL CETEARYL, Isoamyl cocoate, Isoamyl Laurate, PHENOXYETHANOL, Cellulose Microcristalline, Ac\u00e9tate de TOCOPHERYLE, Trox\u00e9rutine, ESCIN, Gomme de Xanthane, Menthe poivr\u00e9e MENTHA HUILE, GOMME DE CELLULOSE, LACTATE DE MENTHYLE, ACIDE BENZOIQUE, HUILE D'HERBES LAVANDULA HUILE, HEDERA HELIX, EXTRAIT DE FEUILLES, PARFUM, PPG-25-LAURETH-25, EXTRAIT DE ROTULE DE RUSCUS ACULEATUS, TETRASODIUM GLUTAMATE DIACETATE, LINALOOL, ACIDE DHEHYDROACTIQUE, PEG-40 HYDROGENE HUILE DE RICIN, CI 14700, CI 42090, ETHYLHEXYLGLYCERINE, LIMONENE.<\/p>\n<p>CONTENU NET: 150 ml<\/p>\n<\/div>\n<div>STOCKAGE: garder dans un endroit frais et sec.<\/div>\n<\/div>\n<\/div>\n<div class=\"prodsch_avvert\">\n<div>Lisez attentivement l\u2019\u00e9tiquette et les informations concernant le produit ainsi que le mode d\u2019emploi.<br \/>Ne pas d\u00e9passer la dose journali\u00e8re indiqu\u00e9e.<br \/>Tenir hors de port\u00e9e des jeunes enfants.<br \/>Les compl\u00e9ments alimentaires ne soient utilis\u00e9s comme substituts d'un r\u00e9gime alimentaire vari\u00e9.<\/div>\n<div>IAF network vous rappelled l\u2019importance d\u2019une alimentation vari\u00e9e et \u00e9quilibr\u00e9e et \u00e0 un mode de vie sain.<\/div>\n<\/div>","protected":false},"excerpt":{"rendered":"<p>PHARMALIFE Flebostax Gel Cr\u00e8me 150ml. FIebostax Cream Gel est une pr\u00e9paration phytocosm\u00e9tique con\u00e7ue pour procurer un soulagement imm\u00e9diat en cas de perception d&rsquo;enflure, de lourdeur et de fatigue des membres inf\u00e9rieurs<\/p>","protected":false},"featured_media":25280,"template":"","meta":{"arc_restricted_post":false},"product_cat":[49,347],"product_tag":[],"_links":{"self":[{"href":"https:\/\/www.sopha-sahara.com\/en\/wp-json\/wp\/v2\/product\/25018"}],"collection":[{"href":"https:\/\/www.sopha-sahara.com\/en\/wp-json\/wp\/v2\/product"}],"about":[{"href":"https:\/\/www.sopha-sahara.com\/en\/wp-json\/wp\/v2\/types\/product"}],"wp:featuredmedia":[{"embeddable":true,"href":"https:\/\/www.sopha-sahara.com\/en\/wp-json\/wp\/v2\/media\/25280"}],"wp:attachment":[{"href":"https:\/\/www.sopha-sahara.com\/en\/wp-json\/wp\/v2\/media?parent=25018"}],"wp:term":[{"taxonomy":"product_cat","embeddable":true,"href":"https:\/\/www.sopha-sahara.com\/en\/wp-json\/wp\/v2\/product_cat?post=25018"},{"taxonomy":"product_tag","embeddable":true,"href":"https:\/\/www.sopha-sahara.com\/en\/wp-json\/wp\/v2\/product_tag?post=25018"}],"curies":[{"name":"wp","href":"https:\/\/api.w.org\/{rel}","templated":true}]}}