{"id":25017,"date":"2020-12-24T10:17:13","date_gmt":"2020-12-24T09:17:13","guid":{"rendered":"https:\/\/www.interbusinesschamber.com\/produit\/aloenativa-gel-100ml\/"},"modified":"2020-12-25T11:26:00","modified_gmt":"2020-12-25T10:26:00","slug":"aloenativa-gel-100ml","status":"publish","type":"product","link":"https:\/\/www.sopha-sahara.com\/en\/product\/aloenativa-gel-100ml\/","title":{"rendered":"Aloenativa Gel 100ml"},"content":{"rendered":"<div><strong>PHARMALIFE RESEARCH ALOENATIVA GEL<\/strong><strong><br \/><\/strong><\/div>\n<div>Dispositif m\u00e9dical<\/p>\n<p>ALOENATIVA\u00ae GEL est un dispositif m\u00e9dical qui soutient la restauration naturelle de la barri\u00e8re cutan\u00e9e en exer\u00e7ant une action calmante et apaisante, utile en cas de peau s\u00e8che et d\u00e9shydrat\u00e9e, irrit\u00e9e, rougie et br\u00fbl\u00e9e.<\/p>\n<p>Les ingr\u00e9dients fonctionnels contenus, tels que le gel d'Aloe Vera trois fois plus concentr\u00e9 et l'acide hyaluronique de haut poids mol\u00e9culaire, forment sur la peau un mince film protecteur qui agit comme une barri\u00e8re m\u00e9canique favorisant sa r\u00e9hydratation et une sensation instantan\u00e9e de soulagement imm\u00e9diat.<\/p>\n<\/div>\n<div>COMMENT UTILISER: appliquer le produit en quantit\u00e9 suffisante pour couvrir compl\u00e8tement la partie affect\u00e9e avec un l\u00e9ger massage. R\u00e9p\u00e9tez le duo d'application ou plusieurs fois par jour si n\u00e9cessaire jusqu'\u00e0 la r\u00e9mission du sympt\u00f4me.<\/p>\n<p>CONTENU NET: 100 ml<\/p>\n<\/div>\n<div>STOCKAGE: garder dans un endroit frais et sec.<\/p>\n<p>INGR\u00c9DIENTS: jus de feuilles d'aloe barbadensis, m\u00e9thylpropanediol, extrait de feuilles d'aloe barbadensis, acide hyaluronique, caprylylglycol, benzoate de sodium, d\u00e9shydroac\u00e9tate de sodium, sorbate de potassium, ph\u00e9nylpropanol.<\/p><\/div>","protected":false},"excerpt":{"rendered":"<p>PHARMALIFE Aloenativa Gel 100ml. ALOENATIVA\u00ae GEL est un dispositif m\u00e9dical qui soutient la restauration naturelle de la barri\u00e8re cutan\u00e9e en exer\u00e7ant une action calmante et apaisante, utile en cas de peau s\u00e8che et d\u00e9shydrat\u00e9e, irrit\u00e9e, rougie et br\u00fbl\u00e9e.<\/p>","protected":false},"featured_media":25177,"template":"","meta":{"arc_restricted_post":false},"product_cat":[49,347],"product_tag":[],"_links":{"self":[{"href":"https:\/\/www.sopha-sahara.com\/en\/wp-json\/wp\/v2\/product\/25017"}],"collection":[{"href":"https:\/\/www.sopha-sahara.com\/en\/wp-json\/wp\/v2\/product"}],"about":[{"href":"https:\/\/www.sopha-sahara.com\/en\/wp-json\/wp\/v2\/types\/product"}],"wp:featuredmedia":[{"embeddable":true,"href":"https:\/\/www.sopha-sahara.com\/en\/wp-json\/wp\/v2\/media\/25177"}],"wp:attachment":[{"href":"https:\/\/www.sopha-sahara.com\/en\/wp-json\/wp\/v2\/media?parent=25017"}],"wp:term":[{"taxonomy":"product_cat","embeddable":true,"href":"https:\/\/www.sopha-sahara.com\/en\/wp-json\/wp\/v2\/product_cat?post=25017"},{"taxonomy":"product_tag","embeddable":true,"href":"https:\/\/www.sopha-sahara.com\/en\/wp-json\/wp\/v2\/product_tag?post=25017"}],"curies":[{"name":"wp","href":"https:\/\/api.w.org\/{rel}","templated":true}]}}