{"id":25016,"date":"2020-12-24T10:17:12","date_gmt":"2020-12-24T09:17:12","guid":{"rendered":"https:\/\/www.interbusinesschamber.com\/produit\/tussiflux-nuit-200ml\/"},"modified":"2020-12-25T15:53:07","modified_gmt":"2020-12-25T14:53:07","slug":"tussiflux-nuit-200ml","status":"publish","type":"product","link":"https:\/\/www.sopha-sahara.com\/en\/product\/tussiflux-nuit-200ml\/","title":{"rendered":"Tussiflux Nuit 200ml"},"content":{"rendered":"<div><strong>PHARMALIFE TISSIFLUX NUIT<\/strong><\/div>\n<div>Dispositif m\u00e9dical<\/div>\n<div>\u00a0<\/div>\n<div>Tussiflux suspension orale nocturne de Pharmalife Research, est un dispositif m\u00e9dical indiqu\u00e9 dans le traitement de la toux nocturne particuli\u00e8rement persistante.<\/p>\n<p>La nuit Tussiflux, gr\u00e2ce \u00e0 sa combinaison d'ingr\u00e9dients v\u00e9g\u00e9taux comme la Propolis, la Mauve, la Plantain et l'Adathoda, riche en mucilage, gommes et r\u00e9sines, cr\u00e9e un film protecteur \"effet barri\u00e8re\" adh\u00e9rant \u00e0 la muqueuse des voies respiratoires soulageant les \u00e9tats irritatifs.<br \/>La nuit de Tussiflux vous permet de r\u00e9duire l'intensit\u00e9 et la fr\u00e9quence de la toux nocturne en facilitant le repos.<\/p>\n<p>La nuit Tussiflux pour sa formulation particuli\u00e8re effectue plusieurs activit\u00e9s:<\/p><\/div>\n<div>\u00a0<\/div>\n<div>\n<ul>\n<li>adh\u00e8re aux membranes muqueuses des premi\u00e8res voies a\u00e9riennes, limitant le contact avec les agents irritants externes, r\u00e9duisant la stimulation des r\u00e9cepteurs de la toux;<\/li>\n<li>maintient l'hydratation des membranes muqueuses; \u2022 soulage les \u00e9tats irritatifs, calme la toux persistante et soulage;<\/li>\n<li>Il calme la toux en favorisant le repos nocturne. Une toux s\u00e8che et une irritation de la gorge peuvent \u00eatre caus\u00e9es \u00e0 tout moment de l'ann\u00e9e par des facteurs externes tels que la climatisation en \u00e9t\u00e9 et le chauffage et l'air sec en automne et en hiver ou le pollen au printemps. Le rhume peut \u00e9galement \u00eatre associ\u00e9 \u00e0 une toux s\u00e8che et \u00e0 une irritation de la gorge avec un prurit et des picotements dus \u00e0 une inflammation du pharynx, tous des sympt\u00f4mes tr\u00e8s g\u00eanants, m\u00eame s'ils sont de courte dur\u00e9e.<\/li>\n<\/ul>\n<p>Tussiflux night est une suspension orale avec une action \u00e9molliente qui contient les principaux ingr\u00e9dients d'origine v\u00e9g\u00e9tale utiles pour calmer la toux s\u00e8che; aide \u00e0 r\u00e9duire et calmer l'envie de tousser qui prend souvent le dessus apr\u00e8s avoir pris le d\u00e9cubitus, favorisant ainsi le repos.<\/p>\n<p>Tussiflux notte contient \u00e9galement du miel millefiori, des huiles essentielles de cypr\u00e8s, de thym et de lavande aux propri\u00e9t\u00e9s \u00e9mollientes et apaisantes et donne au produit un go\u00fbt particuli\u00e8rement agr\u00e9able m\u00eame pour les enfants.<\/p><\/div>\n<div>\u00a0<\/div>\n<div>COMMENT UTILISER<\/p>\n<p>Pour une utilisation correcte du produit, nous recommandons:<\/p>\n<p>De 1 \u00e0 3 ans: 5 ml 2 fois par jour, \u00e0 l'\u00e9cart des repas et 5 ml avant le coucher.<br \/>De 3 \u00e0 6 ans: 10 ml 2 fois par jour, \u00e0 l'\u00e9cart des repas et 10 ml avant le coucher.<br \/>De 6 \u00e0 12 ans: 10 ml 3 fois par jour, \u00e0 l'\u00e9cart des repas et 10 ml avant le coucher.<br \/>Plus de 12 ans et les adultes: 15 ml 2 fois par jour, loin des repas et 15 ml avant le coucher.<\/div>\n<div>CONTENU NET: 200ml<\/p>\n<\/div>\n<div>STOCKAGE: garder dans un endroit frais et sec.<\/div>\n<div>\u00a0<\/div>\n<div>INGR\u00c9DIENTS: eau d\u00e9min\u00e9ralis\u00e9e, fructose, miel millefiori, extrait sec de feuilles d'Adhatoda vasica (Adhatoda vasica, maltodextrine), extrait sec d'inflorescences de tilleul (Tilia platyphyllos, Tilia cordata, maltodextrine), ar\u00f4me, extrait sec de parties a\u00e9riennes de m\u00e9lisse (Melissa officinalis , maltodextrine), extrait de propolis glyc\u00e9rique (Propolis), feuilles de Malva s\u00e9ch\u00e9es (Malva sylvestris, maltodextrine), acidifiant: acide citrique E330; extrait hydroglyc\u00e9rique de thalle islandais de lichen (Cetraria islandica), huile essentielle de cypr\u00e8s (Cupressus), huile essentielle de thym (Thymus vulgaris), extrait hydroglyc\u00e9rique de feuilles de plantain (Plantago major), conservateur: sorbate de potassium E202; Huile essentielle de m\u00e9lisse (Melissa officinalis), extrait sec de propolis (propolis, maltodextrine), gomme de xanthane, fruits s\u00e9ch\u00e9s Sambuco (Sambucus nigra, maltodextrine), huile essentielle de lavande (Lavandula angustifoglia).<\/div>","protected":false},"excerpt":{"rendered":"<p>Pharmalife Tussiflux Nuit 200ml. Tussiflux suspension orale nocturne de Pharmalife Research, est un dispositif m\u00e9dical indiqu\u00e9 dans le traitement de la toux nocturne particuli\u00e8rement persistante.<\/p>","protected":false},"featured_media":25378,"template":"","meta":{"arc_restricted_post":false},"product_cat":[49,347],"product_tag":[],"_links":{"self":[{"href":"https:\/\/www.sopha-sahara.com\/en\/wp-json\/wp\/v2\/product\/25016"}],"collection":[{"href":"https:\/\/www.sopha-sahara.com\/en\/wp-json\/wp\/v2\/product"}],"about":[{"href":"https:\/\/www.sopha-sahara.com\/en\/wp-json\/wp\/v2\/types\/product"}],"wp:featuredmedia":[{"embeddable":true,"href":"https:\/\/www.sopha-sahara.com\/en\/wp-json\/wp\/v2\/media\/25378"}],"wp:attachment":[{"href":"https:\/\/www.sopha-sahara.com\/en\/wp-json\/wp\/v2\/media?parent=25016"}],"wp:term":[{"taxonomy":"product_cat","embeddable":true,"href":"https:\/\/www.sopha-sahara.com\/en\/wp-json\/wp\/v2\/product_cat?post=25016"},{"taxonomy":"product_tag","embeddable":true,"href":"https:\/\/www.sopha-sahara.com\/en\/wp-json\/wp\/v2\/product_tag?post=25016"}],"curies":[{"name":"wp","href":"https:\/\/api.w.org\/{rel}","templated":true}]}}