{"id":25015,"date":"2020-12-24T10:17:12","date_gmt":"2020-12-24T09:17:12","guid":{"rendered":"https:\/\/www.interbusinesschamber.com\/produit\/tussiflux-toux-30-comprimes\/"},"modified":"2020-12-25T15:55:38","modified_gmt":"2020-12-25T14:55:38","slug":"tussiflux-toux-30-comprimes","status":"publish","type":"product","link":"https:\/\/www.sopha-sahara.com\/en\/product\/tussiflux-toux-30-comprimes\/","title":{"rendered":"Tussiflux Toux 30 comprim\u00e9s"},"content":{"rendered":"<div><strong>PHARMALIFE TUSSIFLUX TOUX<br \/><\/strong><\/div>\n<div>Dispositif m\u00e9dical<\/div>\n<div>\u00a0<\/div>\n<div>La toux Tussiflux de Pharmalife Research est un dispositif m\u00e9dical \u00e0 base de propolis, de tilleul, de myrrhe et d'alo\u00e8s capable de former un film protecteur \u00e0 effet barri\u00e8re indiqu\u00e9 pour le traitement de la toux s\u00e8che, contre l'irritation de la muqueuse et de la toux grasse. et fluidification du mucus et apport d'un soulagement imm\u00e9diat et durable.<\/p>\n<p>Tussiflux toux en comprim\u00e9s \u00e0 dissoudre lentement dans la bouche, gr\u00e2ce \u00e0 sa formulation particuli\u00e8re \u00e0 base d'ingr\u00e9dients riches en polysaccharides, mucilage, r\u00e9sines et gommes, est capable de cr\u00e9er un film mucus adh\u00e9sif qui effectue des activit\u00e9s multiples:<\/p><\/div>\n<div>\u00a0<\/div>\n<div>\n<ul>\n<li>limite le contact avec les agents externes irritants en r\u00e9duisant la stimulation des r\u00e9cepteurs de la toux;<\/li>\n<li>favorise l'hydratation du mucus et favorise son \u00e9limination;<\/li>\n<li>apaise les irritations;<\/li>\n<li>favorise la restauration de la fonctionnalit\u00e9 des voies respiratoires;<\/li>\n<li>effectue une activit\u00e9 balsamique.<\/li>\n<\/ul>\n<p>Tussiflux toux contient \u00e9galement des extraits secs d'eucalyptus et de sauge aux propri\u00e9t\u00e9s \u00e9mollientes et apaisantes, en plus de l'ac\u00e9rola, une source naturelle de vitamine C aux propri\u00e9t\u00e9s antioxydantes connues. La saveur de citron et d'orange donne au produit un go\u00fbt agr\u00e9able.<\/div>\n<div>\u00a0<\/div>\n<div>COMMENT UTILISER: prendre 4 comprim\u00e9s par jour au besoin, \u00e0 dissoudre lentement dans la bouche.<\/div>\n<div>CONTENU NET: 30 g<\/p>\n<\/div>\n<div>STOCKAGE: conserver dans un endroit frais et sec.<\/div>\n<div>\u00a0<\/div>\n<div>INGR\u00c9DIENTS: isomalt E953, extrait sec de fruits d'ac\u00e9rola (<em>Malpighia glabra<\/em>, maltodextrine) titr\u00e9 \u00e0 25% en vitamine C naturelle, extrait sec de feuilles de sauge (<em>Salvia officinalis<\/em>, maltodextrine), extrait sec de fleurs de lime (<em>Tilia platyphyllos<\/em>\u00a0ou\u00a0<em>Tilia cordata<\/em>, maltodextrine), gamma-cyclodextrine, extrait sec de r\u00e9sine de myrrhe (<em>Commiphora myrrha<\/em>, gomme arabique), extrait sec de gel d'alo\u00e8s (<em>Aloe barbadensis<\/em>, maltodextrine) concentr\u00e9 200:1, extrait sec de fleurs de sureau (<em>Sambucus nigra<\/em>, maltodextrine), huile essentielle de eucalyptus, feuilles (<em>Eucalyptus globulus<\/em>, maltodextrine), extrait sec de propolis (propolis), E470b, dioxyde de silicium E551, \u00e9dulcorant: sucralose E955.<\/p>\n<p>Contient des \u00e9dulcorants.<br \/>Sans gluten.<\/div>","protected":false},"excerpt":{"rendered":"<p class=\"productabstract\">Pharmalife Tussiflux Toux 30 comprim\u00e9s de 1 gramme. La toux Tussiflux de Pharmalife Research est un dispositif m\u00e9dical \u00e0 base de propolis, de tilleul, de myrrhe et d&rsquo;alo\u00e8s capable de former un film protecteur \u00e0 effet barri\u00e8re indiqu\u00e9 pour le traitement de la toux s\u00e8che, contre l&rsquo;irritation de la muqueuse et de la toux grasse. et fluidification du mucus et apport d&rsquo;un soulagement imm\u00e9diat et durable.<\/p>","protected":false},"featured_media":25380,"template":"","meta":{"arc_restricted_post":false},"product_cat":[49,347],"product_tag":[],"_links":{"self":[{"href":"https:\/\/www.sopha-sahara.com\/en\/wp-json\/wp\/v2\/product\/25015"}],"collection":[{"href":"https:\/\/www.sopha-sahara.com\/en\/wp-json\/wp\/v2\/product"}],"about":[{"href":"https:\/\/www.sopha-sahara.com\/en\/wp-json\/wp\/v2\/types\/product"}],"wp:featuredmedia":[{"embeddable":true,"href":"https:\/\/www.sopha-sahara.com\/en\/wp-json\/wp\/v2\/media\/25380"}],"wp:attachment":[{"href":"https:\/\/www.sopha-sahara.com\/en\/wp-json\/wp\/v2\/media?parent=25015"}],"wp:term":[{"taxonomy":"product_cat","embeddable":true,"href":"https:\/\/www.sopha-sahara.com\/en\/wp-json\/wp\/v2\/product_cat?post=25015"},{"taxonomy":"product_tag","embeddable":true,"href":"https:\/\/www.sopha-sahara.com\/en\/wp-json\/wp\/v2\/product_tag?post=25015"}],"curies":[{"name":"wp","href":"https:\/\/api.w.org\/{rel}","templated":true}]}}