{"id":25014,"date":"2020-12-24T10:17:12","date_gmt":"2020-12-24T09:17:12","guid":{"rendered":"https:\/\/www.interbusinesschamber.com\/produit\/tussiflux-pediatric-200ml\/"},"modified":"2020-12-25T15:53:47","modified_gmt":"2020-12-25T14:53:47","slug":"tussiflux-pediatric-200ml","status":"publish","type":"product","link":"https:\/\/www.sopha-sahara.com\/en\/product\/tussiflux-pediatric-200ml\/","title":{"rendered":"Tussiflux Pediatric 200ml"},"content":{"rendered":"<div><strong>PHARMALIFE TISSIFLUX P\u00c9DIATRIQUE<\/strong><\/div>\n<div>Dispositif m\u00e9dical<\/div>\n<div>Tussiflux Pediatric de Pharmalife Research est un dispositif m\u00e9dical indiqu\u00e9 dans le traitement de la toux s\u00e8che et productive.<br \/>Tombiflux Pedriatric, gr\u00e2ce \u00e0 sa formulation sp\u00e9cifique \u00e0 base d'ingr\u00e9dients v\u00e9g\u00e9taux tels que la propolis, la mauve, la plantain et le lichen islandais, riche en mucilage, gommes et r\u00e9sines, cr\u00e9e un film protecteur \u00e0 \u00abeffet barri\u00e8re\u00bb, triple activit\u00e9:<\/div>\n<div>\u00a0<\/div>\n<div>\n<ul>\n<li>adh\u00e8re aux membranes muqueuses des premi\u00e8res voies a\u00e9riennes, limitant le contact avec les agents irritants externes, r\u00e9duisant la stimulation des r\u00e9cepteurs de la toux;<\/li>\n<\/ul>\n<\/div>\n<div>\n<ul>\n<li>favorise la restauration de la fonctionnalit\u00e9 des voies respiratoires;<\/li>\n<li>soulage les \u00e9tats irritatifs, favorise la fluidisation du mucus, facilitant ainsi son \u00e9limination physiologique.<\/li>\n<\/ul>\n<p>Tombiflux Pedriatric contient \u00e9galement du millefiori de miel, aux propri\u00e9t\u00e9s \u00e9mollientes et apaisantes qui soulage l'irritation des voies respiratoires sup\u00e9rieures et donne au produit un go\u00fbt particuli\u00e8rement appr\u00e9ci\u00e9 des enfants.<\/div>\n<div>COMMENT UTILISER:<\/div>\n<div>De 1 \u00e0 3 ans: 5 ml jusqu'\u00e0 2-3 fois par jour, loin des repas.<br \/>De 3 \u00e0 6 ans: 10 ml jusqu'\u00e0 2-3 fois par jour, \u00e0 l'\u00e9cart des repas.<br \/>De 6 \u00e0 12 ans: 10 ml jusqu'\u00e0 3-4 fois par jour, \u00e0 l'\u00e9cart des repas.<br \/>Plus de 12 ans: 15 ml jusqu'\u00e0 2-3 fois par jour, loin des repas.<\/p>\n<p>CONTENU NET: 200ml<\/p>\n<\/div>\n<div>STOCKAGE: garder dans un endroit frais et sec.<\/div>\n<div>\u00a0<\/div>\n<div>INGR\u00c9DIENTS: Eau d\u00e9min\u00e9ralis\u00e9e, fructose, miel millefiori, extrait hydroglyc\u00e9rique de thalle lichen islandais (Cetraria islandica), extrait hydroglyc\u00e9rique de feuilles de plantain (Plantago major), extrait de propyl\u00e8ne glyc\u00e9rique (Propolis), acidifiant: acide citrique E330; ar\u00f4me, extrait sec de feuilles de mauve (Malva sylvestris, maltodextrine), conservateur: sorbate de potassium E202; huile essentielle de Feuilles de pin (Pinus sylvestris), gomme de xanthane, extrait sec de Propolis (propolis, maltodextrine), Sambuco fruit s\u00e9ch\u00e9 par pulv\u00e9risation (Sambucus nigra, maltodextrine).<\/div>","protected":false},"excerpt":{"rendered":"<p class=\"productabstract\">Pharmalife Tussiflux Pediatric 200ml. Tussiflux Pediatric de Pharmalife Research est un dispositif m\u00e9dical indiqu\u00e9 dans le traitement de la toux s\u00e8che et productive.<\/p>","protected":false},"featured_media":25379,"template":"","meta":{"arc_restricted_post":false},"product_cat":[49,347],"product_tag":[],"_links":{"self":[{"href":"https:\/\/www.sopha-sahara.com\/en\/wp-json\/wp\/v2\/product\/25014"}],"collection":[{"href":"https:\/\/www.sopha-sahara.com\/en\/wp-json\/wp\/v2\/product"}],"about":[{"href":"https:\/\/www.sopha-sahara.com\/en\/wp-json\/wp\/v2\/types\/product"}],"wp:featuredmedia":[{"embeddable":true,"href":"https:\/\/www.sopha-sahara.com\/en\/wp-json\/wp\/v2\/media\/25379"}],"wp:attachment":[{"href":"https:\/\/www.sopha-sahara.com\/en\/wp-json\/wp\/v2\/media?parent=25014"}],"wp:term":[{"taxonomy":"product_cat","embeddable":true,"href":"https:\/\/www.sopha-sahara.com\/en\/wp-json\/wp\/v2\/product_cat?post=25014"},{"taxonomy":"product_tag","embeddable":true,"href":"https:\/\/www.sopha-sahara.com\/en\/wp-json\/wp\/v2\/product_tag?post=25014"}],"curies":[{"name":"wp","href":"https:\/\/api.w.org\/{rel}","templated":true}]}}