{"id":25013,"date":"2020-12-24T10:17:12","date_gmt":"2020-12-24T09:17:12","guid":{"rendered":"https:\/\/www.interbusinesschamber.com\/produit\/tussiflux-adultes-200ml\/"},"modified":"2020-12-25T15:52:23","modified_gmt":"2020-12-25T14:52:23","slug":"tussiflux-adultes-200ml","status":"publish","type":"product","link":"https:\/\/www.sopha-sahara.com\/en\/product\/tussiflux-adultes-200ml\/","title":{"rendered":"Tussiflux Adultes 200ml"},"content":{"rendered":"<div><strong>PHARMALIFE TISSIFLUX ADULTES<\/strong><\/div>\n<div>Dispositif m\u00e9dical<\/div>\n<div>\u00a0<\/div>\n<div>Tussiflux adultes suspension buvable de Pharmalife Research, est un dispositif m\u00e9dical indiqu\u00e9 dans le traitement de la toux s\u00e8che et productive.<\/p>\n<p>Tussiflux adultes, gr\u00e2ce \u00e0 sa formulation sp\u00e9cifique \u00e0 base d'ingr\u00e9dients v\u00e9g\u00e9taux tels que le plantain, le lichen islandais, Grindelia et Helichrysum riches en mucilage, gommes et r\u00e9sines, cr\u00e9e un film protecteur \u00e0 \u00abeffet barri\u00e8re\u00bb qui exerce une triple activit\u00e9:<\/p><\/div>\n<div>\u00a0<\/div>\n<div>\n<ul>\n<li>adh\u00e8re aux membranes muqueuses des premi\u00e8res voies a\u00e9riennes, limitant le contact avec les agents irritants externes, r\u00e9duisant la stimulation des r\u00e9cepteurs de la toux;<\/li>\n<li>calmer la toux en prot\u00e9geant les voies respiratoires;<\/li>\n<li>favorise la restauration de la fonctionnalit\u00e9 des voies respiratoires;<\/li>\n<li>soulage les \u00e9tats irritatifs, favorise la fluidisation du mucus, facilitant ainsi son \u00e9limination physiologique.<\/li>\n<\/ul>\n<p>Tussiflux adultes contient \u00e9galement du miel et des huiles essentielles de pin, de thym et d'eucalyptus avec des propri\u00e9t\u00e9s \u00e9mollientes et apaisantes qui soulagent les \u00e9tats irritants des voies respiratoires sup\u00e9rieures et donnent au produit un go\u00fbt agr\u00e9able.<\/div>\n<div>COMMENT UTILISER: nous recommandons de prendre une cuill\u00e8re (15ml) 2-3 fois pendant la journ\u00e9e.<\/div>\n<div>Les adultes Tussiflux peuvent \u00eatre pris tels quels ou dilu\u00e9s dans une petite quantit\u00e9 de liquides ti\u00e8des (eau, lait, th\u00e9 ou infusions ...).<\/p>\n<p>CONTENU NET: 200ml<\/p>\n<\/div>\n<div>STOCKAGE: garder dans un endroit frais et sec.<\/div>\n<div>\u00a0<\/div>\n<div>INGR\u00c9DIENTS: eau d\u00e9min\u00e9ralis\u00e9e, fructose, miel millefiori, jus d'orange, extrait de Grindelia hydro-g\u00e9ant (Grindelia robusta), extrait hydroglyc\u00e9rique de fleurs d'Elicriso (Helychrysum italicum), extrait de propolis glyc\u00e9rique (Propolis), extrait sec de propolis (propolis, maltodextrine), xanthane gomme, extrait sec de feuilles de mauve (Malva sylvestris, maltodextrine), extrait hydroglyc\u00e9rique de thalle de lichen islandais (Cetraria islandica), extrait hydroglyc\u00e9rique de feuilles de plantain (Plantago major), conservateur: sorbate de potassium E202; acidifiant: acide citrique E330; huile essentielle de thym (Thymus vulgaris), huile essentielle de feuilles de pin (Pinus sylvestris), huile essentielle de feuilles d'Eucalyptus (Eucalyptus globulus).<\/div>","protected":false},"excerpt":{"rendered":"<p>Pharmalife Tussiflux Adultes 200ml. Tussiflux adultes suspension buvable de Pharmalife Research, est un dispositif m\u00e9dical indiqu\u00e9 dans le traitement de la toux s\u00e8che et productive.<\/p>","protected":false},"featured_media":25377,"template":"","meta":{"arc_restricted_post":false},"product_cat":[49,347],"product_tag":[],"_links":{"self":[{"href":"https:\/\/www.sopha-sahara.com\/en\/wp-json\/wp\/v2\/product\/25013"}],"collection":[{"href":"https:\/\/www.sopha-sahara.com\/en\/wp-json\/wp\/v2\/product"}],"about":[{"href":"https:\/\/www.sopha-sahara.com\/en\/wp-json\/wp\/v2\/types\/product"}],"wp:featuredmedia":[{"embeddable":true,"href":"https:\/\/www.sopha-sahara.com\/en\/wp-json\/wp\/v2\/media\/25377"}],"wp:attachment":[{"href":"https:\/\/www.sopha-sahara.com\/en\/wp-json\/wp\/v2\/media?parent=25013"}],"wp:term":[{"taxonomy":"product_cat","embeddable":true,"href":"https:\/\/www.sopha-sahara.com\/en\/wp-json\/wp\/v2\/product_cat?post=25013"},{"taxonomy":"product_tag","embeddable":true,"href":"https:\/\/www.sopha-sahara.com\/en\/wp-json\/wp\/v2\/product_tag?post=25013"}],"curies":[{"name":"wp","href":"https:\/\/api.w.org\/{rel}","templated":true}]}}