{"id":25012,"date":"2020-12-24T10:17:12","date_gmt":"2020-12-24T09:17:12","guid":{"rendered":"https:\/\/www.interbusinesschamber.com\/produit\/tussiflux-voix-30-comprimes-de-500mg\/"},"modified":"2020-12-25T15:56:09","modified_gmt":"2020-12-25T14:56:09","slug":"tussiflux-voix-30-comprimes-de-500mg","status":"publish","type":"product","link":"https:\/\/www.sopha-sahara.com\/en\/product\/tussiflux-voix-30-comprimes-de-500mg\/","title":{"rendered":"Tussiflux Voix 30 comprim\u00e9s de 500mg"},"content":{"rendered":"<div><strong>PHARMALIFE TUSSIFLUX ADULTES<\/strong><\/div>\n<div>Dispositif m\u00e9dical<\/div>\n<div>\u00a0<\/div>\n<div>Tussiflux Voice de Pharmalife Research est un dispositif m\u00e9dical \u00e0 action \u00e9molliente et apaisante \u00e0 base d'ingr\u00e9dients v\u00e9g\u00e9taux tels que le lichen islandais, riche en polysaccharides et Erysimos, qui soulagent l'irritation de la gorge, r\u00e9duisent l'enrouement et redonnent le tonus normal de la voix.<br \/>Tussiflux Voce, gr\u00e2ce \u00e0 sa formulation particuli\u00e8re, soulage les sympt\u00f4mes d'enrouement, soulage les sympt\u00f4mes de maux de gorge tels que s\u00e9cheresse, difficult\u00e9 \u00e0 avaler, picotements, r\u00e9duit les irritations et favorise l'hydratation de la muqueuse buccale et pharyng\u00e9e.<br \/>Tussiflux Voce, dans des pastilles pratiques \u00e0 fondre en bouche, avec son agr\u00e9able parfum de citron et de menthe, et gr\u00e2ce \u00e0 la combinaison de ses ingr\u00e9dients, agit rapidement en calmant l'irritation et en am\u00e9liorant \u00e9galement le r\u00e9glage de la voix.<\/div>\n<div>\u00a0<\/div>\n<div>COMMENT UTILISER: Nous recommandons de prendre 4 \u00e0 6 comprim\u00e9s par jour selon les besoins, en les dissolvant lentement dans la bouche.<\/div>\n<div>CONTENU NET: 30 ml<\/p>\n<\/div>\n<div>STOCKAGE: garder dans un endroit frais et sec.<\/div>\n<div>\u00a0<\/div>\n<div>INGREDIENTS: Isomalt E953, extrait sec de thalle islandais de lichen (Cetraria islandica), extrait sec d'Erisimo, sommet d'orite (Sisymbrium officinale, maltodextrine), extrait sec de feuilles d'eucalyptus (Eucalyptus globlus, maltodextrine), cyclodextrine, ar\u00f4me, st\u00e9arate de magn\u00e9sium E470b, dioxyde de silicium E551, \u00e9dulcorant: sucralose E955. CONTIENT EDULCORANTI<\/div>","protected":false},"excerpt":{"rendered":"<p>Pharmalife Tussiflux Voix 30 comprim\u00e9s de 500mg. Tussiflux Voice de Pharmalife Research est un dispositif m\u00e9dical \u00e0 action \u00e9molliente et apaisante \u00e0 base d&rsquo;ingr\u00e9dients v\u00e9g\u00e9taux tels que le lichen islandais, riche en polysaccharides et Erysimos, qui soulagent l&rsquo;irritation de la gorge, r\u00e9duisent l&rsquo;enrouement et redonnent le tonus normal de la voix.<\/p>","protected":false},"featured_media":25382,"template":"","meta":{"arc_restricted_post":false},"product_cat":[49,347],"product_tag":[],"_links":{"self":[{"href":"https:\/\/www.sopha-sahara.com\/en\/wp-json\/wp\/v2\/product\/25012"}],"collection":[{"href":"https:\/\/www.sopha-sahara.com\/en\/wp-json\/wp\/v2\/product"}],"about":[{"href":"https:\/\/www.sopha-sahara.com\/en\/wp-json\/wp\/v2\/types\/product"}],"wp:featuredmedia":[{"embeddable":true,"href":"https:\/\/www.sopha-sahara.com\/en\/wp-json\/wp\/v2\/media\/25382"}],"wp:attachment":[{"href":"https:\/\/www.sopha-sahara.com\/en\/wp-json\/wp\/v2\/media?parent=25012"}],"wp:term":[{"taxonomy":"product_cat","embeddable":true,"href":"https:\/\/www.sopha-sahara.com\/en\/wp-json\/wp\/v2\/product_cat?post=25012"},{"taxonomy":"product_tag","embeddable":true,"href":"https:\/\/www.sopha-sahara.com\/en\/wp-json\/wp\/v2\/product_tag?post=25012"}],"curies":[{"name":"wp","href":"https:\/\/api.w.org\/{rel}","templated":true}]}}