{"id":25011,"date":"2020-12-24T10:17:12","date_gmt":"2020-12-24T09:17:12","guid":{"rendered":"https:\/\/www.interbusinesschamber.com\/produit\/phytodol-trauma-100ml\/"},"modified":"2020-12-25T15:26:59","modified_gmt":"2020-12-25T14:26:59","slug":"phytodol-trauma-100ml","status":"publish","type":"product","link":"https:\/\/www.sopha-sahara.com\/en\/product\/phytodol-trauma-100ml\/","title":{"rendered":"Phytodol &#8211; Trauma 100ml"},"content":{"rendered":"<div><strong>PHARMALIFE Phytodol Trauma Effet froid<\/strong><\/div>\n<div>Dispositif m\u00e9dical<\/div>\n<div>\u00a0<\/div>\n<div>Phytodol\u00ae Trauma est un dispositif m\u00e9dical \u00e0 usage topique constitu\u00e9 d'une formulation sp\u00e9cifique \u00e0 base de glucosamine, sulfate de chondro\u00eftine et acide hyaluronique, indiqu\u00e9 pour le traitement de l'oed\u00e8me localis\u00e9, pour favoriser la r\u00e9cup\u00e9ration et r\u00e9duire le gonflement en cas de traumatisme (chutes, chocs), contusions et des contusions d'origine sportive ou de la vie quotidienne.<\/div>\n<div>COMMENT UTILISER: Il est recommand\u00e9 d'appliquer 2 fois par jour sur les parties affect\u00e9es et masser lentement avec des mouvements circulaires jusqu'\u00e0 absorption compl\u00e8te. Apr\u00e8s avoir utilis\u00e9 le produit, lavez-vous bien les mains pour \u00e9viter tout contact avec les yeux et les muqueuses. Fermez bien le r\u00e9cipient apr\u00e8s chaque application.<\/div>\n<div>CONTENU NET: 100 ml<\/p>\n<\/div>\n<div>STOCKAGE: garder dans un endroit frais et sec.<\/div>\n<div>\u00a0<\/div>\n<div>INGR\u00c9DIENTS: Eau, glyc\u00e9rine, isononanoate d'isononyle, ol\u00e9ate de c\u00e9t\u00e9aryle, st\u00e9arate de polyglyc\u00e9ryl-3, \u00e9thylhexanoate d'\u00e9ther benzylique de Ppg-3, triglyc\u00e9rides C10-18, huile de germe de Zea Mays, huile de graines d'Helianthus annuus, cocoate d'isoamyle, Laurate d'isoamyle, trid\u00e9cane, und\u00e9cane, ph\u00e9noxy\u00e9thanol , Alcool d\u00e9natur\u00e9. Ac\u00e9tate de tocope\u00e9ryle, extrait de feuille d'Aloe Barbadensis, Ppg-25-Laureth-25, huile de ricin hydrog\u00e9n\u00e9e Peg-40, acide benzo\u00efque, menthol, gomme xanthane, diac\u00e9tate de glutamate t\u00e9trasodique, acide d\u00e9hydroac\u00e9tique, palmitate d'ascorbyle, tocoph\u00e9rol, l\u00e9cithine, limon\u00e8ne, \u00e9thylhexylglyc\u00e9rine.<\/div>","protected":false},"excerpt":{"rendered":"<p>Pharmalife Phytodol &#8211; Trauma 100ml. Phytodol\u00ae Trauma est un dispositif m\u00e9dical \u00e0 usage topique constitu\u00e9 d&rsquo;une formulation sp\u00e9cifique \u00e0 base de glucosamine, sulfate de chondro\u00eftine et acide hyaluronique, indiqu\u00e9 pour le traitement de l&rsquo;oed\u00e8me localis\u00e9, pour favoriser la r\u00e9cup\u00e9ration et r\u00e9duire le gonflement en cas de traumatisme (chutes, chocs), contusions et des contusions d&rsquo;origine sportive ou de la vie quotidienne.<\/p>","protected":false},"featured_media":25349,"template":"","meta":{"arc_restricted_post":false},"product_cat":[49,347],"product_tag":[],"_links":{"self":[{"href":"https:\/\/www.sopha-sahara.com\/en\/wp-json\/wp\/v2\/product\/25011"}],"collection":[{"href":"https:\/\/www.sopha-sahara.com\/en\/wp-json\/wp\/v2\/product"}],"about":[{"href":"https:\/\/www.sopha-sahara.com\/en\/wp-json\/wp\/v2\/types\/product"}],"wp:featuredmedia":[{"embeddable":true,"href":"https:\/\/www.sopha-sahara.com\/en\/wp-json\/wp\/v2\/media\/25349"}],"wp:attachment":[{"href":"https:\/\/www.sopha-sahara.com\/en\/wp-json\/wp\/v2\/media?parent=25011"}],"wp:term":[{"taxonomy":"product_cat","embeddable":true,"href":"https:\/\/www.sopha-sahara.com\/en\/wp-json\/wp\/v2\/product_cat?post=25011"},{"taxonomy":"product_tag","embeddable":true,"href":"https:\/\/www.sopha-sahara.com\/en\/wp-json\/wp\/v2\/product_tag?post=25011"}],"curies":[{"name":"wp","href":"https:\/\/api.w.org\/{rel}","templated":true}]}}