{"id":25010,"date":"2020-12-24T10:17:11","date_gmt":"2020-12-24T09:17:11","guid":{"rendered":"https:\/\/www.interbusinesschamber.com\/produit\/aspersina-shampoo-volume-et-force-200ml\/"},"modified":"2020-12-25T12:14:24","modified_gmt":"2020-12-25T11:14:24","slug":"aspersina-shampoo-volume-et-force-200ml","status":"publish","type":"product","link":"https:\/\/www.sopha-sahara.com\/en\/product\/aspersina-shampoo-volume-et-force-200ml\/","title":{"rendered":"Aspersina &#8211; Shampoo Volume et Force 200ml"},"content":{"rendered":"<div><strong>PHARMALIFE TUSSIFLUX ADULTES<\/strong><\/div>\n<div>ASPERSINA Volume et Force Shampooing<\/div>\n<div>\u00a0<\/div>\n<div>ASPERSINA Volume &amp; Strength Shampoo id\u00e9al pour les cheveux fins, cassants et sans poils.<\/p>\n<p>ASPERSINA SHAMPOOING VOLUME &amp; FORZA, gr\u00e2ce \u00e0 sa formulation sp\u00e9cifique, sans SLES ni agents moussants agressifs, elle est adapt\u00e9e et bien tol\u00e9r\u00e9e m\u00eame par les peaux les plus d\u00e9licates et les plus exigeantes.<\/p>\n<p>Ce shampooing laisse les cheveux propres, doux et brillants, visiblement plus volumineux et renforc\u00e9s d\u00e8s la premi\u00e8re utilisation.<\/p>\n<p>ASPERSINA SHAMPOO VOLUME &amp; FORZA contient:<\/p>\n<p>\u2022 Slime Slime<br \/>\u2022 Aloe vera<br \/>\u2022 K\u00e9ratine<br \/>\u2022 Extrait de pr\u00eale<br \/>\u2022 Th\u00e9 en bambou<br \/>\u2022 Algue Clorella<br \/>\u2022 Acide hyaluronique<br \/>\u2022 Acide salicylique<\/div>\n<div>COMMENT UTILISER: Appliquer une petite quantit\u00e9 de produit sur les cheveux mouill\u00e9s, masser et laisser agir quelques instants pour favoriser l'action des substances actives; enfin rincer abondamment \u00e0 l'eau ti\u00e8de. R\u00e9p\u00e9tez l'op\u00e9ration si n\u00e9cessaire.<\/div>\n<div>CONTENU NET: 200 ml<\/p>\n<\/div>\n<div>STOCKAGE: garder dans un endroit frais et sec.<\/div>\n<div>\u00a0<\/div>\n<div>INGREDIENTS: aqua, laureth sulfate d'ammonium, myristoyl glutamate de sodium, glyc\u00e9rine, cocamidopropyl b\u00e9taine, chlorure de sodium, copolym\u00e8re d'acrylates, filtrat de s\u00e9cr\u00e9tion d'escargot, jus de feuille d'aloe barbadensis, parfum, ph\u00e9noxy\u00e9thanol, hydroxypropyltrimonium amidon de ma\u00efs hydrolys\u00e9, laurylglucosides de sodium hydroxypropylsulfonate, acide benzo\u00efque, k\u00e9ratine hydrolys\u00e9e , k\u00e9ratine, polyquaternium-10, extrait d'equisetum arvense, extrait de feuille de phyllostachis bambusoides, acide salicylique, diac\u00e9tate de glutamate t\u00e9trasodique, acide d\u00e9hydroac\u00e9tique, \u00e9thylhexylglyc\u00e9rine, crosspolym\u00e8re de hyaluronate de sodium, pentyl\u00e8neglycol, sorbate de potassium, benzoate de sodium, poudre de chlorella vulgaris, acide citrique.<\/div>","protected":false},"excerpt":{"rendered":"<p>Pharmalife Rinfoltil &#8211; Shampoo Remineralizzante Capelli Deboli 200ml. ASPERSINA Volume &amp; Strength Shampoo id\u00e9al pour les cheveux fins, cassants et sans poils.<\/p>","protected":false},"featured_media":25218,"template":"","meta":{"arc_restricted_post":false},"product_cat":[49,347],"product_tag":[],"_links":{"self":[{"href":"https:\/\/www.sopha-sahara.com\/en\/wp-json\/wp\/v2\/product\/25010"}],"collection":[{"href":"https:\/\/www.sopha-sahara.com\/en\/wp-json\/wp\/v2\/product"}],"about":[{"href":"https:\/\/www.sopha-sahara.com\/en\/wp-json\/wp\/v2\/types\/product"}],"wp:featuredmedia":[{"embeddable":true,"href":"https:\/\/www.sopha-sahara.com\/en\/wp-json\/wp\/v2\/media\/25218"}],"wp:attachment":[{"href":"https:\/\/www.sopha-sahara.com\/en\/wp-json\/wp\/v2\/media?parent=25010"}],"wp:term":[{"taxonomy":"product_cat","embeddable":true,"href":"https:\/\/www.sopha-sahara.com\/en\/wp-json\/wp\/v2\/product_cat?post=25010"},{"taxonomy":"product_tag","embeddable":true,"href":"https:\/\/www.sopha-sahara.com\/en\/wp-json\/wp\/v2\/product_tag?post=25010"}],"curies":[{"name":"wp","href":"https:\/\/api.w.org\/{rel}","templated":true}]}}