{"id":25009,"date":"2020-12-24T10:17:09","date_gmt":"2020-12-24T09:17:09","guid":{"rendered":"https:\/\/www.interbusinesschamber.com\/produit\/aspersina-shampoo-sebum-antipelliculaire-200ml\/"},"modified":"2020-12-25T12:13:41","modified_gmt":"2020-12-25T11:13:41","slug":"aspersina-shampoo-sebum-antipelliculaire-200ml","status":"publish","type":"product","link":"https:\/\/www.sopha-sahara.com\/en\/product\/aspersina-shampoo-sebum-antipelliculaire-200ml\/","title":{"rendered":"Aspersina &#8211; Shampoo S\u00e9bum Antipelliculaire 200ml"},"content":{"rendered":"<div><strong>PHARMALIFE TUSSIFLUX ADULTES<\/strong><\/div>\n<div>Dispositif m\u00e9dical<\/div>\n<div>\u00a0<\/div>\n<div>ASPERSINA Sebum &amp; Dandruff Shampoo est id\u00e9al pour les cheveux gras, sensibles et probl\u00e9matiques.<\/p>\n<p>ASPERSINA SHAMPOO SEBO &amp; FORFORA, gr\u00e2ce \u00e0 sa formulation sp\u00e9cifique, exempte de SLES et d'agents moussants agressifs, est bien tol\u00e9r\u00e9e m\u00eame par la peau la plus d\u00e9licate et convient \u00e0 tous les types de cheveux. La synergie d'action des actifs purifiants, am\u00e9liore l'\u00e9tat du cuir chevelu et procure une sensation imm\u00e9diate de relief et de fra\u00eecheur.<\/p>\n<p>ASPERSINA SHAMPOO SEBO &amp; FORFORA contient:<\/p><\/div>\n<div>\u00a0<\/div>\n<div>\n<ul>\n<li>Slime Slime<\/li>\n<li>Acide salicylique<\/li>\n<li>\u03b1-Hydroxy acides (provenant des fruits)<\/li>\n<li>Argile coralline<\/li>\n<li>Huile essentielle de Litsea cubeba<\/li>\n<li>Huile essentielle de menthe poivr\u00e9e<\/li>\n<li>Huile essentielle de romarin<\/li>\n<li>Zantal\u00e8ne<\/li>\n<li>piroctone olamine<\/li>\n<\/ul>\n<\/div>\n<div>COMMENT UTILISER: appliquer une petite quantit\u00e9 de produit sur les cheveux mouill\u00e9s, masser et laisser agir quelques instants pour favoriser l'action des substances actives; enfin rincer abondamment \u00e0 l'eau ti\u00e8de. R\u00e9p\u00e9tez l'op\u00e9ration si n\u00e9cessaire.<\/div>\n<div>CONTENU NET: 200 ml<\/p>\n<\/div>\n<div>STOCKAGE: garder dans un endroit frais et sec.<\/div>\n<div>\u00a0<\/div>\n<div>INGREDIENTS: aqua, glyc\u00e9rine, laureth sulfate d'ammonium, myristoyl glutamate de sodium, cocamidopropyl b\u00e9ta\u00efne, chlorure de sodium, m\u00e9thylpropanediol, copolym\u00e8re d'acrylates, piroctone olamine, filtrat de s\u00e9cr\u00e9tion d'escargot, ph\u00e9noxy\u00e9thanol, hydroxypropyltrimonium amidon de ma\u00efs hydrolys\u00e9, laurylglucosides de sodium hydroxypropylsulfonate, caprylyl glycol, acide benzo\u00efque, polyquaternium -10, huile de mentha piperita, lactate de menthyle, huile de feuille de rosmarinus officinalis, illite, ph\u00e9nylpropanol, ppg-25-laureth-25, acide salicylique, lactate de sodium, acide d\u00e9hydroac\u00e9tique, citral, alcool ol\u00e9ylique, huile de ricin hydrog\u00e9n\u00e9e peg-40, acide glycolique , saccharose, ur\u00e9e, extrait de fruit de zanthoxylum bungeanum, limon\u00e8ne, citrate de sodium, \u00e9thylhexylglyc\u00e9rine, acide malique, acide tartrique, huile de fruit de litsea cubeba, sorbate de potassium, benzoate de sodium.<\/div>","protected":false},"excerpt":{"rendered":"<p>Pharmalife Aspersina &#8211; Shampoo S\u00e9bum Antipelliculaire 200ml.ASPERSINA Sebum &amp; Dandruff Shampoo est id\u00e9al pour les cheveux gras, sensibles et probl\u00e9matiques.<\/p>","protected":false},"featured_media":25217,"template":"","meta":{"arc_restricted_post":false},"product_cat":[49,347],"product_tag":[],"_links":{"self":[{"href":"https:\/\/www.sopha-sahara.com\/en\/wp-json\/wp\/v2\/product\/25009"}],"collection":[{"href":"https:\/\/www.sopha-sahara.com\/en\/wp-json\/wp\/v2\/product"}],"about":[{"href":"https:\/\/www.sopha-sahara.com\/en\/wp-json\/wp\/v2\/types\/product"}],"wp:featuredmedia":[{"embeddable":true,"href":"https:\/\/www.sopha-sahara.com\/en\/wp-json\/wp\/v2\/media\/25217"}],"wp:attachment":[{"href":"https:\/\/www.sopha-sahara.com\/en\/wp-json\/wp\/v2\/media?parent=25009"}],"wp:term":[{"taxonomy":"product_cat","embeddable":true,"href":"https:\/\/www.sopha-sahara.com\/en\/wp-json\/wp\/v2\/product_cat?post=25009"},{"taxonomy":"product_tag","embeddable":true,"href":"https:\/\/www.sopha-sahara.com\/en\/wp-json\/wp\/v2\/product_tag?post=25009"}],"curies":[{"name":"wp","href":"https:\/\/api.w.org\/{rel}","templated":true}]}}