{"id":25008,"date":"2020-12-24T10:17:09","date_gmt":"2020-12-24T09:17:09","guid":{"rendered":"https:\/\/www.interbusinesschamber.com\/produit\/aspersina-masque-de-cheveux-100ml\/"},"modified":"2020-12-25T12:00:38","modified_gmt":"2020-12-25T11:00:38","slug":"aspersina-masque-de-cheveux-100ml","status":"publish","type":"product","link":"https:\/\/www.sopha-sahara.com\/en\/product\/aspersina-masque-de-cheveux-100ml\/","title":{"rendered":"Aspersina &#8211; Masque de Cheveux 100ml"},"content":{"rendered":"<div><strong>PHARMALIFE ASPERSINA - MASQUE CAPILLAIRE<\/strong><\/p>\n<p>ASPERSINA MASCHERA HAIR NUTRIENTE est un traitement cosm\u00e9tique id\u00e9al pour les cheveux qui ont besoin d'un apport ad\u00e9quat de nutriments. Les huiles pr\u00e9cieuses contiennent la s\u00e9cheresse des cheveux, donnant douceur et hydratation. Il exerce une action d\u00e9m\u00ealante sans peser les cheveux. D\u00e8s la premi\u00e8re utilisation, les cheveux appara\u00eetront visiblement plus forts, lumineux et vitaux.<\/p>\n<p>ASPERSINA MASCHERA HAIR contient:<\/p><\/div>\n<div>\u2022 Slime Slime<br \/>\u2022 Le beurre de cacao<br \/>\u2022 L'huile de chanvre<br \/>\u2022 Huile d'argan<br \/>\u2022 L'huile de lin<br \/>\u2022 Vitamine E<\/p>\n<p>COMMENT UTILISER: appliquer et masser une petite quantit\u00e9 de produit sur les cheveux mouill\u00e9s, r\u00e9partir uniform\u00e9ment et laisser reposer quelques minutes; enfin rincer abondamment \u00e0 l'eau ti\u00e8de. R\u00e9p\u00e9tez l'op\u00e9ration apr\u00e8s chaque shampooing. Eviter le contact avec les yeux et les muqueuses. En cas de contact avec les yeux, rincer abondamment. Ne pas appliquer sur une peau endommag\u00e9e.<\/p>\n<p>CONTENU NET: 100 ml<\/p>\n<\/div>\n<div>STOCKAGE: garder dans un endroit frais et sec.<\/div>\n<div>\u00a0<\/div>\n<div>Ingr\u00e9dients: AQUA, FILTRE DE SECRETION DES ESCARGOTS, GLYC\u00c9RINE, ALCOOL C\u00c9T\u00c9ARYL, BEURRE DE GRAINES DE CACAO THEOBROMA, CHLORURE DE DISTEAROYLETHYL DIMONIUM, HUILE DE GRAINES DE CANNABIS SATIVA, STEARATE DE GLYCERYLE, STEARATE DE PEG-100, LINUM USITATISSIMUM HUILE DE GRAINES, ARGANIA SPINOSA HUILE DE NOYAU, PH\u00c9NOXY\u00c9THANOL, PARFUM, TOCOPHERYLE ACETATE, ACIDE BENZOIQUE, DIACETATE DE GLUTAMATE DE TETRASODIUM, ACIDE DESHYDROACETIQUE, ETHYLHEXYLGLYCERINE, SORBATE DE POTASSIUM, BENZOATE DE SODIUM.<\/div>","protected":false},"excerpt":{"rendered":"<p>Pharmalife Aspersina &#8211; Masque de Cheveux 100ml. ASPERSINA MASCHERA HAIR NUTRIENTE est un traitement cosm\u00e9tique id\u00e9al pour les cheveux qui ont besoin d&rsquo;un apport ad\u00e9quat de nutriments.<\/p>","protected":false},"featured_media":25210,"template":"","meta":{"arc_restricted_post":false},"product_cat":[49,347],"product_tag":[],"_links":{"self":[{"href":"https:\/\/www.sopha-sahara.com\/en\/wp-json\/wp\/v2\/product\/25008"}],"collection":[{"href":"https:\/\/www.sopha-sahara.com\/en\/wp-json\/wp\/v2\/product"}],"about":[{"href":"https:\/\/www.sopha-sahara.com\/en\/wp-json\/wp\/v2\/types\/product"}],"wp:featuredmedia":[{"embeddable":true,"href":"https:\/\/www.sopha-sahara.com\/en\/wp-json\/wp\/v2\/media\/25210"}],"wp:attachment":[{"href":"https:\/\/www.sopha-sahara.com\/en\/wp-json\/wp\/v2\/media?parent=25008"}],"wp:term":[{"taxonomy":"product_cat","embeddable":true,"href":"https:\/\/www.sopha-sahara.com\/en\/wp-json\/wp\/v2\/product_cat?post=25008"},{"taxonomy":"product_tag","embeddable":true,"href":"https:\/\/www.sopha-sahara.com\/en\/wp-json\/wp\/v2\/product_tag?post=25008"}],"curies":[{"name":"wp","href":"https:\/\/api.w.org\/{rel}","templated":true}]}}